{"id":284,"date":"2017-01-18T11:44:29","date_gmt":"2017-01-18T10:44:29","guid":{"rendered":"http:\/\/www.liassidipalacehotel.com\/de\/?page_id=284"},"modified":"2017-05-10T11:35:30","modified_gmt":"2017-05-10T09:35:30","slug":"willkommen","status":"publish","type":"page","link":"https:\/\/www.liassidipalacehotel.com\/de\/","title":{"rendered":"Willkommen!"},"content":{"rendered":"<p>Luxus, Kunst und Entspannung erwarten Sie in Venedig, in den gro\u00dfen, hellen Zimmern des Liassidi Palace, einem Vier-Sterne-Boutique-Hotel in der Altstadt in einer seltenen ruhigen Gegend nur wenige Schritte von der Piazza San Marco entfernt.<\/p>\n<p>An der Grenze zwischen den Stadtvierteln Castello und San Marco erleben Sie in dem restaurierten gotischen Palazzo \u201aZorzi mit den schiefen S\u00e4ulen\u2018 die romantische Atmosph\u00e4re einer alten venezianischen Residenz mit sehr ger\u00e4umigen Zimmern, in denen sch\u00f6nen Reproduktionen von namhaften Kunstwerken &#8211; in \u00d6l auf Leinwand &#8211; derjenigen Meisterwerke h\u00e4ngen, die die Kunstgeschichte des letzten Jahrhunderts gepr\u00e4gt haben.<\/p>\n<p>Unsere Suiten haben alle einen einzigartigen Charme und bieten einen typisch venezianischen Ausblick auf die charakteristischen Canali und eine atemberaubende Aussicht.<\/p>\n<p>Im Liassidi Palace Hotel ist der unwiderstehliche Zauber Venedigs unver\u00e4ndert geblieben und wartet nur darauf, Sie mit einem traumhaften Urlaub umgeben von Kunst und Musik zu verf\u00fchren.<\/p>\n","protected":false},"excerpt":{"rendered":"<p>Luxus, Kunst und Entspannung erwarten Sie in Venedig, in den gro\u00dfen, hellen Zimmern des Liassidi Palace, einem Vier-Sterne-Boutique-Hotel in der Altstadt in einer seltenen ruhigen Gegend nur wenige Schritte von der Piazza San Marco entfernt. An der Grenze zwischen den Stadtvierteln Castello und San Marco erleben Sie in dem restaurierten gotischen Palazzo \u201aZorzi mit den schiefen S\u00e4ulen\u2018 die romantische Atmosph\u00e4re einer alten venezianischen Residenz mit&#8230;<\/p>\n<p><a class=\"more-link\" href=\"https:\/\/www.liassidipalacehotel.com\/de\/\">Read More<\/a><\/p>\n","protected":false},"author":1,"featured_media":0,"parent":0,"menu_order":0,"comment_status":"closed","ping_status":"closed","template":"home-template.php","meta":{"footnotes":""},"class_list":["post-284","page","type-page","status-publish","hentry"],"yoast_head":"<!-- This site is optimized with the Yoast SEO plugin v25.3.1 - https:\/\/yoast.com\/wordpress\/plugins\/seo\/ -->\n<title>Liassidi Palace Hotel - Venice - Official Website<\/title>\n<meta name=\"description\" content=\"Luxus, Kunst und Entspannung erwarten Sie in Venedig, in den gro\u00dfen, hellen Zimmern des Liassidi Palace, einem Vier-Sterne-Boutique-Hotel in der Altstadt in einer seltenen ruhigen Gegend nur wenige Schritte von der Piazza San Marco entfernt. An der Grenze zwischen den Stadtvierteln Castello und San Marco erleben Sie in dem restaurierten gotischen Palazzo \u201aZorzi mit den schiefen S\u00e4ulen\u2018 die romantische Atmosph\u00e4re einer alten venezianischen Residenz mit sehr ger\u00e4umigen Zimmern, in denen sch\u00f6nen Reproduktionen von namhaften Kunstwerken - in \u00d6l auf Leinwand - derjenigen Meisterwerke h\u00e4ngen, die die Kunstgeschichte des letzten Jahrhunderts gepr\u00e4gt haben. Unsere Suiten haben alle einen einzigartigen Charme und bieten einen typisch venezianischen Ausblick auf die charakteristischen Canali und eine atemberaubende Aussicht. Im Liassidi Palace Hotel ist der unwiderstehliche Zauber Venedigs unver\u00e4ndert geblieben und wartet nur darauf, Sie mit einem traumhaften Urlaub umgeben von Kunst und Musik zu verf\u00fchren.\" \/>\n<meta name=\"robots\" content=\"index, follow, max-snippet:-1, max-image-preview:large, max-video-preview:-1\" \/>\n<link rel=\"canonical\" href=\"https:\/\/www.liassidipalacehotel.com\/de\/\" \/>\n<meta property=\"og:locale\" content=\"de_DE\" \/>\n<meta property=\"og:type\" content=\"article\" \/>\n<meta property=\"og:title\" content=\"Liassidi Palace Hotel - Venice - Official Website\" \/>\n<meta property=\"og:description\" content=\"Luxus, Kunst und Entspannung erwarten Sie in Venedig, in den gro\u00dfen, hellen Zimmern des Liassidi Palace, einem Vier-Sterne-Boutique-Hotel in der Altstadt in einer seltenen ruhigen Gegend nur wenige Schritte von der Piazza San Marco entfernt. An der Grenze zwischen den Stadtvierteln Castello und San Marco erleben Sie in dem restaurierten gotischen Palazzo \u201aZorzi mit den schiefen S\u00e4ulen\u2018 die romantische Atmosph\u00e4re einer alten venezianischen Residenz mit sehr ger\u00e4umigen Zimmern, in denen sch\u00f6nen Reproduktionen von namhaften Kunstwerken - in \u00d6l auf Leinwand - derjenigen Meisterwerke h\u00e4ngen, die die Kunstgeschichte des letzten Jahrhunderts gepr\u00e4gt haben. Unsere Suiten haben alle einen einzigartigen Charme und bieten einen typisch venezianischen Ausblick auf die charakteristischen Canali und eine atemberaubende Aussicht. Im Liassidi Palace Hotel ist der unwiderstehliche Zauber Venedigs unver\u00e4ndert geblieben und wartet nur darauf, Sie mit einem traumhaften Urlaub umgeben von Kunst und Musik zu verf\u00fchren.\" \/>\n<meta property=\"og:url\" content=\"https:\/\/www.liassidipalacehotel.com\/de\/\" \/>\n<meta property=\"og:site_name\" content=\"Liassidi Palace Hotel\" \/>\n<meta property=\"article:publisher\" content=\"https:\/\/www.facebook.com\/Liassidi\/?fref=ts\" \/>\n<meta property=\"article:modified_time\" content=\"2017-05-10T09:35:30+00:00\" \/>\n<meta name=\"twitter:card\" content=\"summary_large_image\" \/>\n<meta name=\"twitter:label1\" content=\"Gesch\u00e4tzte Lesezeit\" \/>\n\t<meta name=\"twitter:data1\" content=\"1\u00a0Minute\" \/>\n<script type=\"application\/ld+json\" class=\"yoast-schema-graph\">{\"@context\":\"https:\/\/schema.org\",\"@graph\":[{\"@type\":\"WebPage\",\"@id\":\"https:\/\/www.liassidipalacehotel.com\/de\/\",\"url\":\"https:\/\/www.liassidipalacehotel.com\/de\/\",\"name\":\"Liassidi Palace Hotel - Venice - Official Website\",\"isPartOf\":{\"@id\":\"https:\/\/www.liassidipalacehotel.com\/en\/#website\"},\"datePublished\":\"2017-01-18T10:44:29+00:00\",\"dateModified\":\"2017-05-10T09:35:30+00:00\",\"description\":\"Luxus, Kunst und Entspannung erwarten Sie in Venedig, in den gro\u00dfen, hellen Zimmern des Liassidi Palace, einem Vier-Sterne-Boutique-Hotel in der Altstadt in einer seltenen ruhigen Gegend nur wenige Schritte von der Piazza San Marco entfernt. An der Grenze zwischen den Stadtvierteln Castello und San Marco erleben Sie in dem restaurierten gotischen Palazzo \u201aZorzi mit den schiefen S\u00e4ulen\u2018 die romantische Atmosph\u00e4re einer alten venezianischen Residenz mit sehr ger\u00e4umigen Zimmern, in denen sch\u00f6nen Reproduktionen von namhaften Kunstwerken - in \u00d6l auf Leinwand - derjenigen Meisterwerke h\u00e4ngen, die die Kunstgeschichte des letzten Jahrhunderts gepr\u00e4gt haben. Unsere Suiten haben alle einen einzigartigen Charme und bieten einen typisch venezianischen Ausblick auf die charakteristischen Canali und eine atemberaubende Aussicht. Im Liassidi Palace Hotel ist der unwiderstehliche Zauber Venedigs unver\u00e4ndert geblieben und wartet nur darauf, Sie mit einem traumhaften Urlaub umgeben von Kunst und Musik zu verf\u00fchren.\",\"breadcrumb\":{\"@id\":\"https:\/\/www.liassidipalacehotel.com\/de\/#breadcrumb\"},\"inLanguage\":\"de\",\"potentialAction\":[{\"@type\":\"ReadAction\",\"target\":[\"https:\/\/www.liassidipalacehotel.com\/de\/\"]}]},{\"@type\":\"BreadcrumbList\",\"@id\":\"https:\/\/www.liassidipalacehotel.com\/de\/#breadcrumb\",\"itemListElement\":[{\"@type\":\"ListItem\",\"position\":1,\"name\":\"Home\",\"item\":\"https:\/\/www.liassidipalacehotel.com\/de\/\"},{\"@type\":\"ListItem\",\"position\":2,\"name\":\"Willkommen!\"}]},{\"@type\":\"WebSite\",\"@id\":\"https:\/\/www.liassidipalacehotel.com\/en\/#website\",\"url\":\"https:\/\/www.liassidipalacehotel.com\/en\/\",\"name\":\"Liassidi Palace Hotel\",\"description\":\"Un nuovo sito targato WordPress\",\"publisher\":{\"@id\":\"https:\/\/www.liassidipalacehotel.com\/en\/#organization\"},\"potentialAction\":[{\"@type\":\"SearchAction\",\"target\":{\"@type\":\"EntryPoint\",\"urlTemplate\":\"https:\/\/www.liassidipalacehotel.com\/en\/?s={search_term_string}\"},\"query-input\":{\"@type\":\"PropertyValueSpecification\",\"valueRequired\":true,\"valueName\":\"search_term_string\"}}],\"inLanguage\":\"de\"},{\"@type\":\"Organization\",\"@id\":\"https:\/\/www.liassidipalacehotel.com\/en\/#organization\",\"name\":\"Liassidi Palace Hotel\",\"url\":\"https:\/\/www.liassidipalacehotel.com\/en\/\",\"logo\":{\"@type\":\"ImageObject\",\"inLanguage\":\"de\",\"@id\":\"https:\/\/www.liassidipalacehotel.com\/en\/#\/schema\/logo\/image\/\",\"url\":\"https:\/\/www.liassidipalacehotel.com\/wp-content\/uploads\/2016\/09\/logo-liassidipalace-1.png\",\"contentUrl\":\"https:\/\/www.liassidipalacehotel.com\/wp-content\/uploads\/2016\/09\/logo-liassidipalace-1.png\",\"width\":200,\"height\":200,\"caption\":\"Liassidi Palace Hotel\"},\"image\":{\"@id\":\"https:\/\/www.liassidipalacehotel.com\/en\/#\/schema\/logo\/image\/\"},\"sameAs\":[\"https:\/\/www.facebook.com\/Liassidi\/?fref=ts\"]}]}<\/script>\n<!-- \/ Yoast SEO plugin. -->","yoast_head_json":{"title":"Liassidi Palace Hotel - Venice - Official Website","description":"Luxus, Kunst und Entspannung erwarten Sie in Venedig, in den gro\u00dfen, hellen Zimmern des Liassidi Palace, einem Vier-Sterne-Boutique-Hotel in der Altstadt in einer seltenen ruhigen Gegend nur wenige Schritte von der Piazza San Marco entfernt. An der Grenze zwischen den Stadtvierteln Castello und San Marco erleben Sie in dem restaurierten gotischen Palazzo \u201aZorzi mit den schiefen S\u00e4ulen\u2018 die romantische Atmosph\u00e4re einer alten venezianischen Residenz mit sehr ger\u00e4umigen Zimmern, in denen sch\u00f6nen Reproduktionen von namhaften Kunstwerken - in \u00d6l auf Leinwand - derjenigen Meisterwerke h\u00e4ngen, die die Kunstgeschichte des letzten Jahrhunderts gepr\u00e4gt haben. Unsere Suiten haben alle einen einzigartigen Charme und bieten einen typisch venezianischen Ausblick auf die charakteristischen Canali und eine atemberaubende Aussicht. Im Liassidi Palace Hotel ist der unwiderstehliche Zauber Venedigs unver\u00e4ndert geblieben und wartet nur darauf, Sie mit einem traumhaften Urlaub umgeben von Kunst und Musik zu verf\u00fchren.","robots":{"index":"index","follow":"follow","max-snippet":"max-snippet:-1","max-image-preview":"max-image-preview:large","max-video-preview":"max-video-preview:-1"},"canonical":"https:\/\/www.liassidipalacehotel.com\/de\/","og_locale":"de_DE","og_type":"article","og_title":"Liassidi Palace Hotel - Venice - Official Website","og_description":"Luxus, Kunst und Entspannung erwarten Sie in Venedig, in den gro\u00dfen, hellen Zimmern des Liassidi Palace, einem Vier-Sterne-Boutique-Hotel in der Altstadt in einer seltenen ruhigen Gegend nur wenige Schritte von der Piazza San Marco entfernt. An der Grenze zwischen den Stadtvierteln Castello und San Marco erleben Sie in dem restaurierten gotischen Palazzo \u201aZorzi mit den schiefen S\u00e4ulen\u2018 die romantische Atmosph\u00e4re einer alten venezianischen Residenz mit sehr ger\u00e4umigen Zimmern, in denen sch\u00f6nen Reproduktionen von namhaften Kunstwerken - in \u00d6l auf Leinwand - derjenigen Meisterwerke h\u00e4ngen, die die Kunstgeschichte des letzten Jahrhunderts gepr\u00e4gt haben. Unsere Suiten haben alle einen einzigartigen Charme und bieten einen typisch venezianischen Ausblick auf die charakteristischen Canali und eine atemberaubende Aussicht. Im Liassidi Palace Hotel ist der unwiderstehliche Zauber Venedigs unver\u00e4ndert geblieben und wartet nur darauf, Sie mit einem traumhaften Urlaub umgeben von Kunst und Musik zu verf\u00fchren.","og_url":"https:\/\/www.liassidipalacehotel.com\/de\/","og_site_name":"Liassidi Palace Hotel","article_publisher":"https:\/\/www.facebook.com\/Liassidi\/?fref=ts","article_modified_time":"2017-05-10T09:35:30+00:00","twitter_card":"summary_large_image","twitter_misc":{"Gesch\u00e4tzte Lesezeit":"1\u00a0Minute"},"schema":{"@context":"https:\/\/schema.org","@graph":[{"@type":"WebPage","@id":"https:\/\/www.liassidipalacehotel.com\/de\/","url":"https:\/\/www.liassidipalacehotel.com\/de\/","name":"Liassidi Palace Hotel - Venice - Official Website","isPartOf":{"@id":"https:\/\/www.liassidipalacehotel.com\/en\/#website"},"datePublished":"2017-01-18T10:44:29+00:00","dateModified":"2017-05-10T09:35:30+00:00","description":"Luxus, Kunst und Entspannung erwarten Sie in Venedig, in den gro\u00dfen, hellen Zimmern des Liassidi Palace, einem Vier-Sterne-Boutique-Hotel in der Altstadt in einer seltenen ruhigen Gegend nur wenige Schritte von der Piazza San Marco entfernt. An der Grenze zwischen den Stadtvierteln Castello und San Marco erleben Sie in dem restaurierten gotischen Palazzo \u201aZorzi mit den schiefen S\u00e4ulen\u2018 die romantische Atmosph\u00e4re einer alten venezianischen Residenz mit sehr ger\u00e4umigen Zimmern, in denen sch\u00f6nen Reproduktionen von namhaften Kunstwerken - in \u00d6l auf Leinwand - derjenigen Meisterwerke h\u00e4ngen, die die Kunstgeschichte des letzten Jahrhunderts gepr\u00e4gt haben. Unsere Suiten haben alle einen einzigartigen Charme und bieten einen typisch venezianischen Ausblick auf die charakteristischen Canali und eine atemberaubende Aussicht. Im Liassidi Palace Hotel ist der unwiderstehliche Zauber Venedigs unver\u00e4ndert geblieben und wartet nur darauf, Sie mit einem traumhaften Urlaub umgeben von Kunst und Musik zu verf\u00fchren.","breadcrumb":{"@id":"https:\/\/www.liassidipalacehotel.com\/de\/#breadcrumb"},"inLanguage":"de","potentialAction":[{"@type":"ReadAction","target":["https:\/\/www.liassidipalacehotel.com\/de\/"]}]},{"@type":"BreadcrumbList","@id":"https:\/\/www.liassidipalacehotel.com\/de\/#breadcrumb","itemListElement":[{"@type":"ListItem","position":1,"name":"Home","item":"https:\/\/www.liassidipalacehotel.com\/de\/"},{"@type":"ListItem","position":2,"name":"Willkommen!"}]},{"@type":"WebSite","@id":"https:\/\/www.liassidipalacehotel.com\/en\/#website","url":"https:\/\/www.liassidipalacehotel.com\/en\/","name":"Liassidi Palace Hotel","description":"Un nuovo sito targato WordPress","publisher":{"@id":"https:\/\/www.liassidipalacehotel.com\/en\/#organization"},"potentialAction":[{"@type":"SearchAction","target":{"@type":"EntryPoint","urlTemplate":"https:\/\/www.liassidipalacehotel.com\/en\/?s={search_term_string}"},"query-input":{"@type":"PropertyValueSpecification","valueRequired":true,"valueName":"search_term_string"}}],"inLanguage":"de"},{"@type":"Organization","@id":"https:\/\/www.liassidipalacehotel.com\/en\/#organization","name":"Liassidi Palace Hotel","url":"https:\/\/www.liassidipalacehotel.com\/en\/","logo":{"@type":"ImageObject","inLanguage":"de","@id":"https:\/\/www.liassidipalacehotel.com\/en\/#\/schema\/logo\/image\/","url":"https:\/\/www.liassidipalacehotel.com\/wp-content\/uploads\/2016\/09\/logo-liassidipalace-1.png","contentUrl":"https:\/\/www.liassidipalacehotel.com\/wp-content\/uploads\/2016\/09\/logo-liassidipalace-1.png","width":200,"height":200,"caption":"Liassidi Palace Hotel"},"image":{"@id":"https:\/\/www.liassidipalacehotel.com\/en\/#\/schema\/logo\/image\/"},"sameAs":["https:\/\/www.facebook.com\/Liassidi\/?fref=ts"]}]}},"_links":{"self":[{"href":"https:\/\/www.liassidipalacehotel.com\/de\/wp-json\/wp\/v2\/pages\/284","targetHints":{"allow":["GET"]}}],"collection":[{"href":"https:\/\/www.liassidipalacehotel.com\/de\/wp-json\/wp\/v2\/pages"}],"about":[{"href":"https:\/\/www.liassidipalacehotel.com\/de\/wp-json\/wp\/v2\/types\/page"}],"author":[{"embeddable":true,"href":"https:\/\/www.liassidipalacehotel.com\/de\/wp-json\/wp\/v2\/users\/1"}],"replies":[{"embeddable":true,"href":"https:\/\/www.liassidipalacehotel.com\/de\/wp-json\/wp\/v2\/comments?post=284"}],"version-history":[{"count":3,"href":"https:\/\/www.liassidipalacehotel.com\/de\/wp-json\/wp\/v2\/pages\/284\/revisions"}],"predecessor-version":[{"id":679,"href":"https:\/\/www.liassidipalacehotel.com\/de\/wp-json\/wp\/v2\/pages\/284\/revisions\/679"}],"wp:attachment":[{"href":"https:\/\/www.liassidipalacehotel.com\/de\/wp-json\/wp\/v2\/media?parent=284"}],"curies":[{"name":"wp","href":"https:\/\/api.w.org\/{rel}","templated":true}]}}