{"id":338,"date":"2017-01-30T17:21:31","date_gmt":"2017-01-30T16:21:31","guid":{"rendered":"http:\/\/www.liassidipalacehotel.com\/hotel\/"},"modified":"2017-05-10T11:12:59","modified_gmt":"2017-05-10T09:12:59","slug":"hotel","status":"publish","type":"page","link":"https:\/\/www.liassidipalacehotel.com\/de\/hotel\/","title":{"rendered":"Hotel"},"content":{"rendered":"<p style=\"text-align: center;\">Mit Blick auf einen typisch venezianischen Canale, den Rio di San Lorenzo, der auch &#8222;der griechische&#8220; Kanal genannt wird, beherbergt Sie das 4-Sterne-Hotel Liassidi Palace in einem Palazzo aus dem 15. Jahrhundert. Hier werden Sie vom h\u00f6flichen und stets zur Verf\u00fcgung stehenden Hotelpersonal empfangen, das Ihnen rund um die Uhr mit dem Concierge-Service \u201cClef D\u2019Or\u201d jeden Ihrer W\u00fcnsche erf\u00fcllen wird.<\/p>\n<p style=\"text-align: center;\">Die charmante Atmosph\u00e4re des Palazzo Zorzi-Liassidi nimmt einen dank dem gro\u00dfen Ball- und Konzertsaal im Erdgeschoss des Geb\u00e4udes sofort f\u00fcr sich ein. Dann w\u00e4ren da noch der wundersch\u00f6ne Innenhof und pr\u00e4chtige M\u00f6bel zwischen modernem Design und venezianischem Stil des 18. Jahrhunderts: diese faszinierende Mischung durchdringt alle Zimmer des Hotels.<\/p>\n<p style=\"text-align: center;\">Die hohen Balkendecken und die wundersch\u00f6nen Muranokronleuchter sowie die vornehme Einrichtung und das herrliche sechsbogige Fenster mit Blick auf den Kanal machen das Geb\u00e4ude zu einem exklusiven und herrschaftlichen Ort. Im Erdgescho\u00df verf\u00fcgt das Hotel \u00fcber ein eigenes, direkt am Kanal San Lorenzo liegendes Wassertor.<\/p>\n<p style=\"text-align: center;\">Das Fr\u00fchst\u00fcck wird ebenfalls im Erdgescho\u00df in zwei raffinierten Fr\u00fchst\u00fcckszimmern mit Blick auf den Kanal San Lorenzo serviert. Hier erwartet Sie ein reiches B\u00fcfett mit s\u00fc\u00dfen und herzhaften Speisen. An der Liassidi Bar k\u00f6nnen Sie sich mit einem typisch venezianischen Aperitif, dem \u2018Spritz\u2019, entspannen, der Ihnen nach allen Regeln der Kunst von unseren Barkeepern zubereitet wird, die auch in der Lage sind, k\u00f6stliche internationale Long Drinks und Cocktails zu servieren, w\u00e4hrend im Hintergrund entspannende, nicht selten live von jungen einheimischen Musikern vorgetragene Musik gespielt wird.<\/p>\n<p style=\"text-align: center;\">Das Erdgeschoss beherbergt einen herrlichen Saal mit Bildern von einigen Details der wichtigsten Gem\u00e4lde der venezianischen Schule und zwei ruhige Zimmer f\u00fcr kleine Business-Meetings, an die sich ein gro\u00dfer Konferenzraum anschlie\u00dft.<\/p>\n<p style=\"text-align: center;\">Das Hotel ist mit Lift und mit weiteren Vorrichtungen ausgestattet, die auch Behinderten einen freien und bequemen Zugang zu s\u00e4mtlichen Einrichtungen des Hotels gew\u00e4hren.<\/p>\n<p style=\"text-align: center;\">DIE KUNST LEBT im Liassidi Palace Hotel<\/p>\n<p style=\"text-align: center;\">\u201eIm Liassidi Palace Hotel ist die Kunst zu Hause. Sie lebt im herrlichen Innenhof und im gotischen Wohnsalon dieses faszinierenden Palazzos, in dem Live-Konzerte und Gem\u00e4lde- und Bildhauerausstellungen organisiert werden. Ein weiterer Grund daf\u00fcr, sich in die bezaubernde Atmosph\u00e4re Venedigs und seine kulturellen Sch\u00e4tze inmitten strahlender Retrospektiven und zeitgen\u00f6ssischer Ausstellungen zu st\u00fcrzen, welche in Zusammenarbeit mit venezianischen und internationalen Kunstgalerien veranstaltet werden.\u201d<\/p>\n<p style=\"text-align: center;\"><img loading=\"lazy\" decoding=\"async\" class=\"aligncenter size-full wp-image-106\" src=\"https:\/\/www.liassidipalacehotel.com\/wp-content\/uploads\/2016\/10\/liassidi-palace-0135.jpg\" alt=\"liassidi-palace-0135\" width=\"1200\" height=\"800\" srcset=\"https:\/\/www.liassidipalacehotel.com\/wp-content\/uploads\/2016\/10\/liassidi-palace-0135.jpg 1200w, https:\/\/www.liassidipalacehotel.com\/wp-content\/uploads\/2016\/10\/liassidi-palace-0135-300x200.jpg 300w, https:\/\/www.liassidipalacehotel.com\/wp-content\/uploads\/2016\/10\/liassidi-palace-0135-768x512.jpg 768w, https:\/\/www.liassidipalacehotel.com\/wp-content\/uploads\/2016\/10\/liassidi-palace-0135-1024x683.jpg 1024w\" sizes=\"auto, (max-width: 1200px) 100vw, 1200px\" \/><\/p>\n<blockquote><p>&#8222;\u2026 Venezia, la bella lusinghiera e ambigua, la citt\u00e0 met\u00e0 fiaba e met\u00e0 trappola, nella cui atmosfera corrotta l&#8217;arte un tempo si svilupp\u00f2 rigogliosa, e che sugger\u00ec ai musicisti melodie che cullano in sonni voluttuosi\u201d<br \/>\n(Thomas Mann).<\/p><\/blockquote>\n","protected":false},"excerpt":{"rendered":"<p>Mit Blick auf einen typisch venezianischen Canale, den Rio di San Lorenzo, der auch &#8222;der griechische&#8220; Kanal genannt wird, beherbergt Sie das 4-Sterne-Hotel Liassidi Palace in einem Palazzo aus dem 15. Jahrhundert. Hier werden Sie vom h\u00f6flichen und stets zur Verf\u00fcgung stehenden Hotelpersonal empfangen, das Ihnen rund um die Uhr mit dem Concierge-Service \u201cClef D\u2019Or\u201d jeden Ihrer W\u00fcnsche erf\u00fcllen wird. Die charmante Atmosph\u00e4re des Palazzo&#8230;<\/p>\n<p><a class=\"more-link\" href=\"https:\/\/www.liassidipalacehotel.com\/de\/hotel\/\">Read More<\/a><\/p>\n","protected":false},"author":1,"featured_media":0,"parent":0,"menu_order":0,"comment_status":"closed","ping_status":"closed","template":"","meta":{"footnotes":""},"class_list":["post-338","page","type-page","status-publish","hentry"],"yoast_head":"<!-- This site is optimized with the Yoast SEO plugin v25.3.1 - https:\/\/yoast.com\/wordpress\/plugins\/seo\/ -->\n<title>Hotel - Liassidi Palace Hotel<\/title>\n<meta name=\"robots\" content=\"index, follow, max-snippet:-1, max-image-preview:large, max-video-preview:-1\" \/>\n<link rel=\"canonical\" href=\"https:\/\/www.liassidipalacehotel.com\/de\/hotel\/\" \/>\n<meta property=\"og:locale\" content=\"de_DE\" \/>\n<meta property=\"og:type\" content=\"article\" \/>\n<meta property=\"og:title\" content=\"Hotel - Liassidi Palace Hotel\" \/>\n<meta property=\"og:description\" content=\"Mit Blick auf einen typisch venezianischen Canale, den Rio di San Lorenzo, der auch &#8222;der griechische&#8220; Kanal genannt wird, beherbergt Sie das 4-Sterne-Hotel Liassidi Palace in einem Palazzo aus dem 15. Jahrhundert. Hier werden Sie vom h\u00f6flichen und stets zur Verf\u00fcgung stehenden Hotelpersonal empfangen, das Ihnen rund um die Uhr mit dem Concierge-Service \u201cClef D\u2019Or\u201d jeden Ihrer W\u00fcnsche erf\u00fcllen wird. Die charmante Atmosph\u00e4re des Palazzo...Read More\" \/>\n<meta property=\"og:url\" content=\"https:\/\/www.liassidipalacehotel.com\/de\/hotel\/\" \/>\n<meta property=\"og:site_name\" content=\"Liassidi Palace Hotel\" \/>\n<meta property=\"article:publisher\" content=\"https:\/\/www.facebook.com\/Liassidi\/?fref=ts\" \/>\n<meta property=\"article:modified_time\" content=\"2017-05-10T09:12:59+00:00\" \/>\n<meta property=\"og:image\" content=\"https:\/\/www.liassidipalacehotel.com\/wp-content\/uploads\/2016\/10\/liassidi-palace-0135.jpg\" \/>\n\t<meta property=\"og:image:width\" content=\"1200\" \/>\n\t<meta property=\"og:image:height\" content=\"800\" \/>\n\t<meta property=\"og:image:type\" content=\"image\/jpeg\" \/>\n<meta name=\"twitter:card\" content=\"summary_large_image\" \/>\n<meta name=\"twitter:label1\" content=\"Gesch\u00e4tzte Lesezeit\" \/>\n\t<meta name=\"twitter:data1\" content=\"2\u00a0Minuten\" \/>\n<script type=\"application\/ld+json\" class=\"yoast-schema-graph\">{\"@context\":\"https:\/\/schema.org\",\"@graph\":[{\"@type\":\"WebPage\",\"@id\":\"https:\/\/www.liassidipalacehotel.com\/de\/hotel\/\",\"url\":\"https:\/\/www.liassidipalacehotel.com\/de\/hotel\/\",\"name\":\"Hotel - Liassidi Palace Hotel\",\"isPartOf\":{\"@id\":\"https:\/\/www.liassidipalacehotel.com\/en\/#website\"},\"primaryImageOfPage\":{\"@id\":\"https:\/\/www.liassidipalacehotel.com\/de\/hotel\/#primaryimage\"},\"image\":{\"@id\":\"https:\/\/www.liassidipalacehotel.com\/de\/hotel\/#primaryimage\"},\"thumbnailUrl\":\"https:\/\/www.liassidipalacehotel.com\/wp-content\/uploads\/2016\/10\/liassidi-palace-0135.jpg\",\"datePublished\":\"2017-01-30T16:21:31+00:00\",\"dateModified\":\"2017-05-10T09:12:59+00:00\",\"breadcrumb\":{\"@id\":\"https:\/\/www.liassidipalacehotel.com\/de\/hotel\/#breadcrumb\"},\"inLanguage\":\"de\",\"potentialAction\":[{\"@type\":\"ReadAction\",\"target\":[\"https:\/\/www.liassidipalacehotel.com\/de\/hotel\/\"]}]},{\"@type\":\"ImageObject\",\"inLanguage\":\"de\",\"@id\":\"https:\/\/www.liassidipalacehotel.com\/de\/hotel\/#primaryimage\",\"url\":\"https:\/\/www.liassidipalacehotel.com\/wp-content\/uploads\/2016\/10\/liassidi-palace-0135.jpg\",\"contentUrl\":\"https:\/\/www.liassidipalacehotel.com\/wp-content\/uploads\/2016\/10\/liassidi-palace-0135.jpg\"},{\"@type\":\"BreadcrumbList\",\"@id\":\"https:\/\/www.liassidipalacehotel.com\/de\/hotel\/#breadcrumb\",\"itemListElement\":[{\"@type\":\"ListItem\",\"position\":1,\"name\":\"Home\",\"item\":\"https:\/\/www.liassidipalacehotel.com\/de\/\"},{\"@type\":\"ListItem\",\"position\":2,\"name\":\"Hotel\"}]},{\"@type\":\"WebSite\",\"@id\":\"https:\/\/www.liassidipalacehotel.com\/en\/#website\",\"url\":\"https:\/\/www.liassidipalacehotel.com\/en\/\",\"name\":\"Liassidi Palace Hotel\",\"description\":\"Un nuovo sito targato WordPress\",\"publisher\":{\"@id\":\"https:\/\/www.liassidipalacehotel.com\/en\/#organization\"},\"potentialAction\":[{\"@type\":\"SearchAction\",\"target\":{\"@type\":\"EntryPoint\",\"urlTemplate\":\"https:\/\/www.liassidipalacehotel.com\/en\/?s={search_term_string}\"},\"query-input\":{\"@type\":\"PropertyValueSpecification\",\"valueRequired\":true,\"valueName\":\"search_term_string\"}}],\"inLanguage\":\"de\"},{\"@type\":\"Organization\",\"@id\":\"https:\/\/www.liassidipalacehotel.com\/en\/#organization\",\"name\":\"Liassidi Palace Hotel\",\"url\":\"https:\/\/www.liassidipalacehotel.com\/en\/\",\"logo\":{\"@type\":\"ImageObject\",\"inLanguage\":\"de\",\"@id\":\"https:\/\/www.liassidipalacehotel.com\/en\/#\/schema\/logo\/image\/\",\"url\":\"https:\/\/www.liassidipalacehotel.com\/wp-content\/uploads\/2016\/09\/logo-liassidipalace-1.png\",\"contentUrl\":\"https:\/\/www.liassidipalacehotel.com\/wp-content\/uploads\/2016\/09\/logo-liassidipalace-1.png\",\"width\":200,\"height\":200,\"caption\":\"Liassidi Palace Hotel\"},\"image\":{\"@id\":\"https:\/\/www.liassidipalacehotel.com\/en\/#\/schema\/logo\/image\/\"},\"sameAs\":[\"https:\/\/www.facebook.com\/Liassidi\/?fref=ts\"]}]}<\/script>\n<!-- \/ Yoast SEO plugin. -->","yoast_head_json":{"title":"Hotel - Liassidi Palace Hotel","robots":{"index":"index","follow":"follow","max-snippet":"max-snippet:-1","max-image-preview":"max-image-preview:large","max-video-preview":"max-video-preview:-1"},"canonical":"https:\/\/www.liassidipalacehotel.com\/de\/hotel\/","og_locale":"de_DE","og_type":"article","og_title":"Hotel - Liassidi Palace Hotel","og_description":"Mit Blick auf einen typisch venezianischen Canale, den Rio di San Lorenzo, der auch &#8222;der griechische&#8220; Kanal genannt wird, beherbergt Sie das 4-Sterne-Hotel Liassidi Palace in einem Palazzo aus dem 15. Jahrhundert. Hier werden Sie vom h\u00f6flichen und stets zur Verf\u00fcgung stehenden Hotelpersonal empfangen, das Ihnen rund um die Uhr mit dem Concierge-Service \u201cClef D\u2019Or\u201d jeden Ihrer W\u00fcnsche erf\u00fcllen wird. Die charmante Atmosph\u00e4re des Palazzo...Read More","og_url":"https:\/\/www.liassidipalacehotel.com\/de\/hotel\/","og_site_name":"Liassidi Palace Hotel","article_publisher":"https:\/\/www.facebook.com\/Liassidi\/?fref=ts","article_modified_time":"2017-05-10T09:12:59+00:00","og_image":[{"width":1200,"height":800,"url":"https:\/\/www.liassidipalacehotel.com\/wp-content\/uploads\/2016\/10\/liassidi-palace-0135.jpg","type":"image\/jpeg"}],"twitter_card":"summary_large_image","twitter_misc":{"Gesch\u00e4tzte Lesezeit":"2\u00a0Minuten"},"schema":{"@context":"https:\/\/schema.org","@graph":[{"@type":"WebPage","@id":"https:\/\/www.liassidipalacehotel.com\/de\/hotel\/","url":"https:\/\/www.liassidipalacehotel.com\/de\/hotel\/","name":"Hotel - Liassidi Palace Hotel","isPartOf":{"@id":"https:\/\/www.liassidipalacehotel.com\/en\/#website"},"primaryImageOfPage":{"@id":"https:\/\/www.liassidipalacehotel.com\/de\/hotel\/#primaryimage"},"image":{"@id":"https:\/\/www.liassidipalacehotel.com\/de\/hotel\/#primaryimage"},"thumbnailUrl":"https:\/\/www.liassidipalacehotel.com\/wp-content\/uploads\/2016\/10\/liassidi-palace-0135.jpg","datePublished":"2017-01-30T16:21:31+00:00","dateModified":"2017-05-10T09:12:59+00:00","breadcrumb":{"@id":"https:\/\/www.liassidipalacehotel.com\/de\/hotel\/#breadcrumb"},"inLanguage":"de","potentialAction":[{"@type":"ReadAction","target":["https:\/\/www.liassidipalacehotel.com\/de\/hotel\/"]}]},{"@type":"ImageObject","inLanguage":"de","@id":"https:\/\/www.liassidipalacehotel.com\/de\/hotel\/#primaryimage","url":"https:\/\/www.liassidipalacehotel.com\/wp-content\/uploads\/2016\/10\/liassidi-palace-0135.jpg","contentUrl":"https:\/\/www.liassidipalacehotel.com\/wp-content\/uploads\/2016\/10\/liassidi-palace-0135.jpg"},{"@type":"BreadcrumbList","@id":"https:\/\/www.liassidipalacehotel.com\/de\/hotel\/#breadcrumb","itemListElement":[{"@type":"ListItem","position":1,"name":"Home","item":"https:\/\/www.liassidipalacehotel.com\/de\/"},{"@type":"ListItem","position":2,"name":"Hotel"}]},{"@type":"WebSite","@id":"https:\/\/www.liassidipalacehotel.com\/en\/#website","url":"https:\/\/www.liassidipalacehotel.com\/en\/","name":"Liassidi Palace Hotel","description":"Un nuovo sito targato WordPress","publisher":{"@id":"https:\/\/www.liassidipalacehotel.com\/en\/#organization"},"potentialAction":[{"@type":"SearchAction","target":{"@type":"EntryPoint","urlTemplate":"https:\/\/www.liassidipalacehotel.com\/en\/?s={search_term_string}"},"query-input":{"@type":"PropertyValueSpecification","valueRequired":true,"valueName":"search_term_string"}}],"inLanguage":"de"},{"@type":"Organization","@id":"https:\/\/www.liassidipalacehotel.com\/en\/#organization","name":"Liassidi Palace Hotel","url":"https:\/\/www.liassidipalacehotel.com\/en\/","logo":{"@type":"ImageObject","inLanguage":"de","@id":"https:\/\/www.liassidipalacehotel.com\/en\/#\/schema\/logo\/image\/","url":"https:\/\/www.liassidipalacehotel.com\/wp-content\/uploads\/2016\/09\/logo-liassidipalace-1.png","contentUrl":"https:\/\/www.liassidipalacehotel.com\/wp-content\/uploads\/2016\/09\/logo-liassidipalace-1.png","width":200,"height":200,"caption":"Liassidi Palace Hotel"},"image":{"@id":"https:\/\/www.liassidipalacehotel.com\/en\/#\/schema\/logo\/image\/"},"sameAs":["https:\/\/www.facebook.com\/Liassidi\/?fref=ts"]}]}},"_links":{"self":[{"href":"https:\/\/www.liassidipalacehotel.com\/de\/wp-json\/wp\/v2\/pages\/338","targetHints":{"allow":["GET"]}}],"collection":[{"href":"https:\/\/www.liassidipalacehotel.com\/de\/wp-json\/wp\/v2\/pages"}],"about":[{"href":"https:\/\/www.liassidipalacehotel.com\/de\/wp-json\/wp\/v2\/types\/page"}],"author":[{"embeddable":true,"href":"https:\/\/www.liassidipalacehotel.com\/de\/wp-json\/wp\/v2\/users\/1"}],"replies":[{"embeddable":true,"href":"https:\/\/www.liassidipalacehotel.com\/de\/wp-json\/wp\/v2\/comments?post=338"}],"version-history":[{"count":1,"href":"https:\/\/www.liassidipalacehotel.com\/de\/wp-json\/wp\/v2\/pages\/338\/revisions"}],"predecessor-version":[{"id":681,"href":"https:\/\/www.liassidipalacehotel.com\/de\/wp-json\/wp\/v2\/pages\/338\/revisions\/681"}],"wp:attachment":[{"href":"https:\/\/www.liassidipalacehotel.com\/de\/wp-json\/wp\/v2\/media?parent=338"}],"curies":[{"name":"wp","href":"https:\/\/api.w.org\/{rel}","templated":true}]}}