{"id":842,"date":"2017-08-03T09:32:35","date_gmt":"2017-08-03T07:32:35","guid":{"rendered":"https:\/\/www.liassidipalacehotel.com\/zimmer-2\/"},"modified":"2017-08-03T09:32:35","modified_gmt":"2017-08-03T07:32:35","slug":"zimmer-2","status":"publish","type":"page","link":"https:\/\/www.liassidipalacehotel.com\/de\/zimmer-2\/","title":{"rendered":"Zimmer"},"content":{"rendered":"<p style=\"text-align: center;\">Die wundersch\u00f6nen Zimmer des 4- Sterne Hotels Liassidi Palace zeichnen sich durch ihre Ger\u00e4umigkeit und ihre erlesenen Einrichtungen aus. Diese schwanken in einem gekonnten Mix zwischen modernem Design und venezianischem Stil aus dem 18. Jahrhundert und machen unsere Anlage zu einem der einladendsten und exklusivsten Boutique Hotels in ganz Venedig.<\/p>\n<p style=\"text-align: center;\">Die hellen Eichen- und Nussholzm\u00f6bel und die gro\u00dfartige, harmonisch verteilte Beleuchtung sowie die dekorativen Vorh\u00e4nge aus kostbaren Stoffen f\u00fcllen die R\u00e4ume mit einer warmen Atmosph\u00e4re, die sich hervorragend mit den zeitgen\u00f6ssischen Designergegenst\u00e4nden und den herrlichen \u201cKopien \u201eber\u00fchmter K\u00fcnstler aus dem 20. Jahrhundert (Gustav Klimt, Tamara De Lempicka, Amedeo Modigliani, Paul Gauguin, Andy Warhol, Claude Monet, Pablo Picasso und viele andere) kombinieren.<\/p>\n<p style=\"text-align: center;\">Die Zimmer verf\u00fcgen \u00fcber einen herrlichen Ausblick auf den Kanal, bei einigen reicht er sogar bis zum Markusbecken und zur Kirche auf der Sankt Georgs-Insel, w\u00e4hrend man von den anderen bis auf die wundersch\u00f6ne orthodoxe Kirche San Giorgio dei Greci, den Garten im Innenhof und auf einige typische venezianische Calli (Gassen) blicken kann.<\/p>\n<p style=\"text-align: center;\">Sie werden sich in ausgesprochen komfortablen Zimmern erholen, die entweder mit Parkett oder venezianischen B\u00f6den, hohen Decken, gotischen Fenstern und mit kleinen Spiegeln verzierten Schr\u00e4nken, echten kleinen Dekorationssch\u00e4tzen, ausgestattet sind.<\/p>\n<p style=\"text-align: center;\">Zu unseren Aush\u00e4ngeschildern z\u00e4hlen vor allem unsere ger\u00e4umigen und komfortablen B\u00e4der. Die W\u00e4nde sind durchgehend mit \u201cBisazza\u201d-Mosaiken verziert, w\u00e4hrend Jacuzzi-Badewannen mit Whirlpoolmassage oder Duschkabinen mit schottischer Dusche f\u00fcr die richtige Entspannung sorgen.<\/p>\n","protected":false},"excerpt":{"rendered":"<p>Die wundersch\u00f6nen Zimmer des 4- Sterne Hotels Liassidi Palace zeichnen sich durch ihre Ger\u00e4umigkeit und ihre erlesenen Einrichtungen aus. Diese schwanken in einem gekonnten Mix zwischen modernem Design und venezianischem Stil aus dem 18. Jahrhundert und machen unsere Anlage zu einem der einladendsten und exklusivsten Boutique Hotels in ganz Venedig. Die hellen Eichen- und Nussholzm\u00f6bel und die gro\u00dfartige, harmonisch verteilte Beleuchtung sowie die dekorativen Vorh\u00e4nge&#8230;<\/p>\n<p><a class=\"more-link\" href=\"https:\/\/www.liassidipalacehotel.com\/de\/zimmer-2\/\">Read More<\/a><\/p>\n","protected":false},"author":1,"featured_media":0,"parent":0,"menu_order":0,"comment_status":"closed","ping_status":"closed","template":"rooms.php","meta":{"footnotes":""},"class_list":["post-842","page","type-page","status-publish","hentry"],"yoast_head":"<!-- This site is optimized with the Yoast SEO plugin v25.3.1 - https:\/\/yoast.com\/wordpress\/plugins\/seo\/ -->\n<title>Zimmer - Liassidi Palace Hotel<\/title>\n<meta name=\"robots\" content=\"index, follow, max-snippet:-1, max-image-preview:large, max-video-preview:-1\" \/>\n<link rel=\"canonical\" href=\"https:\/\/www.liassidipalacehotel.com\/de\/zimmer-2\/\" \/>\n<meta property=\"og:locale\" content=\"de_DE\" \/>\n<meta property=\"og:type\" content=\"article\" \/>\n<meta property=\"og:title\" content=\"Zimmer - Liassidi Palace Hotel\" \/>\n<meta property=\"og:description\" content=\"Die wundersch\u00f6nen Zimmer des 4- Sterne Hotels Liassidi Palace zeichnen sich durch ihre Ger\u00e4umigkeit und ihre erlesenen Einrichtungen aus. Diese schwanken in einem gekonnten Mix zwischen modernem Design und venezianischem Stil aus dem 18. Jahrhundert und machen unsere Anlage zu einem der einladendsten und exklusivsten Boutique Hotels in ganz Venedig. Die hellen Eichen- und Nussholzm\u00f6bel und die gro\u00dfartige, harmonisch verteilte Beleuchtung sowie die dekorativen Vorh\u00e4nge...Read More\" \/>\n<meta property=\"og:url\" content=\"https:\/\/www.liassidipalacehotel.com\/de\/zimmer-2\/\" \/>\n<meta property=\"og:site_name\" content=\"Liassidi Palace Hotel\" \/>\n<meta property=\"article:publisher\" content=\"https:\/\/www.facebook.com\/Liassidi\/?fref=ts\" \/>\n<meta name=\"twitter:card\" content=\"summary_large_image\" \/>\n<meta name=\"twitter:label1\" content=\"Gesch\u00e4tzte Lesezeit\" \/>\n\t<meta name=\"twitter:data1\" content=\"1\u00a0Minute\" \/>\n<script type=\"application\/ld+json\" class=\"yoast-schema-graph\">{\"@context\":\"https:\/\/schema.org\",\"@graph\":[{\"@type\":\"WebPage\",\"@id\":\"https:\/\/www.liassidipalacehotel.com\/de\/zimmer-2\/\",\"url\":\"https:\/\/www.liassidipalacehotel.com\/de\/zimmer-2\/\",\"name\":\"Zimmer - Liassidi Palace Hotel\",\"isPartOf\":{\"@id\":\"https:\/\/www.liassidipalacehotel.com\/en\/#website\"},\"datePublished\":\"2017-08-03T07:32:35+00:00\",\"breadcrumb\":{\"@id\":\"https:\/\/www.liassidipalacehotel.com\/de\/zimmer-2\/#breadcrumb\"},\"inLanguage\":\"de\",\"potentialAction\":[{\"@type\":\"ReadAction\",\"target\":[\"https:\/\/www.liassidipalacehotel.com\/de\/zimmer-2\/\"]}]},{\"@type\":\"BreadcrumbList\",\"@id\":\"https:\/\/www.liassidipalacehotel.com\/de\/zimmer-2\/#breadcrumb\",\"itemListElement\":[{\"@type\":\"ListItem\",\"position\":1,\"name\":\"Home\",\"item\":\"https:\/\/www.liassidipalacehotel.com\/de\/\"},{\"@type\":\"ListItem\",\"position\":2,\"name\":\"Zimmer\"}]},{\"@type\":\"WebSite\",\"@id\":\"https:\/\/www.liassidipalacehotel.com\/en\/#website\",\"url\":\"https:\/\/www.liassidipalacehotel.com\/en\/\",\"name\":\"Liassidi Palace Hotel\",\"description\":\"Un nuovo sito targato WordPress\",\"publisher\":{\"@id\":\"https:\/\/www.liassidipalacehotel.com\/en\/#organization\"},\"potentialAction\":[{\"@type\":\"SearchAction\",\"target\":{\"@type\":\"EntryPoint\",\"urlTemplate\":\"https:\/\/www.liassidipalacehotel.com\/en\/?s={search_term_string}\"},\"query-input\":{\"@type\":\"PropertyValueSpecification\",\"valueRequired\":true,\"valueName\":\"search_term_string\"}}],\"inLanguage\":\"de\"},{\"@type\":\"Organization\",\"@id\":\"https:\/\/www.liassidipalacehotel.com\/en\/#organization\",\"name\":\"Liassidi Palace Hotel\",\"url\":\"https:\/\/www.liassidipalacehotel.com\/en\/\",\"logo\":{\"@type\":\"ImageObject\",\"inLanguage\":\"de\",\"@id\":\"https:\/\/www.liassidipalacehotel.com\/en\/#\/schema\/logo\/image\/\",\"url\":\"https:\/\/www.liassidipalacehotel.com\/wp-content\/uploads\/2016\/09\/logo-liassidipalace-1.png\",\"contentUrl\":\"https:\/\/www.liassidipalacehotel.com\/wp-content\/uploads\/2016\/09\/logo-liassidipalace-1.png\",\"width\":200,\"height\":200,\"caption\":\"Liassidi Palace Hotel\"},\"image\":{\"@id\":\"https:\/\/www.liassidipalacehotel.com\/en\/#\/schema\/logo\/image\/\"},\"sameAs\":[\"https:\/\/www.facebook.com\/Liassidi\/?fref=ts\"]}]}<\/script>\n<!-- \/ Yoast SEO plugin. -->","yoast_head_json":{"title":"Zimmer - Liassidi Palace Hotel","robots":{"index":"index","follow":"follow","max-snippet":"max-snippet:-1","max-image-preview":"max-image-preview:large","max-video-preview":"max-video-preview:-1"},"canonical":"https:\/\/www.liassidipalacehotel.com\/de\/zimmer-2\/","og_locale":"de_DE","og_type":"article","og_title":"Zimmer - Liassidi Palace Hotel","og_description":"Die wundersch\u00f6nen Zimmer des 4- Sterne Hotels Liassidi Palace zeichnen sich durch ihre Ger\u00e4umigkeit und ihre erlesenen Einrichtungen aus. Diese schwanken in einem gekonnten Mix zwischen modernem Design und venezianischem Stil aus dem 18. Jahrhundert und machen unsere Anlage zu einem der einladendsten und exklusivsten Boutique Hotels in ganz Venedig. Die hellen Eichen- und Nussholzm\u00f6bel und die gro\u00dfartige, harmonisch verteilte Beleuchtung sowie die dekorativen Vorh\u00e4nge...Read More","og_url":"https:\/\/www.liassidipalacehotel.com\/de\/zimmer-2\/","og_site_name":"Liassidi Palace Hotel","article_publisher":"https:\/\/www.facebook.com\/Liassidi\/?fref=ts","twitter_card":"summary_large_image","twitter_misc":{"Gesch\u00e4tzte Lesezeit":"1\u00a0Minute"},"schema":{"@context":"https:\/\/schema.org","@graph":[{"@type":"WebPage","@id":"https:\/\/www.liassidipalacehotel.com\/de\/zimmer-2\/","url":"https:\/\/www.liassidipalacehotel.com\/de\/zimmer-2\/","name":"Zimmer - Liassidi Palace Hotel","isPartOf":{"@id":"https:\/\/www.liassidipalacehotel.com\/en\/#website"},"datePublished":"2017-08-03T07:32:35+00:00","breadcrumb":{"@id":"https:\/\/www.liassidipalacehotel.com\/de\/zimmer-2\/#breadcrumb"},"inLanguage":"de","potentialAction":[{"@type":"ReadAction","target":["https:\/\/www.liassidipalacehotel.com\/de\/zimmer-2\/"]}]},{"@type":"BreadcrumbList","@id":"https:\/\/www.liassidipalacehotel.com\/de\/zimmer-2\/#breadcrumb","itemListElement":[{"@type":"ListItem","position":1,"name":"Home","item":"https:\/\/www.liassidipalacehotel.com\/de\/"},{"@type":"ListItem","position":2,"name":"Zimmer"}]},{"@type":"WebSite","@id":"https:\/\/www.liassidipalacehotel.com\/en\/#website","url":"https:\/\/www.liassidipalacehotel.com\/en\/","name":"Liassidi Palace Hotel","description":"Un nuovo sito targato WordPress","publisher":{"@id":"https:\/\/www.liassidipalacehotel.com\/en\/#organization"},"potentialAction":[{"@type":"SearchAction","target":{"@type":"EntryPoint","urlTemplate":"https:\/\/www.liassidipalacehotel.com\/en\/?s={search_term_string}"},"query-input":{"@type":"PropertyValueSpecification","valueRequired":true,"valueName":"search_term_string"}}],"inLanguage":"de"},{"@type":"Organization","@id":"https:\/\/www.liassidipalacehotel.com\/en\/#organization","name":"Liassidi Palace Hotel","url":"https:\/\/www.liassidipalacehotel.com\/en\/","logo":{"@type":"ImageObject","inLanguage":"de","@id":"https:\/\/www.liassidipalacehotel.com\/en\/#\/schema\/logo\/image\/","url":"https:\/\/www.liassidipalacehotel.com\/wp-content\/uploads\/2016\/09\/logo-liassidipalace-1.png","contentUrl":"https:\/\/www.liassidipalacehotel.com\/wp-content\/uploads\/2016\/09\/logo-liassidipalace-1.png","width":200,"height":200,"caption":"Liassidi Palace Hotel"},"image":{"@id":"https:\/\/www.liassidipalacehotel.com\/en\/#\/schema\/logo\/image\/"},"sameAs":["https:\/\/www.facebook.com\/Liassidi\/?fref=ts"]}]}},"_links":{"self":[{"href":"https:\/\/www.liassidipalacehotel.com\/de\/wp-json\/wp\/v2\/pages\/842","targetHints":{"allow":["GET"]}}],"collection":[{"href":"https:\/\/www.liassidipalacehotel.com\/de\/wp-json\/wp\/v2\/pages"}],"about":[{"href":"https:\/\/www.liassidipalacehotel.com\/de\/wp-json\/wp\/v2\/types\/page"}],"author":[{"embeddable":true,"href":"https:\/\/www.liassidipalacehotel.com\/de\/wp-json\/wp\/v2\/users\/1"}],"replies":[{"embeddable":true,"href":"https:\/\/www.liassidipalacehotel.com\/de\/wp-json\/wp\/v2\/comments?post=842"}],"version-history":[{"count":0,"href":"https:\/\/www.liassidipalacehotel.com\/de\/wp-json\/wp\/v2\/pages\/842\/revisions"}],"wp:attachment":[{"href":"https:\/\/www.liassidipalacehotel.com\/de\/wp-json\/wp\/v2\/media?parent=842"}],"curies":[{"name":"wp","href":"https:\/\/api.w.org\/{rel}","templated":true}]}}