{"id":289,"date":"2017-01-18T11:47:27","date_gmt":"2017-01-18T10:47:27","guid":{"rendered":"http:\/\/www.liassidipalacehotel.com\/es\/?page_id=289"},"modified":"2017-05-10T11:36:20","modified_gmt":"2017-05-10T09:36:20","slug":"bienvenidos","status":"publish","type":"page","link":"https:\/\/www.liassidipalacehotel.com\/es\/","title":{"rendered":"Bienvenidos!"},"content":{"rendered":"<p>Lujo, arte y relax le esperan en Venecia, en los amplios y luminosos espacios del Liassidi Palace, hotel boutique de cuatro estrellas en el centro hist\u00f3rico, en una zona de rara tranquilidad, a tan solo unos pasos de la Plaza de San Marcos.<\/p>\n<p>En el l\u00edmite entre los sestieri de Castello y San Marco, en el interior del palacio g\u00f3tico restaurado \u00abZorzi dalle Collone Storte\u00bb, experimentar\u00e1 la rom\u00e1ntica atm\u00f3sfera de las antiguas residencias venecianas, con habitaciones de grandes dimensiones, embellecidas por excelentes reproducciones de autor \u2013\u00f3leo sobre lienzo\u2013 de las obras maestras que han caracterizado la historia del arte pict\u00f3rico del pasado siglo.<\/p>\n<p>Nuestras suites, cada una de ellas con un encanto \u00fanico, disfrutan pintorescas im\u00e1genes de los canales venecianos e impresionantes vistas.<\/p>\n<p>En el Liassidi Palace Hotel, el irresistible atractivo de Venecia se conserva intacto, listo para seducirle en una estancia de ensue\u00f1o, envuelto en arte y m\u00fasica.<\/p>\n","protected":false},"excerpt":{"rendered":"<p>Lujo, arte y relax le esperan en Venecia, en los amplios y luminosos espacios del Liassidi Palace, hotel boutique de cuatro estrellas en el centro hist\u00f3rico, en una zona de rara tranquilidad, a tan solo unos pasos de la Plaza de San Marcos. En el l\u00edmite entre los sestieri de Castello y San Marco, en el interior del palacio g\u00f3tico restaurado \u00abZorzi dalle Collone Storte\u00bb,&#8230;<\/p>\n<p><a class=\"more-link\" href=\"https:\/\/www.liassidipalacehotel.com\/es\/\">Read More<\/a><\/p>\n","protected":false},"author":1,"featured_media":0,"parent":0,"menu_order":0,"comment_status":"closed","ping_status":"closed","template":"home-template.php","meta":{"footnotes":""},"class_list":["post-289","page","type-page","status-publish","hentry"],"yoast_head":"<!-- This site is optimized with the Yoast SEO plugin v25.3.1 - https:\/\/yoast.com\/wordpress\/plugins\/seo\/ -->\n<title>Liassidi Palace Hotel - Venice - Official Website<\/title>\n<meta name=\"description\" content=\"Lujo, arte y relax le esperan en Venecia, en los amplios y luminosos espacios del Liassidi Palace, hotel boutique de cuatro estrellas en el centro hist\u00f3rico, en una zona de rara tranquilidad, a tan solo unos pasos de la Plaza de San Marcos. En el l\u00edmite entre los sestieri de Castello y San Marco, en el interior del palacio g\u00f3tico restaurado \u00abZorzi dalle Collone Storte\u00bb, experimentar\u00e1 la rom\u00e1ntica atm\u00f3sfera de las antiguas residencias venecianas, con habitaciones de grandes dimensiones, embellecidas por excelentes reproducciones de autor \u2013\u00f3leo sobre lienzo\u2013 de las obras maestras que han caracterizado la historia del arte pict\u00f3rico del pasado siglo. Nuestras suites, cada una de ellas con un encanto \u00fanico, disfrutan pintorescas im\u00e1genes de los canales venecianos e impresionantes vistas. En el Liassidi Palace Hotel, el irresistible atractivo de Venecia se conserva intacto, listo para seducirle en una estancia de ensue\u00f1o, envuelto en arte y m\u00fasica.\" \/>\n<meta name=\"robots\" content=\"index, follow, max-snippet:-1, max-image-preview:large, max-video-preview:-1\" \/>\n<link rel=\"canonical\" href=\"https:\/\/www.liassidipalacehotel.com\/es\/\" \/>\n<meta property=\"og:locale\" content=\"es_ES\" \/>\n<meta property=\"og:type\" content=\"article\" \/>\n<meta property=\"og:title\" content=\"Liassidi Palace Hotel - Venice - Official Website\" \/>\n<meta property=\"og:description\" content=\"Lujo, arte y relax le esperan en Venecia, en los amplios y luminosos espacios del Liassidi Palace, hotel boutique de cuatro estrellas en el centro hist\u00f3rico, en una zona de rara tranquilidad, a tan solo unos pasos de la Plaza de San Marcos. En el l\u00edmite entre los sestieri de Castello y San Marco, en el interior del palacio g\u00f3tico restaurado \u00abZorzi dalle Collone Storte\u00bb, experimentar\u00e1 la rom\u00e1ntica atm\u00f3sfera de las antiguas residencias venecianas, con habitaciones de grandes dimensiones, embellecidas por excelentes reproducciones de autor \u2013\u00f3leo sobre lienzo\u2013 de las obras maestras que han caracterizado la historia del arte pict\u00f3rico del pasado siglo. Nuestras suites, cada una de ellas con un encanto \u00fanico, disfrutan pintorescas im\u00e1genes de los canales venecianos e impresionantes vistas. En el Liassidi Palace Hotel, el irresistible atractivo de Venecia se conserva intacto, listo para seducirle en una estancia de ensue\u00f1o, envuelto en arte y m\u00fasica.\" \/>\n<meta property=\"og:url\" content=\"https:\/\/www.liassidipalacehotel.com\/es\/\" \/>\n<meta property=\"og:site_name\" content=\"Liassidi Palace Hotel\" \/>\n<meta property=\"article:publisher\" content=\"https:\/\/www.facebook.com\/Liassidi\/?fref=ts\" \/>\n<meta property=\"article:modified_time\" content=\"2017-05-10T09:36:20+00:00\" \/>\n<meta name=\"twitter:card\" content=\"summary_large_image\" \/>\n<meta name=\"twitter:label1\" content=\"Tiempo de lectura\" \/>\n\t<meta name=\"twitter:data1\" content=\"1 minuto\" \/>\n<script type=\"application\/ld+json\" class=\"yoast-schema-graph\">{\"@context\":\"https:\/\/schema.org\",\"@graph\":[{\"@type\":\"WebPage\",\"@id\":\"https:\/\/www.liassidipalacehotel.com\/es\/\",\"url\":\"https:\/\/www.liassidipalacehotel.com\/es\/\",\"name\":\"Liassidi Palace Hotel - Venice - Official Website\",\"isPartOf\":{\"@id\":\"https:\/\/www.liassidipalacehotel.com\/en\/#website\"},\"datePublished\":\"2017-01-18T10:47:27+00:00\",\"dateModified\":\"2017-05-10T09:36:20+00:00\",\"description\":\"Lujo, arte y relax le esperan en Venecia, en los amplios y luminosos espacios del Liassidi Palace, hotel boutique de cuatro estrellas en el centro hist\u00f3rico, en una zona de rara tranquilidad, a tan solo unos pasos de la Plaza de San Marcos. En el l\u00edmite entre los sestieri de Castello y San Marco, en el interior del palacio g\u00f3tico restaurado \u00abZorzi dalle Collone Storte\u00bb, experimentar\u00e1 la rom\u00e1ntica atm\u00f3sfera de las antiguas residencias venecianas, con habitaciones de grandes dimensiones, embellecidas por excelentes reproducciones de autor \u2013\u00f3leo sobre lienzo\u2013 de las obras maestras que han caracterizado la historia del arte pict\u00f3rico del pasado siglo. Nuestras suites, cada una de ellas con un encanto \u00fanico, disfrutan pintorescas im\u00e1genes de los canales venecianos e impresionantes vistas. En el Liassidi Palace Hotel, el irresistible atractivo de Venecia se conserva intacto, listo para seducirle en una estancia de ensue\u00f1o, envuelto en arte y m\u00fasica.\",\"breadcrumb\":{\"@id\":\"https:\/\/www.liassidipalacehotel.com\/es\/#breadcrumb\"},\"inLanguage\":\"es\",\"potentialAction\":[{\"@type\":\"ReadAction\",\"target\":[\"https:\/\/www.liassidipalacehotel.com\/es\/\"]}]},{\"@type\":\"BreadcrumbList\",\"@id\":\"https:\/\/www.liassidipalacehotel.com\/es\/#breadcrumb\",\"itemListElement\":[{\"@type\":\"ListItem\",\"position\":1,\"name\":\"Home\",\"item\":\"https:\/\/www.liassidipalacehotel.com\/es\/\"},{\"@type\":\"ListItem\",\"position\":2,\"name\":\"Bienvenidos!\"}]},{\"@type\":\"WebSite\",\"@id\":\"https:\/\/www.liassidipalacehotel.com\/en\/#website\",\"url\":\"https:\/\/www.liassidipalacehotel.com\/en\/\",\"name\":\"Liassidi Palace Hotel\",\"description\":\"Un nuovo sito targato WordPress\",\"publisher\":{\"@id\":\"https:\/\/www.liassidipalacehotel.com\/en\/#organization\"},\"potentialAction\":[{\"@type\":\"SearchAction\",\"target\":{\"@type\":\"EntryPoint\",\"urlTemplate\":\"https:\/\/www.liassidipalacehotel.com\/en\/?s={search_term_string}\"},\"query-input\":{\"@type\":\"PropertyValueSpecification\",\"valueRequired\":true,\"valueName\":\"search_term_string\"}}],\"inLanguage\":\"es\"},{\"@type\":\"Organization\",\"@id\":\"https:\/\/www.liassidipalacehotel.com\/en\/#organization\",\"name\":\"Liassidi Palace Hotel\",\"url\":\"https:\/\/www.liassidipalacehotel.com\/en\/\",\"logo\":{\"@type\":\"ImageObject\",\"inLanguage\":\"es\",\"@id\":\"https:\/\/www.liassidipalacehotel.com\/en\/#\/schema\/logo\/image\/\",\"url\":\"https:\/\/www.liassidipalacehotel.com\/wp-content\/uploads\/2016\/09\/logo-liassidipalace-1.png\",\"contentUrl\":\"https:\/\/www.liassidipalacehotel.com\/wp-content\/uploads\/2016\/09\/logo-liassidipalace-1.png\",\"width\":200,\"height\":200,\"caption\":\"Liassidi Palace Hotel\"},\"image\":{\"@id\":\"https:\/\/www.liassidipalacehotel.com\/en\/#\/schema\/logo\/image\/\"},\"sameAs\":[\"https:\/\/www.facebook.com\/Liassidi\/?fref=ts\"]}]}<\/script>\n<!-- \/ Yoast SEO plugin. -->","yoast_head_json":{"title":"Liassidi Palace Hotel - Venice - Official Website","description":"Lujo, arte y relax le esperan en Venecia, en los amplios y luminosos espacios del Liassidi Palace, hotel boutique de cuatro estrellas en el centro hist\u00f3rico, en una zona de rara tranquilidad, a tan solo unos pasos de la Plaza de San Marcos. En el l\u00edmite entre los sestieri de Castello y San Marco, en el interior del palacio g\u00f3tico restaurado \u00abZorzi dalle Collone Storte\u00bb, experimentar\u00e1 la rom\u00e1ntica atm\u00f3sfera de las antiguas residencias venecianas, con habitaciones de grandes dimensiones, embellecidas por excelentes reproducciones de autor \u2013\u00f3leo sobre lienzo\u2013 de las obras maestras que han caracterizado la historia del arte pict\u00f3rico del pasado siglo. Nuestras suites, cada una de ellas con un encanto \u00fanico, disfrutan pintorescas im\u00e1genes de los canales venecianos e impresionantes vistas. En el Liassidi Palace Hotel, el irresistible atractivo de Venecia se conserva intacto, listo para seducirle en una estancia de ensue\u00f1o, envuelto en arte y m\u00fasica.","robots":{"index":"index","follow":"follow","max-snippet":"max-snippet:-1","max-image-preview":"max-image-preview:large","max-video-preview":"max-video-preview:-1"},"canonical":"https:\/\/www.liassidipalacehotel.com\/es\/","og_locale":"es_ES","og_type":"article","og_title":"Liassidi Palace Hotel - Venice - Official Website","og_description":"Lujo, arte y relax le esperan en Venecia, en los amplios y luminosos espacios del Liassidi Palace, hotel boutique de cuatro estrellas en el centro hist\u00f3rico, en una zona de rara tranquilidad, a tan solo unos pasos de la Plaza de San Marcos. En el l\u00edmite entre los sestieri de Castello y San Marco, en el interior del palacio g\u00f3tico restaurado \u00abZorzi dalle Collone Storte\u00bb, experimentar\u00e1 la rom\u00e1ntica atm\u00f3sfera de las antiguas residencias venecianas, con habitaciones de grandes dimensiones, embellecidas por excelentes reproducciones de autor \u2013\u00f3leo sobre lienzo\u2013 de las obras maestras que han caracterizado la historia del arte pict\u00f3rico del pasado siglo. Nuestras suites, cada una de ellas con un encanto \u00fanico, disfrutan pintorescas im\u00e1genes de los canales venecianos e impresionantes vistas. En el Liassidi Palace Hotel, el irresistible atractivo de Venecia se conserva intacto, listo para seducirle en una estancia de ensue\u00f1o, envuelto en arte y m\u00fasica.","og_url":"https:\/\/www.liassidipalacehotel.com\/es\/","og_site_name":"Liassidi Palace Hotel","article_publisher":"https:\/\/www.facebook.com\/Liassidi\/?fref=ts","article_modified_time":"2017-05-10T09:36:20+00:00","twitter_card":"summary_large_image","twitter_misc":{"Tiempo de lectura":"1 minuto"},"schema":{"@context":"https:\/\/schema.org","@graph":[{"@type":"WebPage","@id":"https:\/\/www.liassidipalacehotel.com\/es\/","url":"https:\/\/www.liassidipalacehotel.com\/es\/","name":"Liassidi Palace Hotel - Venice - Official Website","isPartOf":{"@id":"https:\/\/www.liassidipalacehotel.com\/en\/#website"},"datePublished":"2017-01-18T10:47:27+00:00","dateModified":"2017-05-10T09:36:20+00:00","description":"Lujo, arte y relax le esperan en Venecia, en los amplios y luminosos espacios del Liassidi Palace, hotel boutique de cuatro estrellas en el centro hist\u00f3rico, en una zona de rara tranquilidad, a tan solo unos pasos de la Plaza de San Marcos. En el l\u00edmite entre los sestieri de Castello y San Marco, en el interior del palacio g\u00f3tico restaurado \u00abZorzi dalle Collone Storte\u00bb, experimentar\u00e1 la rom\u00e1ntica atm\u00f3sfera de las antiguas residencias venecianas, con habitaciones de grandes dimensiones, embellecidas por excelentes reproducciones de autor \u2013\u00f3leo sobre lienzo\u2013 de las obras maestras que han caracterizado la historia del arte pict\u00f3rico del pasado siglo. Nuestras suites, cada una de ellas con un encanto \u00fanico, disfrutan pintorescas im\u00e1genes de los canales venecianos e impresionantes vistas. En el Liassidi Palace Hotel, el irresistible atractivo de Venecia se conserva intacto, listo para seducirle en una estancia de ensue\u00f1o, envuelto en arte y m\u00fasica.","breadcrumb":{"@id":"https:\/\/www.liassidipalacehotel.com\/es\/#breadcrumb"},"inLanguage":"es","potentialAction":[{"@type":"ReadAction","target":["https:\/\/www.liassidipalacehotel.com\/es\/"]}]},{"@type":"BreadcrumbList","@id":"https:\/\/www.liassidipalacehotel.com\/es\/#breadcrumb","itemListElement":[{"@type":"ListItem","position":1,"name":"Home","item":"https:\/\/www.liassidipalacehotel.com\/es\/"},{"@type":"ListItem","position":2,"name":"Bienvenidos!"}]},{"@type":"WebSite","@id":"https:\/\/www.liassidipalacehotel.com\/en\/#website","url":"https:\/\/www.liassidipalacehotel.com\/en\/","name":"Liassidi Palace Hotel","description":"Un nuovo sito targato WordPress","publisher":{"@id":"https:\/\/www.liassidipalacehotel.com\/en\/#organization"},"potentialAction":[{"@type":"SearchAction","target":{"@type":"EntryPoint","urlTemplate":"https:\/\/www.liassidipalacehotel.com\/en\/?s={search_term_string}"},"query-input":{"@type":"PropertyValueSpecification","valueRequired":true,"valueName":"search_term_string"}}],"inLanguage":"es"},{"@type":"Organization","@id":"https:\/\/www.liassidipalacehotel.com\/en\/#organization","name":"Liassidi Palace Hotel","url":"https:\/\/www.liassidipalacehotel.com\/en\/","logo":{"@type":"ImageObject","inLanguage":"es","@id":"https:\/\/www.liassidipalacehotel.com\/en\/#\/schema\/logo\/image\/","url":"https:\/\/www.liassidipalacehotel.com\/wp-content\/uploads\/2016\/09\/logo-liassidipalace-1.png","contentUrl":"https:\/\/www.liassidipalacehotel.com\/wp-content\/uploads\/2016\/09\/logo-liassidipalace-1.png","width":200,"height":200,"caption":"Liassidi Palace Hotel"},"image":{"@id":"https:\/\/www.liassidipalacehotel.com\/en\/#\/schema\/logo\/image\/"},"sameAs":["https:\/\/www.facebook.com\/Liassidi\/?fref=ts"]}]}},"_links":{"self":[{"href":"https:\/\/www.liassidipalacehotel.com\/es\/wp-json\/wp\/v2\/pages\/289","targetHints":{"allow":["GET"]}}],"collection":[{"href":"https:\/\/www.liassidipalacehotel.com\/es\/wp-json\/wp\/v2\/pages"}],"about":[{"href":"https:\/\/www.liassidipalacehotel.com\/es\/wp-json\/wp\/v2\/types\/page"}],"author":[{"embeddable":true,"href":"https:\/\/www.liassidipalacehotel.com\/es\/wp-json\/wp\/v2\/users\/1"}],"replies":[{"embeddable":true,"href":"https:\/\/www.liassidipalacehotel.com\/es\/wp-json\/wp\/v2\/comments?post=289"}],"version-history":[{"count":2,"href":"https:\/\/www.liassidipalacehotel.com\/es\/wp-json\/wp\/v2\/pages\/289\/revisions"}],"predecessor-version":[{"id":683,"href":"https:\/\/www.liassidipalacehotel.com\/es\/wp-json\/wp\/v2\/pages\/289\/revisions\/683"}],"wp:attachment":[{"href":"https:\/\/www.liassidipalacehotel.com\/es\/wp-json\/wp\/v2\/media?parent=289"}],"curies":[{"name":"wp","href":"https:\/\/api.w.org\/{rel}","templated":true}]}}