{"id":335,"date":"2017-01-30T17:18:42","date_gmt":"2017-01-30T16:18:42","guid":{"rendered":"http:\/\/www.liassidipalacehotel.com\/opiniones\/"},"modified":"2017-05-19T08:58:44","modified_gmt":"2017-05-19T06:58:44","slug":"opiniones","status":"publish","type":"page","link":"https:\/\/www.liassidipalacehotel.com\/es\/opiniones\/","title":{"rendered":"Opiniones"},"content":{"rendered":"<p style=\"text-align: center;\">\u00a1Consulta las opiniones que nuestros hu\u00e9spedes han publicado en los m\u00e1s importantes portales de rese\u00f1as online! Te recordamos que solo reservando directamente en nuestro Sitio Oficial ser\u00e1s un viajero privilegiado: \u00a1ser\u00e1s atendido personalmente por nuestro equipo desde el principio hasta el final y podr\u00e1s beneficiarte de tarifas especiales, ofertas y promociones reservadas exclusivamente para ti! Adem\u00e1s, si reservas a trav\u00e9s de nuestro Sitio Oficial, se te solicitar\u00e1 que escribas una \u00abrese\u00f1a oficial\u00bb, garantizada porque est\u00e1 vinculada a una reserva efectiva. \u00a1De esta forma, contribuir\u00e1s a mejorar la calidad del servicio que te ofrecemos a ti y a todos los viajeros!<\/p>\n<p style=\"text-align: center;\">\n<div class=\"col-md-6\">\n<div id=\"TA_selfserveprop282\" class=\"TA_selfserveprop\">\n<ul id=\"gKtfrUf2Cw\" class=\"TA_links FJNw9ahxw0wm\">\n<li id=\"rcnEW9VZhC\" class=\"OzY36ORra7W\"><a target=\"_blank\" href=\"https:\/\/www.tripadvisor.it\/Hotel_Review-g187870-d279286-Reviews-Liassidi_Palace_Hotel-Venice_Veneto.html\">Liassidi Palace Hotel<\/a> a Venezia: 259 recensioni<\/li>\n<\/ul>\n<\/div>\n<p><script src=\"https:\/\/www.jscache.com\/wejs?wtype=selfserveprop&amp;uniq=282&amp;locationId=279286&amp;lang=it&amp;rating=true&amp;nreviews=5&amp;writereviewlink=false&amp;popIdx=true&amp;iswide=false\"><\/script>\n<\/div>\n<div class=\"col-md-6\"><img loading=\"lazy\" decoding=\"async\" src=\"https:\/\/www.liassidipalacehotel.com\/wp-content\/uploads\/2016\/10\/WIDGETS.jpg\" alt=\"WIDGETS\" width=\"515\" height=\"288\" class=\"aligncenter size-full wp-image-708\" srcset=\"https:\/\/www.liassidipalacehotel.com\/wp-content\/uploads\/2016\/10\/WIDGETS.jpg 515w, https:\/\/www.liassidipalacehotel.com\/wp-content\/uploads\/2016\/10\/WIDGETS-300x168.jpg 300w\" sizes=\"auto, (max-width: 515px) 100vw, 515px\" \/><\/div>\n","protected":false},"excerpt":{"rendered":"<p>\u00a1Consulta las opiniones que nuestros hu\u00e9spedes han publicado en los m\u00e1s importantes portales de rese\u00f1as online! Te recordamos que solo reservando directamente en nuestro Sitio Oficial ser\u00e1s un viajero privilegiado: \u00a1ser\u00e1s atendido personalmente por nuestro equipo desde el principio hasta el final y podr\u00e1s beneficiarte de tarifas especiales, ofertas y promociones reservadas exclusivamente para ti! Adem\u00e1s, si reservas a trav\u00e9s de nuestro Sitio Oficial, se&#8230;<\/p>\n<p><a class=\"more-link\" href=\"https:\/\/www.liassidipalacehotel.com\/es\/opiniones\/\">Read More<\/a><\/p>\n","protected":false},"author":1,"featured_media":0,"parent":0,"menu_order":0,"comment_status":"closed","ping_status":"closed","template":"","meta":{"footnotes":""},"class_list":["post-335","page","type-page","status-publish","hentry"],"yoast_head":"<!-- This site is optimized with the Yoast SEO plugin v25.3.1 - https:\/\/yoast.com\/wordpress\/plugins\/seo\/ -->\n<title>Opiniones - Liassidi Palace Hotel<\/title>\n<meta name=\"robots\" content=\"index, follow, max-snippet:-1, max-image-preview:large, max-video-preview:-1\" \/>\n<link rel=\"canonical\" href=\"https:\/\/www.liassidipalacehotel.com\/es\/opiniones\/\" \/>\n<meta property=\"og:locale\" content=\"es_ES\" \/>\n<meta property=\"og:type\" content=\"article\" \/>\n<meta property=\"og:title\" content=\"Opiniones - Liassidi Palace Hotel\" \/>\n<meta property=\"og:description\" content=\"\u00a1Consulta las opiniones que nuestros hu\u00e9spedes han publicado en los m\u00e1s importantes portales de rese\u00f1as online! Te recordamos que solo reservando directamente en nuestro Sitio Oficial ser\u00e1s un viajero privilegiado: \u00a1ser\u00e1s atendido personalmente por nuestro equipo desde el principio hasta el final y podr\u00e1s beneficiarte de tarifas especiales, ofertas y promociones reservadas exclusivamente para ti! Adem\u00e1s, si reservas a trav\u00e9s de nuestro Sitio Oficial, se...Read More\" \/>\n<meta property=\"og:url\" content=\"https:\/\/www.liassidipalacehotel.com\/es\/opiniones\/\" \/>\n<meta property=\"og:site_name\" content=\"Liassidi Palace Hotel\" \/>\n<meta property=\"article:publisher\" content=\"https:\/\/www.facebook.com\/Liassidi\/?fref=ts\" \/>\n<meta property=\"article:modified_time\" content=\"2017-05-19T06:58:44+00:00\" \/>\n<meta property=\"og:image\" content=\"https:\/\/www.liassidipalacehotel.com\/wp-content\/uploads\/2016\/10\/WIDGETS.jpg\" \/>\n\t<meta property=\"og:image:width\" content=\"515\" \/>\n\t<meta property=\"og:image:height\" content=\"288\" \/>\n\t<meta property=\"og:image:type\" content=\"image\/jpeg\" \/>\n<meta name=\"twitter:card\" content=\"summary_large_image\" \/>\n<meta name=\"twitter:label1\" content=\"Tiempo de lectura\" \/>\n\t<meta name=\"twitter:data1\" content=\"1 minuto\" \/>\n<script type=\"application\/ld+json\" class=\"yoast-schema-graph\">{\"@context\":\"https:\/\/schema.org\",\"@graph\":[{\"@type\":\"WebPage\",\"@id\":\"https:\/\/www.liassidipalacehotel.com\/es\/opiniones\/\",\"url\":\"https:\/\/www.liassidipalacehotel.com\/es\/opiniones\/\",\"name\":\"Opiniones - Liassidi Palace Hotel\",\"isPartOf\":{\"@id\":\"https:\/\/www.liassidipalacehotel.com\/en\/#website\"},\"primaryImageOfPage\":{\"@id\":\"https:\/\/www.liassidipalacehotel.com\/es\/opiniones\/#primaryimage\"},\"image\":{\"@id\":\"https:\/\/www.liassidipalacehotel.com\/es\/opiniones\/#primaryimage\"},\"thumbnailUrl\":\"https:\/\/www.liassidipalacehotel.com\/wp-content\/uploads\/2016\/10\/WIDGETS.jpg\",\"datePublished\":\"2017-01-30T16:18:42+00:00\",\"dateModified\":\"2017-05-19T06:58:44+00:00\",\"breadcrumb\":{\"@id\":\"https:\/\/www.liassidipalacehotel.com\/es\/opiniones\/#breadcrumb\"},\"inLanguage\":\"es\",\"potentialAction\":[{\"@type\":\"ReadAction\",\"target\":[\"https:\/\/www.liassidipalacehotel.com\/es\/opiniones\/\"]}]},{\"@type\":\"ImageObject\",\"inLanguage\":\"es\",\"@id\":\"https:\/\/www.liassidipalacehotel.com\/es\/opiniones\/#primaryimage\",\"url\":\"https:\/\/www.liassidipalacehotel.com\/wp-content\/uploads\/2016\/10\/WIDGETS.jpg\",\"contentUrl\":\"https:\/\/www.liassidipalacehotel.com\/wp-content\/uploads\/2016\/10\/WIDGETS.jpg\"},{\"@type\":\"BreadcrumbList\",\"@id\":\"https:\/\/www.liassidipalacehotel.com\/es\/opiniones\/#breadcrumb\",\"itemListElement\":[{\"@type\":\"ListItem\",\"position\":1,\"name\":\"Home\",\"item\":\"https:\/\/www.liassidipalacehotel.com\/es\/\"},{\"@type\":\"ListItem\",\"position\":2,\"name\":\"Opiniones\"}]},{\"@type\":\"WebSite\",\"@id\":\"https:\/\/www.liassidipalacehotel.com\/en\/#website\",\"url\":\"https:\/\/www.liassidipalacehotel.com\/en\/\",\"name\":\"Liassidi Palace Hotel\",\"description\":\"Un nuovo sito targato WordPress\",\"publisher\":{\"@id\":\"https:\/\/www.liassidipalacehotel.com\/en\/#organization\"},\"potentialAction\":[{\"@type\":\"SearchAction\",\"target\":{\"@type\":\"EntryPoint\",\"urlTemplate\":\"https:\/\/www.liassidipalacehotel.com\/en\/?s={search_term_string}\"},\"query-input\":{\"@type\":\"PropertyValueSpecification\",\"valueRequired\":true,\"valueName\":\"search_term_string\"}}],\"inLanguage\":\"es\"},{\"@type\":\"Organization\",\"@id\":\"https:\/\/www.liassidipalacehotel.com\/en\/#organization\",\"name\":\"Liassidi Palace Hotel\",\"url\":\"https:\/\/www.liassidipalacehotel.com\/en\/\",\"logo\":{\"@type\":\"ImageObject\",\"inLanguage\":\"es\",\"@id\":\"https:\/\/www.liassidipalacehotel.com\/en\/#\/schema\/logo\/image\/\",\"url\":\"https:\/\/www.liassidipalacehotel.com\/wp-content\/uploads\/2016\/09\/logo-liassidipalace-1.png\",\"contentUrl\":\"https:\/\/www.liassidipalacehotel.com\/wp-content\/uploads\/2016\/09\/logo-liassidipalace-1.png\",\"width\":200,\"height\":200,\"caption\":\"Liassidi Palace Hotel\"},\"image\":{\"@id\":\"https:\/\/www.liassidipalacehotel.com\/en\/#\/schema\/logo\/image\/\"},\"sameAs\":[\"https:\/\/www.facebook.com\/Liassidi\/?fref=ts\"]}]}<\/script>\n<!-- \/ Yoast SEO plugin. -->","yoast_head_json":{"title":"Opiniones - Liassidi Palace Hotel","robots":{"index":"index","follow":"follow","max-snippet":"max-snippet:-1","max-image-preview":"max-image-preview:large","max-video-preview":"max-video-preview:-1"},"canonical":"https:\/\/www.liassidipalacehotel.com\/es\/opiniones\/","og_locale":"es_ES","og_type":"article","og_title":"Opiniones - Liassidi Palace Hotel","og_description":"\u00a1Consulta las opiniones que nuestros hu\u00e9spedes han publicado en los m\u00e1s importantes portales de rese\u00f1as online! Te recordamos que solo reservando directamente en nuestro Sitio Oficial ser\u00e1s un viajero privilegiado: \u00a1ser\u00e1s atendido personalmente por nuestro equipo desde el principio hasta el final y podr\u00e1s beneficiarte de tarifas especiales, ofertas y promociones reservadas exclusivamente para ti! Adem\u00e1s, si reservas a trav\u00e9s de nuestro Sitio Oficial, se...Read More","og_url":"https:\/\/www.liassidipalacehotel.com\/es\/opiniones\/","og_site_name":"Liassidi Palace Hotel","article_publisher":"https:\/\/www.facebook.com\/Liassidi\/?fref=ts","article_modified_time":"2017-05-19T06:58:44+00:00","og_image":[{"width":515,"height":288,"url":"https:\/\/www.liassidipalacehotel.com\/wp-content\/uploads\/2016\/10\/WIDGETS.jpg","type":"image\/jpeg"}],"twitter_card":"summary_large_image","twitter_misc":{"Tiempo de lectura":"1 minuto"},"schema":{"@context":"https:\/\/schema.org","@graph":[{"@type":"WebPage","@id":"https:\/\/www.liassidipalacehotel.com\/es\/opiniones\/","url":"https:\/\/www.liassidipalacehotel.com\/es\/opiniones\/","name":"Opiniones - Liassidi Palace Hotel","isPartOf":{"@id":"https:\/\/www.liassidipalacehotel.com\/en\/#website"},"primaryImageOfPage":{"@id":"https:\/\/www.liassidipalacehotel.com\/es\/opiniones\/#primaryimage"},"image":{"@id":"https:\/\/www.liassidipalacehotel.com\/es\/opiniones\/#primaryimage"},"thumbnailUrl":"https:\/\/www.liassidipalacehotel.com\/wp-content\/uploads\/2016\/10\/WIDGETS.jpg","datePublished":"2017-01-30T16:18:42+00:00","dateModified":"2017-05-19T06:58:44+00:00","breadcrumb":{"@id":"https:\/\/www.liassidipalacehotel.com\/es\/opiniones\/#breadcrumb"},"inLanguage":"es","potentialAction":[{"@type":"ReadAction","target":["https:\/\/www.liassidipalacehotel.com\/es\/opiniones\/"]}]},{"@type":"ImageObject","inLanguage":"es","@id":"https:\/\/www.liassidipalacehotel.com\/es\/opiniones\/#primaryimage","url":"https:\/\/www.liassidipalacehotel.com\/wp-content\/uploads\/2016\/10\/WIDGETS.jpg","contentUrl":"https:\/\/www.liassidipalacehotel.com\/wp-content\/uploads\/2016\/10\/WIDGETS.jpg"},{"@type":"BreadcrumbList","@id":"https:\/\/www.liassidipalacehotel.com\/es\/opiniones\/#breadcrumb","itemListElement":[{"@type":"ListItem","position":1,"name":"Home","item":"https:\/\/www.liassidipalacehotel.com\/es\/"},{"@type":"ListItem","position":2,"name":"Opiniones"}]},{"@type":"WebSite","@id":"https:\/\/www.liassidipalacehotel.com\/en\/#website","url":"https:\/\/www.liassidipalacehotel.com\/en\/","name":"Liassidi Palace Hotel","description":"Un nuovo sito targato WordPress","publisher":{"@id":"https:\/\/www.liassidipalacehotel.com\/en\/#organization"},"potentialAction":[{"@type":"SearchAction","target":{"@type":"EntryPoint","urlTemplate":"https:\/\/www.liassidipalacehotel.com\/en\/?s={search_term_string}"},"query-input":{"@type":"PropertyValueSpecification","valueRequired":true,"valueName":"search_term_string"}}],"inLanguage":"es"},{"@type":"Organization","@id":"https:\/\/www.liassidipalacehotel.com\/en\/#organization","name":"Liassidi Palace Hotel","url":"https:\/\/www.liassidipalacehotel.com\/en\/","logo":{"@type":"ImageObject","inLanguage":"es","@id":"https:\/\/www.liassidipalacehotel.com\/en\/#\/schema\/logo\/image\/","url":"https:\/\/www.liassidipalacehotel.com\/wp-content\/uploads\/2016\/09\/logo-liassidipalace-1.png","contentUrl":"https:\/\/www.liassidipalacehotel.com\/wp-content\/uploads\/2016\/09\/logo-liassidipalace-1.png","width":200,"height":200,"caption":"Liassidi Palace Hotel"},"image":{"@id":"https:\/\/www.liassidipalacehotel.com\/en\/#\/schema\/logo\/image\/"},"sameAs":["https:\/\/www.facebook.com\/Liassidi\/?fref=ts"]}]}},"_links":{"self":[{"href":"https:\/\/www.liassidipalacehotel.com\/es\/wp-json\/wp\/v2\/pages\/335","targetHints":{"allow":["GET"]}}],"collection":[{"href":"https:\/\/www.liassidipalacehotel.com\/es\/wp-json\/wp\/v2\/pages"}],"about":[{"href":"https:\/\/www.liassidipalacehotel.com\/es\/wp-json\/wp\/v2\/types\/page"}],"author":[{"embeddable":true,"href":"https:\/\/www.liassidipalacehotel.com\/es\/wp-json\/wp\/v2\/users\/1"}],"replies":[{"embeddable":true,"href":"https:\/\/www.liassidipalacehotel.com\/es\/wp-json\/wp\/v2\/comments?post=335"}],"version-history":[{"count":1,"href":"https:\/\/www.liassidipalacehotel.com\/es\/wp-json\/wp\/v2\/pages\/335\/revisions"}],"predecessor-version":[{"id":714,"href":"https:\/\/www.liassidipalacehotel.com\/es\/wp-json\/wp\/v2\/pages\/335\/revisions\/714"}],"wp:attachment":[{"href":"https:\/\/www.liassidipalacehotel.com\/es\/wp-json\/wp\/v2\/media?parent=335"}],"curies":[{"name":"wp","href":"https:\/\/api.w.org\/{rel}","templated":true}]}}