{"id":843,"date":"2017-08-03T09:33:08","date_gmt":"2017-08-03T07:33:08","guid":{"rendered":"https:\/\/www.liassidipalacehotel.com\/habitaciones-2\/"},"modified":"2017-08-03T09:33:08","modified_gmt":"2017-08-03T07:33:08","slug":"habitaciones-2","status":"publish","type":"page","link":"https:\/\/www.liassidipalacehotel.com\/es\/habitaciones-2\/","title":{"rendered":"Habitaciones"},"content":{"rendered":"<p style=\"text-align: center;\">Distribuidas en cinco plantas, las extraordinarias habitaciones del Liassidi Palace Hotel 4 estrellas se distinguen por sus grandes dimensiones y por la decoraci\u00f3n, en todas ellas distinta y sofisticada, en equilibrio entre el dise\u00f1o contempor\u00e1neo y el s. XVIII veneciano, haciendo de nuestra casa uno de los m\u00e1s atractivos y exclusivos boutique hotel de Venecia.<br \/>\nLos muebles de roble claro y nogal nacional y los amplios puntos de luz sabiamente decorados con cortinas de telas preciosas, impregnan el ambiente de c\u00e1lidas atm\u00f3sferas, agradablemente acompa\u00f1adas por piezas de dise\u00f1o contempor\u00e1neo y del s. XX, y espl\u00e9ndidas \u00abcopias de autor\u00bb sobre lienzo de las principales obras de los grandes maestros del s. XX (Gustav Klimt, Tamara De Lempicka, Amedeo Modigliani, Paul Gauguin, Andy Warhol, Claude Monet, Pablo Picasso y muchos m\u00e1s).<\/p>\n<p style=\"text-align: center;\">Las habitaciones disfrutan de vistas al canal, algunas con impresionantes vistas al Bacino di San Marco y a la iglesia de la isla de San Giorgio, otras a la bell\u00edsima iglesia de San Giorgio dei Greci, al jard\u00edn del patio interior y a las t\u00edpicas callejuelas venecianas.<br \/>\nDescansar\u00e1 en confortables habitaciones, con parqu\u00e9 o suelos venecianos, techos altos, ventanas de estilo g\u00f3tico y armarios decorados con peque\u00f1os espejos, aut\u00e9nticas joyas de la decoraci\u00f3n.<br \/>\nEntre nuestros principales motivos de orgullo deben destacarse los ba\u00f1os, amplios y dotados de todas las comodidades, con paredes completamente decoradas con mosaicos \u00abBisazza\u00bb, ba\u00f1eras de hidromasaje o cabinas de ducha con ducha escocesa.<\/p>\n","protected":false},"excerpt":{"rendered":"<p>Distribuidas en cinco plantas, las extraordinarias habitaciones del Liassidi Palace Hotel 4 estrellas se distinguen por sus grandes dimensiones y por la decoraci\u00f3n, en todas ellas distinta y sofisticada, en equilibrio entre el dise\u00f1o contempor\u00e1neo y el s. XVIII veneciano, haciendo de nuestra casa uno de los m\u00e1s atractivos y exclusivos boutique hotel de Venecia. Los muebles de roble claro y nogal nacional y los&#8230;<\/p>\n<p><a class=\"more-link\" href=\"https:\/\/www.liassidipalacehotel.com\/es\/habitaciones-2\/\">Read More<\/a><\/p>\n","protected":false},"author":1,"featured_media":0,"parent":0,"menu_order":0,"comment_status":"closed","ping_status":"closed","template":"rooms.php","meta":{"footnotes":""},"class_list":["post-843","page","type-page","status-publish","hentry"],"yoast_head":"<!-- This site is optimized with the Yoast SEO plugin v25.3.1 - https:\/\/yoast.com\/wordpress\/plugins\/seo\/ -->\n<title>Habitaciones - Liassidi Palace Hotel<\/title>\n<meta name=\"robots\" content=\"index, follow, max-snippet:-1, max-image-preview:large, max-video-preview:-1\" \/>\n<link rel=\"canonical\" href=\"https:\/\/www.liassidipalacehotel.com\/es\/habitaciones-2\/\" \/>\n<meta property=\"og:locale\" content=\"es_ES\" \/>\n<meta property=\"og:type\" content=\"article\" \/>\n<meta property=\"og:title\" content=\"Habitaciones - Liassidi Palace Hotel\" \/>\n<meta property=\"og:description\" content=\"Distribuidas en cinco plantas, las extraordinarias habitaciones del Liassidi Palace Hotel 4 estrellas se distinguen por sus grandes dimensiones y por la decoraci\u00f3n, en todas ellas distinta y sofisticada, en equilibrio entre el dise\u00f1o contempor\u00e1neo y el s. XVIII veneciano, haciendo de nuestra casa uno de los m\u00e1s atractivos y exclusivos boutique hotel de Venecia. Los muebles de roble claro y nogal nacional y los...Read More\" \/>\n<meta property=\"og:url\" content=\"https:\/\/www.liassidipalacehotel.com\/es\/habitaciones-2\/\" \/>\n<meta property=\"og:site_name\" content=\"Liassidi Palace Hotel\" \/>\n<meta property=\"article:publisher\" content=\"https:\/\/www.facebook.com\/Liassidi\/?fref=ts\" \/>\n<meta name=\"twitter:card\" content=\"summary_large_image\" \/>\n<meta name=\"twitter:label1\" content=\"Tiempo de lectura\" \/>\n\t<meta name=\"twitter:data1\" content=\"1 minuto\" \/>\n<script type=\"application\/ld+json\" class=\"yoast-schema-graph\">{\"@context\":\"https:\/\/schema.org\",\"@graph\":[{\"@type\":\"WebPage\",\"@id\":\"https:\/\/www.liassidipalacehotel.com\/es\/habitaciones-2\/\",\"url\":\"https:\/\/www.liassidipalacehotel.com\/es\/habitaciones-2\/\",\"name\":\"Habitaciones - Liassidi Palace Hotel\",\"isPartOf\":{\"@id\":\"https:\/\/www.liassidipalacehotel.com\/en\/#website\"},\"datePublished\":\"2017-08-03T07:33:08+00:00\",\"breadcrumb\":{\"@id\":\"https:\/\/www.liassidipalacehotel.com\/es\/habitaciones-2\/#breadcrumb\"},\"inLanguage\":\"es\",\"potentialAction\":[{\"@type\":\"ReadAction\",\"target\":[\"https:\/\/www.liassidipalacehotel.com\/es\/habitaciones-2\/\"]}]},{\"@type\":\"BreadcrumbList\",\"@id\":\"https:\/\/www.liassidipalacehotel.com\/es\/habitaciones-2\/#breadcrumb\",\"itemListElement\":[{\"@type\":\"ListItem\",\"position\":1,\"name\":\"Home\",\"item\":\"https:\/\/www.liassidipalacehotel.com\/es\/\"},{\"@type\":\"ListItem\",\"position\":2,\"name\":\"Habitaciones\"}]},{\"@type\":\"WebSite\",\"@id\":\"https:\/\/www.liassidipalacehotel.com\/en\/#website\",\"url\":\"https:\/\/www.liassidipalacehotel.com\/en\/\",\"name\":\"Liassidi Palace Hotel\",\"description\":\"Un nuovo sito targato WordPress\",\"publisher\":{\"@id\":\"https:\/\/www.liassidipalacehotel.com\/en\/#organization\"},\"potentialAction\":[{\"@type\":\"SearchAction\",\"target\":{\"@type\":\"EntryPoint\",\"urlTemplate\":\"https:\/\/www.liassidipalacehotel.com\/en\/?s={search_term_string}\"},\"query-input\":{\"@type\":\"PropertyValueSpecification\",\"valueRequired\":true,\"valueName\":\"search_term_string\"}}],\"inLanguage\":\"es\"},{\"@type\":\"Organization\",\"@id\":\"https:\/\/www.liassidipalacehotel.com\/en\/#organization\",\"name\":\"Liassidi Palace Hotel\",\"url\":\"https:\/\/www.liassidipalacehotel.com\/en\/\",\"logo\":{\"@type\":\"ImageObject\",\"inLanguage\":\"es\",\"@id\":\"https:\/\/www.liassidipalacehotel.com\/en\/#\/schema\/logo\/image\/\",\"url\":\"https:\/\/www.liassidipalacehotel.com\/wp-content\/uploads\/2016\/09\/logo-liassidipalace-1.png\",\"contentUrl\":\"https:\/\/www.liassidipalacehotel.com\/wp-content\/uploads\/2016\/09\/logo-liassidipalace-1.png\",\"width\":200,\"height\":200,\"caption\":\"Liassidi Palace Hotel\"},\"image\":{\"@id\":\"https:\/\/www.liassidipalacehotel.com\/en\/#\/schema\/logo\/image\/\"},\"sameAs\":[\"https:\/\/www.facebook.com\/Liassidi\/?fref=ts\"]}]}<\/script>\n<!-- \/ Yoast SEO plugin. -->","yoast_head_json":{"title":"Habitaciones - Liassidi Palace Hotel","robots":{"index":"index","follow":"follow","max-snippet":"max-snippet:-1","max-image-preview":"max-image-preview:large","max-video-preview":"max-video-preview:-1"},"canonical":"https:\/\/www.liassidipalacehotel.com\/es\/habitaciones-2\/","og_locale":"es_ES","og_type":"article","og_title":"Habitaciones - Liassidi Palace Hotel","og_description":"Distribuidas en cinco plantas, las extraordinarias habitaciones del Liassidi Palace Hotel 4 estrellas se distinguen por sus grandes dimensiones y por la decoraci\u00f3n, en todas ellas distinta y sofisticada, en equilibrio entre el dise\u00f1o contempor\u00e1neo y el s. XVIII veneciano, haciendo de nuestra casa uno de los m\u00e1s atractivos y exclusivos boutique hotel de Venecia. Los muebles de roble claro y nogal nacional y los...Read More","og_url":"https:\/\/www.liassidipalacehotel.com\/es\/habitaciones-2\/","og_site_name":"Liassidi Palace Hotel","article_publisher":"https:\/\/www.facebook.com\/Liassidi\/?fref=ts","twitter_card":"summary_large_image","twitter_misc":{"Tiempo de lectura":"1 minuto"},"schema":{"@context":"https:\/\/schema.org","@graph":[{"@type":"WebPage","@id":"https:\/\/www.liassidipalacehotel.com\/es\/habitaciones-2\/","url":"https:\/\/www.liassidipalacehotel.com\/es\/habitaciones-2\/","name":"Habitaciones - Liassidi Palace Hotel","isPartOf":{"@id":"https:\/\/www.liassidipalacehotel.com\/en\/#website"},"datePublished":"2017-08-03T07:33:08+00:00","breadcrumb":{"@id":"https:\/\/www.liassidipalacehotel.com\/es\/habitaciones-2\/#breadcrumb"},"inLanguage":"es","potentialAction":[{"@type":"ReadAction","target":["https:\/\/www.liassidipalacehotel.com\/es\/habitaciones-2\/"]}]},{"@type":"BreadcrumbList","@id":"https:\/\/www.liassidipalacehotel.com\/es\/habitaciones-2\/#breadcrumb","itemListElement":[{"@type":"ListItem","position":1,"name":"Home","item":"https:\/\/www.liassidipalacehotel.com\/es\/"},{"@type":"ListItem","position":2,"name":"Habitaciones"}]},{"@type":"WebSite","@id":"https:\/\/www.liassidipalacehotel.com\/en\/#website","url":"https:\/\/www.liassidipalacehotel.com\/en\/","name":"Liassidi Palace Hotel","description":"Un nuovo sito targato WordPress","publisher":{"@id":"https:\/\/www.liassidipalacehotel.com\/en\/#organization"},"potentialAction":[{"@type":"SearchAction","target":{"@type":"EntryPoint","urlTemplate":"https:\/\/www.liassidipalacehotel.com\/en\/?s={search_term_string}"},"query-input":{"@type":"PropertyValueSpecification","valueRequired":true,"valueName":"search_term_string"}}],"inLanguage":"es"},{"@type":"Organization","@id":"https:\/\/www.liassidipalacehotel.com\/en\/#organization","name":"Liassidi Palace Hotel","url":"https:\/\/www.liassidipalacehotel.com\/en\/","logo":{"@type":"ImageObject","inLanguage":"es","@id":"https:\/\/www.liassidipalacehotel.com\/en\/#\/schema\/logo\/image\/","url":"https:\/\/www.liassidipalacehotel.com\/wp-content\/uploads\/2016\/09\/logo-liassidipalace-1.png","contentUrl":"https:\/\/www.liassidipalacehotel.com\/wp-content\/uploads\/2016\/09\/logo-liassidipalace-1.png","width":200,"height":200,"caption":"Liassidi Palace Hotel"},"image":{"@id":"https:\/\/www.liassidipalacehotel.com\/en\/#\/schema\/logo\/image\/"},"sameAs":["https:\/\/www.facebook.com\/Liassidi\/?fref=ts"]}]}},"_links":{"self":[{"href":"https:\/\/www.liassidipalacehotel.com\/es\/wp-json\/wp\/v2\/pages\/843","targetHints":{"allow":["GET"]}}],"collection":[{"href":"https:\/\/www.liassidipalacehotel.com\/es\/wp-json\/wp\/v2\/pages"}],"about":[{"href":"https:\/\/www.liassidipalacehotel.com\/es\/wp-json\/wp\/v2\/types\/page"}],"author":[{"embeddable":true,"href":"https:\/\/www.liassidipalacehotel.com\/es\/wp-json\/wp\/v2\/users\/1"}],"replies":[{"embeddable":true,"href":"https:\/\/www.liassidipalacehotel.com\/es\/wp-json\/wp\/v2\/comments?post=843"}],"version-history":[{"count":0,"href":"https:\/\/www.liassidipalacehotel.com\/es\/wp-json\/wp\/v2\/pages\/843\/revisions"}],"wp:attachment":[{"href":"https:\/\/www.liassidipalacehotel.com\/es\/wp-json\/wp\/v2\/media?parent=843"}],"curies":[{"name":"wp","href":"https:\/\/api.w.org\/{rel}","templated":true}]}}