{"id":282,"date":"2017-01-18T11:43:39","date_gmt":"2017-01-18T10:43:39","guid":{"rendered":"http:\/\/www.liassidipalacehotel.com\/fr\/?page_id=282"},"modified":"2017-05-10T11:35:04","modified_gmt":"2017-05-10T09:35:04","slug":"bienvenue","status":"publish","type":"page","link":"https:\/\/www.liassidipalacehotel.com\/fr\/","title":{"rendered":"Bienvenue!"},"content":{"rendered":"<p>Luxe, art et d\u00e9tente vous attendent \u00e0 Venise, dans les grandes chambres lumineuses du Liassidi Palace, un h\u00f4tel-boutique quatre \u00e9toiles du centre historique, dans un quartier au calme rare, \u00e0 deux pas de la Place Saint-Marc.<\/p>\n<p>Entre les sestieri de Castello et de San Marco, dans un palais gothique restaur\u00e9, le palais gothique Zorzi aux colonnes tordues, vous appr\u00e9cierez l&rsquo;atmosph\u00e8re romantique des anciennes r\u00e9sidences v\u00e9nitiennes, avec de grandes chambres, agr\u00e9ment\u00e9es de belles reproductions de toiles de ma\u00eetres, d&rsquo;huiles sur toile, de chefs-d&rsquo;\u0153uvre qui ont marqu\u00e9 l&rsquo;art pictural du si\u00e8cle dernier.<\/p>\n<p>Nos suites ont toutes un charme unique et offrent une vue caract\u00e9ristique de Venise sur les canaux typiques et des vues \u00e0 couper le souffle.<\/p>\n<p>Au Liassidi Palace Hotel, le charme irr\u00e9sistible de Venise est intact. Vous serez comme envo\u00fbt\u00e9 et vivrez un s\u00e9jour de r\u00eave, baignant dans l&rsquo;art et la musique.<\/p>\n","protected":false},"excerpt":{"rendered":"<p>Luxe, art et d\u00e9tente vous attendent \u00e0 Venise, dans les grandes chambres lumineuses du Liassidi Palace, un h\u00f4tel-boutique quatre \u00e9toiles du centre historique, dans un quartier au calme rare, \u00e0 deux pas de la Place Saint-Marc. Entre les sestieri de Castello et de San Marco, dans un palais gothique restaur\u00e9, le palais gothique Zorzi aux colonnes tordues, vous appr\u00e9cierez l&rsquo;atmosph\u00e8re romantique des anciennes r\u00e9sidences v\u00e9nitiennes,&#8230;<\/p>\n<p><a class=\"more-link\" href=\"https:\/\/www.liassidipalacehotel.com\/fr\/\">Read More<\/a><\/p>\n","protected":false},"author":1,"featured_media":0,"parent":0,"menu_order":0,"comment_status":"closed","ping_status":"closed","template":"home-template.php","meta":{"footnotes":""},"class_list":["post-282","page","type-page","status-publish","hentry"],"yoast_head":"<!-- This site is optimized with the Yoast SEO plugin v25.3.1 - https:\/\/yoast.com\/wordpress\/plugins\/seo\/ -->\n<title>Liassidi Palace Hotel - Venice - Official Website<\/title>\n<meta name=\"description\" content=\"Luxe, art et d\u00e9tente vous attendent \u00e0 Venise, dans les grandes chambres lumineuses du Liassidi Palace, un h\u00f4tel-boutique quatre \u00e9toiles du centre historique, dans un quartier au calme rare, \u00e0 deux pas de la Place Saint-Marc. Entre les sestieri de Castello et de San Marco, dans un palais gothique restaur\u00e9, le palais gothique Zorzi aux colonnes tordues, vous appr\u00e9cierez l&#039;atmosph\u00e8re romantique des anciennes r\u00e9sidences v\u00e9nitiennes, avec de grandes chambres, agr\u00e9ment\u00e9es de belles reproductions de toiles de ma\u00eetres, d&#039;huiles sur toile, de chefs-d&#039;\u0153uvre qui ont marqu\u00e9 l&#039;art pictural du si\u00e8cle dernier. Nos suites ont toutes un charme unique et offrent une vue caract\u00e9ristique de Venise sur les canaux typiques et des vues \u00e0 couper le souffle. Au Liassidi Palace Hotel, le charme irr\u00e9sistible de Venise est intact. Vous serez comme envo\u00fbt\u00e9 et vivrez un s\u00e9jour de r\u00eave, baignant dans l&#039;art et la musique.\" \/>\n<meta name=\"robots\" content=\"index, follow, max-snippet:-1, max-image-preview:large, max-video-preview:-1\" \/>\n<link rel=\"canonical\" href=\"https:\/\/www.liassidipalacehotel.com\/fr\/\" \/>\n<meta property=\"og:locale\" content=\"fr_FR\" \/>\n<meta property=\"og:type\" content=\"article\" \/>\n<meta property=\"og:title\" content=\"Liassidi Palace Hotel - Venice - Official Website\" \/>\n<meta property=\"og:description\" content=\"Luxe, art et d\u00e9tente vous attendent \u00e0 Venise, dans les grandes chambres lumineuses du Liassidi Palace, un h\u00f4tel-boutique quatre \u00e9toiles du centre historique, dans un quartier au calme rare, \u00e0 deux pas de la Place Saint-Marc. Entre les sestieri de Castello et de San Marco, dans un palais gothique restaur\u00e9, le palais gothique Zorzi aux colonnes tordues, vous appr\u00e9cierez l&#039;atmosph\u00e8re romantique des anciennes r\u00e9sidences v\u00e9nitiennes, avec de grandes chambres, agr\u00e9ment\u00e9es de belles reproductions de toiles de ma\u00eetres, d&#039;huiles sur toile, de chefs-d&#039;\u0153uvre qui ont marqu\u00e9 l&#039;art pictural du si\u00e8cle dernier. Nos suites ont toutes un charme unique et offrent une vue caract\u00e9ristique de Venise sur les canaux typiques et des vues \u00e0 couper le souffle. Au Liassidi Palace Hotel, le charme irr\u00e9sistible de Venise est intact. Vous serez comme envo\u00fbt\u00e9 et vivrez un s\u00e9jour de r\u00eave, baignant dans l&#039;art et la musique.\" \/>\n<meta property=\"og:url\" content=\"https:\/\/www.liassidipalacehotel.com\/fr\/\" \/>\n<meta property=\"og:site_name\" content=\"Liassidi Palace Hotel\" \/>\n<meta property=\"article:publisher\" content=\"https:\/\/www.facebook.com\/Liassidi\/?fref=ts\" \/>\n<meta property=\"article:modified_time\" content=\"2017-05-10T09:35:04+00:00\" \/>\n<meta name=\"twitter:card\" content=\"summary_large_image\" \/>\n<meta name=\"twitter:label1\" content=\"Dur\u00e9e de lecture estim\u00e9e\" \/>\n\t<meta name=\"twitter:data1\" content=\"1 minute\" \/>\n<script type=\"application\/ld+json\" class=\"yoast-schema-graph\">{\"@context\":\"https:\/\/schema.org\",\"@graph\":[{\"@type\":\"WebPage\",\"@id\":\"https:\/\/www.liassidipalacehotel.com\/fr\/\",\"url\":\"https:\/\/www.liassidipalacehotel.com\/fr\/\",\"name\":\"Liassidi Palace Hotel - Venice - Official Website\",\"isPartOf\":{\"@id\":\"https:\/\/www.liassidipalacehotel.com\/en\/#website\"},\"datePublished\":\"2017-01-18T10:43:39+00:00\",\"dateModified\":\"2017-05-10T09:35:04+00:00\",\"description\":\"Luxe, art et d\u00e9tente vous attendent \u00e0 Venise, dans les grandes chambres lumineuses du Liassidi Palace, un h\u00f4tel-boutique quatre \u00e9toiles du centre historique, dans un quartier au calme rare, \u00e0 deux pas de la Place Saint-Marc. Entre les sestieri de Castello et de San Marco, dans un palais gothique restaur\u00e9, le palais gothique Zorzi aux colonnes tordues, vous appr\u00e9cierez l'atmosph\u00e8re romantique des anciennes r\u00e9sidences v\u00e9nitiennes, avec de grandes chambres, agr\u00e9ment\u00e9es de belles reproductions de toiles de ma\u00eetres, d'huiles sur toile, de chefs-d'\u0153uvre qui ont marqu\u00e9 l'art pictural du si\u00e8cle dernier. Nos suites ont toutes un charme unique et offrent une vue caract\u00e9ristique de Venise sur les canaux typiques et des vues \u00e0 couper le souffle. Au Liassidi Palace Hotel, le charme irr\u00e9sistible de Venise est intact. Vous serez comme envo\u00fbt\u00e9 et vivrez un s\u00e9jour de r\u00eave, baignant dans l'art et la musique.\",\"breadcrumb\":{\"@id\":\"https:\/\/www.liassidipalacehotel.com\/fr\/#breadcrumb\"},\"inLanguage\":\"fr-FR\",\"potentialAction\":[{\"@type\":\"ReadAction\",\"target\":[\"https:\/\/www.liassidipalacehotel.com\/fr\/\"]}]},{\"@type\":\"BreadcrumbList\",\"@id\":\"https:\/\/www.liassidipalacehotel.com\/fr\/#breadcrumb\",\"itemListElement\":[{\"@type\":\"ListItem\",\"position\":1,\"name\":\"Home\",\"item\":\"https:\/\/www.liassidipalacehotel.com\/fr\/\"},{\"@type\":\"ListItem\",\"position\":2,\"name\":\"Bienvenue!\"}]},{\"@type\":\"WebSite\",\"@id\":\"https:\/\/www.liassidipalacehotel.com\/en\/#website\",\"url\":\"https:\/\/www.liassidipalacehotel.com\/en\/\",\"name\":\"Liassidi Palace Hotel\",\"description\":\"Un nuovo sito targato WordPress\",\"publisher\":{\"@id\":\"https:\/\/www.liassidipalacehotel.com\/en\/#organization\"},\"potentialAction\":[{\"@type\":\"SearchAction\",\"target\":{\"@type\":\"EntryPoint\",\"urlTemplate\":\"https:\/\/www.liassidipalacehotel.com\/en\/?s={search_term_string}\"},\"query-input\":{\"@type\":\"PropertyValueSpecification\",\"valueRequired\":true,\"valueName\":\"search_term_string\"}}],\"inLanguage\":\"fr-FR\"},{\"@type\":\"Organization\",\"@id\":\"https:\/\/www.liassidipalacehotel.com\/en\/#organization\",\"name\":\"Liassidi Palace Hotel\",\"url\":\"https:\/\/www.liassidipalacehotel.com\/en\/\",\"logo\":{\"@type\":\"ImageObject\",\"inLanguage\":\"fr-FR\",\"@id\":\"https:\/\/www.liassidipalacehotel.com\/en\/#\/schema\/logo\/image\/\",\"url\":\"https:\/\/www.liassidipalacehotel.com\/wp-content\/uploads\/2016\/09\/logo-liassidipalace-1.png\",\"contentUrl\":\"https:\/\/www.liassidipalacehotel.com\/wp-content\/uploads\/2016\/09\/logo-liassidipalace-1.png\",\"width\":200,\"height\":200,\"caption\":\"Liassidi Palace Hotel\"},\"image\":{\"@id\":\"https:\/\/www.liassidipalacehotel.com\/en\/#\/schema\/logo\/image\/\"},\"sameAs\":[\"https:\/\/www.facebook.com\/Liassidi\/?fref=ts\"]}]}<\/script>\n<!-- \/ Yoast SEO plugin. -->","yoast_head_json":{"title":"Liassidi Palace Hotel - Venice - Official Website","description":"Luxe, art et d\u00e9tente vous attendent \u00e0 Venise, dans les grandes chambres lumineuses du Liassidi Palace, un h\u00f4tel-boutique quatre \u00e9toiles du centre historique, dans un quartier au calme rare, \u00e0 deux pas de la Place Saint-Marc. Entre les sestieri de Castello et de San Marco, dans un palais gothique restaur\u00e9, le palais gothique Zorzi aux colonnes tordues, vous appr\u00e9cierez l'atmosph\u00e8re romantique des anciennes r\u00e9sidences v\u00e9nitiennes, avec de grandes chambres, agr\u00e9ment\u00e9es de belles reproductions de toiles de ma\u00eetres, d'huiles sur toile, de chefs-d'\u0153uvre qui ont marqu\u00e9 l'art pictural du si\u00e8cle dernier. Nos suites ont toutes un charme unique et offrent une vue caract\u00e9ristique de Venise sur les canaux typiques et des vues \u00e0 couper le souffle. Au Liassidi Palace Hotel, le charme irr\u00e9sistible de Venise est intact. Vous serez comme envo\u00fbt\u00e9 et vivrez un s\u00e9jour de r\u00eave, baignant dans l'art et la musique.","robots":{"index":"index","follow":"follow","max-snippet":"max-snippet:-1","max-image-preview":"max-image-preview:large","max-video-preview":"max-video-preview:-1"},"canonical":"https:\/\/www.liassidipalacehotel.com\/fr\/","og_locale":"fr_FR","og_type":"article","og_title":"Liassidi Palace Hotel - Venice - Official Website","og_description":"Luxe, art et d\u00e9tente vous attendent \u00e0 Venise, dans les grandes chambres lumineuses du Liassidi Palace, un h\u00f4tel-boutique quatre \u00e9toiles du centre historique, dans un quartier au calme rare, \u00e0 deux pas de la Place Saint-Marc. Entre les sestieri de Castello et de San Marco, dans un palais gothique restaur\u00e9, le palais gothique Zorzi aux colonnes tordues, vous appr\u00e9cierez l'atmosph\u00e8re romantique des anciennes r\u00e9sidences v\u00e9nitiennes, avec de grandes chambres, agr\u00e9ment\u00e9es de belles reproductions de toiles de ma\u00eetres, d'huiles sur toile, de chefs-d'\u0153uvre qui ont marqu\u00e9 l'art pictural du si\u00e8cle dernier. Nos suites ont toutes un charme unique et offrent une vue caract\u00e9ristique de Venise sur les canaux typiques et des vues \u00e0 couper le souffle. Au Liassidi Palace Hotel, le charme irr\u00e9sistible de Venise est intact. Vous serez comme envo\u00fbt\u00e9 et vivrez un s\u00e9jour de r\u00eave, baignant dans l'art et la musique.","og_url":"https:\/\/www.liassidipalacehotel.com\/fr\/","og_site_name":"Liassidi Palace Hotel","article_publisher":"https:\/\/www.facebook.com\/Liassidi\/?fref=ts","article_modified_time":"2017-05-10T09:35:04+00:00","twitter_card":"summary_large_image","twitter_misc":{"Dur\u00e9e de lecture estim\u00e9e":"1 minute"},"schema":{"@context":"https:\/\/schema.org","@graph":[{"@type":"WebPage","@id":"https:\/\/www.liassidipalacehotel.com\/fr\/","url":"https:\/\/www.liassidipalacehotel.com\/fr\/","name":"Liassidi Palace Hotel - Venice - Official Website","isPartOf":{"@id":"https:\/\/www.liassidipalacehotel.com\/en\/#website"},"datePublished":"2017-01-18T10:43:39+00:00","dateModified":"2017-05-10T09:35:04+00:00","description":"Luxe, art et d\u00e9tente vous attendent \u00e0 Venise, dans les grandes chambres lumineuses du Liassidi Palace, un h\u00f4tel-boutique quatre \u00e9toiles du centre historique, dans un quartier au calme rare, \u00e0 deux pas de la Place Saint-Marc. Entre les sestieri de Castello et de San Marco, dans un palais gothique restaur\u00e9, le palais gothique Zorzi aux colonnes tordues, vous appr\u00e9cierez l'atmosph\u00e8re romantique des anciennes r\u00e9sidences v\u00e9nitiennes, avec de grandes chambres, agr\u00e9ment\u00e9es de belles reproductions de toiles de ma\u00eetres, d'huiles sur toile, de chefs-d'\u0153uvre qui ont marqu\u00e9 l'art pictural du si\u00e8cle dernier. Nos suites ont toutes un charme unique et offrent une vue caract\u00e9ristique de Venise sur les canaux typiques et des vues \u00e0 couper le souffle. Au Liassidi Palace Hotel, le charme irr\u00e9sistible de Venise est intact. Vous serez comme envo\u00fbt\u00e9 et vivrez un s\u00e9jour de r\u00eave, baignant dans l'art et la musique.","breadcrumb":{"@id":"https:\/\/www.liassidipalacehotel.com\/fr\/#breadcrumb"},"inLanguage":"fr-FR","potentialAction":[{"@type":"ReadAction","target":["https:\/\/www.liassidipalacehotel.com\/fr\/"]}]},{"@type":"BreadcrumbList","@id":"https:\/\/www.liassidipalacehotel.com\/fr\/#breadcrumb","itemListElement":[{"@type":"ListItem","position":1,"name":"Home","item":"https:\/\/www.liassidipalacehotel.com\/fr\/"},{"@type":"ListItem","position":2,"name":"Bienvenue!"}]},{"@type":"WebSite","@id":"https:\/\/www.liassidipalacehotel.com\/en\/#website","url":"https:\/\/www.liassidipalacehotel.com\/en\/","name":"Liassidi Palace Hotel","description":"Un nuovo sito targato WordPress","publisher":{"@id":"https:\/\/www.liassidipalacehotel.com\/en\/#organization"},"potentialAction":[{"@type":"SearchAction","target":{"@type":"EntryPoint","urlTemplate":"https:\/\/www.liassidipalacehotel.com\/en\/?s={search_term_string}"},"query-input":{"@type":"PropertyValueSpecification","valueRequired":true,"valueName":"search_term_string"}}],"inLanguage":"fr-FR"},{"@type":"Organization","@id":"https:\/\/www.liassidipalacehotel.com\/en\/#organization","name":"Liassidi Palace Hotel","url":"https:\/\/www.liassidipalacehotel.com\/en\/","logo":{"@type":"ImageObject","inLanguage":"fr-FR","@id":"https:\/\/www.liassidipalacehotel.com\/en\/#\/schema\/logo\/image\/","url":"https:\/\/www.liassidipalacehotel.com\/wp-content\/uploads\/2016\/09\/logo-liassidipalace-1.png","contentUrl":"https:\/\/www.liassidipalacehotel.com\/wp-content\/uploads\/2016\/09\/logo-liassidipalace-1.png","width":200,"height":200,"caption":"Liassidi Palace Hotel"},"image":{"@id":"https:\/\/www.liassidipalacehotel.com\/en\/#\/schema\/logo\/image\/"},"sameAs":["https:\/\/www.facebook.com\/Liassidi\/?fref=ts"]}]}},"_links":{"self":[{"href":"https:\/\/www.liassidipalacehotel.com\/fr\/wp-json\/wp\/v2\/pages\/282","targetHints":{"allow":["GET"]}}],"collection":[{"href":"https:\/\/www.liassidipalacehotel.com\/fr\/wp-json\/wp\/v2\/pages"}],"about":[{"href":"https:\/\/www.liassidipalacehotel.com\/fr\/wp-json\/wp\/v2\/types\/page"}],"author":[{"embeddable":true,"href":"https:\/\/www.liassidipalacehotel.com\/fr\/wp-json\/wp\/v2\/users\/1"}],"replies":[{"embeddable":true,"href":"https:\/\/www.liassidipalacehotel.com\/fr\/wp-json\/wp\/v2\/comments?post=282"}],"version-history":[{"count":2,"href":"https:\/\/www.liassidipalacehotel.com\/fr\/wp-json\/wp\/v2\/pages\/282\/revisions"}],"predecessor-version":[{"id":674,"href":"https:\/\/www.liassidipalacehotel.com\/fr\/wp-json\/wp\/v2\/pages\/282\/revisions\/674"}],"wp:attachment":[{"href":"https:\/\/www.liassidipalacehotel.com\/fr\/wp-json\/wp\/v2\/media?parent=282"}],"curies":[{"name":"wp","href":"https:\/\/api.w.org\/{rel}","templated":true}]}}