{"id":332,"date":"2017-01-30T17:17:02","date_gmt":"2017-01-30T16:17:02","guid":{"rendered":"http:\/\/www.liassidipalacehotel.com\/avis\/"},"modified":"2017-05-19T08:58:07","modified_gmt":"2017-05-19T06:58:07","slug":"avis","status":"publish","type":"page","link":"https:\/\/www.liassidipalacehotel.com\/fr\/avis\/","title":{"rendered":"Avis"},"content":{"rendered":"<p style=\"text-align: center;\">Consultez les avis que nos clients ont publi\u00e9s sur les plus importants portails d&rsquo;opinions en ligne ! Nous vous rappelons que seulement en r\u00e9servant directement depuis notre site officiel vous deviendrez un voyageur privil\u00e9gi\u00e9 : vous serez suivi personnellement par notre \u00e9quipe du d\u00e9but \u00e0 la fin et vous pourrez b\u00e9n\u00e9ficier de tarifs sp\u00e9ciaux, offres et promotions qui vous seront exclusivement r\u00e9serv\u00e9s ! De plus, si vous r\u00e9servez sur notre site officiel, il vous sera demand\u00e9 d&rsquo;\u00e9crire un \u00ab\u00a0avis officiel\u00a0\u00bb, garanti car li\u00e9 \u00e0 une r\u00e9servation effective. De cette fa\u00e7on, vous pourrez contribuer \u00e0 am\u00e9liorer la qualit\u00e9 du service que nous offrons, \u00e0 vous et \u00e0 tous les voyageurs!<\/p>\n<p style=\"text-align: center;\">\n<div class=\"col-md-6\">\n<div id=\"TA_selfserveprop282\" class=\"TA_selfserveprop\">\n<ul id=\"gKtfrUf2Cw\" class=\"TA_links FJNw9ahxw0wm\">\n<li id=\"rcnEW9VZhC\" class=\"OzY36ORra7W\"><a target=\"_blank\" href=\"https:\/\/www.tripadvisor.it\/Hotel_Review-g187870-d279286-Reviews-Liassidi_Palace_Hotel-Venice_Veneto.html\">Liassidi Palace Hotel<\/a> a Venezia: 259 recensioni<\/li>\n<\/ul>\n<\/div>\n<p><script src=\"https:\/\/www.jscache.com\/wejs?wtype=selfserveprop&amp;uniq=282&amp;locationId=279286&amp;lang=it&amp;rating=true&amp;nreviews=5&amp;writereviewlink=false&amp;popIdx=true&amp;iswide=false\"><\/script>\n<\/div>\n<div class=\"col-md-6\"><img loading=\"lazy\" decoding=\"async\" src=\"https:\/\/www.liassidipalacehotel.com\/wp-content\/uploads\/2016\/10\/WIDGETS.jpg\" alt=\"WIDGETS\" width=\"515\" height=\"288\" class=\"aligncenter size-full wp-image-708\" srcset=\"https:\/\/www.liassidipalacehotel.com\/wp-content\/uploads\/2016\/10\/WIDGETS.jpg 515w, https:\/\/www.liassidipalacehotel.com\/wp-content\/uploads\/2016\/10\/WIDGETS-300x168.jpg 300w\" sizes=\"auto, (max-width: 515px) 100vw, 515px\" \/><\/div>\n","protected":false},"excerpt":{"rendered":"<p>Consultez les avis que nos clients ont publi\u00e9s sur les plus importants portails d&rsquo;opinions en ligne ! Nous vous rappelons que seulement en r\u00e9servant directement depuis notre site officiel vous deviendrez un voyageur privil\u00e9gi\u00e9 : vous serez suivi personnellement par notre \u00e9quipe du d\u00e9but \u00e0 la fin et vous pourrez b\u00e9n\u00e9ficier de tarifs sp\u00e9ciaux, offres et promotions qui vous seront exclusivement r\u00e9serv\u00e9s ! De plus,&#8230;<\/p>\n<p><a class=\"more-link\" href=\"https:\/\/www.liassidipalacehotel.com\/fr\/avis\/\">Read More<\/a><\/p>\n","protected":false},"author":1,"featured_media":0,"parent":0,"menu_order":0,"comment_status":"closed","ping_status":"closed","template":"","meta":{"footnotes":""},"class_list":["post-332","page","type-page","status-publish","hentry"],"yoast_head":"<!-- This site is optimized with the Yoast SEO plugin v25.3.1 - https:\/\/yoast.com\/wordpress\/plugins\/seo\/ -->\n<title>Avis - Liassidi Palace Hotel<\/title>\n<meta name=\"robots\" content=\"index, follow, max-snippet:-1, max-image-preview:large, max-video-preview:-1\" \/>\n<link rel=\"canonical\" href=\"https:\/\/www.liassidipalacehotel.com\/fr\/avis\/\" \/>\n<meta property=\"og:locale\" content=\"fr_FR\" \/>\n<meta property=\"og:type\" content=\"article\" \/>\n<meta property=\"og:title\" content=\"Avis - Liassidi Palace Hotel\" \/>\n<meta property=\"og:description\" content=\"Consultez les avis que nos clients ont publi\u00e9s sur les plus importants portails d&rsquo;opinions en ligne ! Nous vous rappelons que seulement en r\u00e9servant directement depuis notre site officiel vous deviendrez un voyageur privil\u00e9gi\u00e9 : vous serez suivi personnellement par notre \u00e9quipe du d\u00e9but \u00e0 la fin et vous pourrez b\u00e9n\u00e9ficier de tarifs sp\u00e9ciaux, offres et promotions qui vous seront exclusivement r\u00e9serv\u00e9s ! De plus,...Read More\" \/>\n<meta property=\"og:url\" content=\"https:\/\/www.liassidipalacehotel.com\/fr\/avis\/\" \/>\n<meta property=\"og:site_name\" content=\"Liassidi Palace Hotel\" \/>\n<meta property=\"article:publisher\" content=\"https:\/\/www.facebook.com\/Liassidi\/?fref=ts\" \/>\n<meta property=\"article:modified_time\" content=\"2017-05-19T06:58:07+00:00\" \/>\n<meta property=\"og:image\" content=\"https:\/\/www.liassidipalacehotel.com\/wp-content\/uploads\/2016\/10\/WIDGETS.jpg\" \/>\n\t<meta property=\"og:image:width\" content=\"515\" \/>\n\t<meta property=\"og:image:height\" content=\"288\" \/>\n\t<meta property=\"og:image:type\" content=\"image\/jpeg\" \/>\n<meta name=\"twitter:card\" content=\"summary_large_image\" \/>\n<meta name=\"twitter:label1\" content=\"Dur\u00e9e de lecture estim\u00e9e\" \/>\n\t<meta name=\"twitter:data1\" content=\"1 minute\" \/>\n<script type=\"application\/ld+json\" class=\"yoast-schema-graph\">{\"@context\":\"https:\/\/schema.org\",\"@graph\":[{\"@type\":\"WebPage\",\"@id\":\"https:\/\/www.liassidipalacehotel.com\/fr\/avis\/\",\"url\":\"https:\/\/www.liassidipalacehotel.com\/fr\/avis\/\",\"name\":\"Avis - Liassidi Palace Hotel\",\"isPartOf\":{\"@id\":\"https:\/\/www.liassidipalacehotel.com\/en\/#website\"},\"primaryImageOfPage\":{\"@id\":\"https:\/\/www.liassidipalacehotel.com\/fr\/avis\/#primaryimage\"},\"image\":{\"@id\":\"https:\/\/www.liassidipalacehotel.com\/fr\/avis\/#primaryimage\"},\"thumbnailUrl\":\"https:\/\/www.liassidipalacehotel.com\/wp-content\/uploads\/2016\/10\/WIDGETS.jpg\",\"datePublished\":\"2017-01-30T16:17:02+00:00\",\"dateModified\":\"2017-05-19T06:58:07+00:00\",\"breadcrumb\":{\"@id\":\"https:\/\/www.liassidipalacehotel.com\/fr\/avis\/#breadcrumb\"},\"inLanguage\":\"fr-FR\",\"potentialAction\":[{\"@type\":\"ReadAction\",\"target\":[\"https:\/\/www.liassidipalacehotel.com\/fr\/avis\/\"]}]},{\"@type\":\"ImageObject\",\"inLanguage\":\"fr-FR\",\"@id\":\"https:\/\/www.liassidipalacehotel.com\/fr\/avis\/#primaryimage\",\"url\":\"https:\/\/www.liassidipalacehotel.com\/wp-content\/uploads\/2016\/10\/WIDGETS.jpg\",\"contentUrl\":\"https:\/\/www.liassidipalacehotel.com\/wp-content\/uploads\/2016\/10\/WIDGETS.jpg\"},{\"@type\":\"BreadcrumbList\",\"@id\":\"https:\/\/www.liassidipalacehotel.com\/fr\/avis\/#breadcrumb\",\"itemListElement\":[{\"@type\":\"ListItem\",\"position\":1,\"name\":\"Home\",\"item\":\"https:\/\/www.liassidipalacehotel.com\/fr\/\"},{\"@type\":\"ListItem\",\"position\":2,\"name\":\"Avis\"}]},{\"@type\":\"WebSite\",\"@id\":\"https:\/\/www.liassidipalacehotel.com\/en\/#website\",\"url\":\"https:\/\/www.liassidipalacehotel.com\/en\/\",\"name\":\"Liassidi Palace Hotel\",\"description\":\"Un nuovo sito targato WordPress\",\"publisher\":{\"@id\":\"https:\/\/www.liassidipalacehotel.com\/en\/#organization\"},\"potentialAction\":[{\"@type\":\"SearchAction\",\"target\":{\"@type\":\"EntryPoint\",\"urlTemplate\":\"https:\/\/www.liassidipalacehotel.com\/en\/?s={search_term_string}\"},\"query-input\":{\"@type\":\"PropertyValueSpecification\",\"valueRequired\":true,\"valueName\":\"search_term_string\"}}],\"inLanguage\":\"fr-FR\"},{\"@type\":\"Organization\",\"@id\":\"https:\/\/www.liassidipalacehotel.com\/en\/#organization\",\"name\":\"Liassidi Palace Hotel\",\"url\":\"https:\/\/www.liassidipalacehotel.com\/en\/\",\"logo\":{\"@type\":\"ImageObject\",\"inLanguage\":\"fr-FR\",\"@id\":\"https:\/\/www.liassidipalacehotel.com\/en\/#\/schema\/logo\/image\/\",\"url\":\"https:\/\/www.liassidipalacehotel.com\/wp-content\/uploads\/2016\/09\/logo-liassidipalace-1.png\",\"contentUrl\":\"https:\/\/www.liassidipalacehotel.com\/wp-content\/uploads\/2016\/09\/logo-liassidipalace-1.png\",\"width\":200,\"height\":200,\"caption\":\"Liassidi Palace Hotel\"},\"image\":{\"@id\":\"https:\/\/www.liassidipalacehotel.com\/en\/#\/schema\/logo\/image\/\"},\"sameAs\":[\"https:\/\/www.facebook.com\/Liassidi\/?fref=ts\"]}]}<\/script>\n<!-- \/ Yoast SEO plugin. -->","yoast_head_json":{"title":"Avis - Liassidi Palace Hotel","robots":{"index":"index","follow":"follow","max-snippet":"max-snippet:-1","max-image-preview":"max-image-preview:large","max-video-preview":"max-video-preview:-1"},"canonical":"https:\/\/www.liassidipalacehotel.com\/fr\/avis\/","og_locale":"fr_FR","og_type":"article","og_title":"Avis - Liassidi Palace Hotel","og_description":"Consultez les avis que nos clients ont publi\u00e9s sur les plus importants portails d&rsquo;opinions en ligne ! Nous vous rappelons que seulement en r\u00e9servant directement depuis notre site officiel vous deviendrez un voyageur privil\u00e9gi\u00e9 : vous serez suivi personnellement par notre \u00e9quipe du d\u00e9but \u00e0 la fin et vous pourrez b\u00e9n\u00e9ficier de tarifs sp\u00e9ciaux, offres et promotions qui vous seront exclusivement r\u00e9serv\u00e9s ! De plus,...Read More","og_url":"https:\/\/www.liassidipalacehotel.com\/fr\/avis\/","og_site_name":"Liassidi Palace Hotel","article_publisher":"https:\/\/www.facebook.com\/Liassidi\/?fref=ts","article_modified_time":"2017-05-19T06:58:07+00:00","og_image":[{"width":515,"height":288,"url":"https:\/\/www.liassidipalacehotel.com\/wp-content\/uploads\/2016\/10\/WIDGETS.jpg","type":"image\/jpeg"}],"twitter_card":"summary_large_image","twitter_misc":{"Dur\u00e9e de lecture estim\u00e9e":"1 minute"},"schema":{"@context":"https:\/\/schema.org","@graph":[{"@type":"WebPage","@id":"https:\/\/www.liassidipalacehotel.com\/fr\/avis\/","url":"https:\/\/www.liassidipalacehotel.com\/fr\/avis\/","name":"Avis - Liassidi Palace Hotel","isPartOf":{"@id":"https:\/\/www.liassidipalacehotel.com\/en\/#website"},"primaryImageOfPage":{"@id":"https:\/\/www.liassidipalacehotel.com\/fr\/avis\/#primaryimage"},"image":{"@id":"https:\/\/www.liassidipalacehotel.com\/fr\/avis\/#primaryimage"},"thumbnailUrl":"https:\/\/www.liassidipalacehotel.com\/wp-content\/uploads\/2016\/10\/WIDGETS.jpg","datePublished":"2017-01-30T16:17:02+00:00","dateModified":"2017-05-19T06:58:07+00:00","breadcrumb":{"@id":"https:\/\/www.liassidipalacehotel.com\/fr\/avis\/#breadcrumb"},"inLanguage":"fr-FR","potentialAction":[{"@type":"ReadAction","target":["https:\/\/www.liassidipalacehotel.com\/fr\/avis\/"]}]},{"@type":"ImageObject","inLanguage":"fr-FR","@id":"https:\/\/www.liassidipalacehotel.com\/fr\/avis\/#primaryimage","url":"https:\/\/www.liassidipalacehotel.com\/wp-content\/uploads\/2016\/10\/WIDGETS.jpg","contentUrl":"https:\/\/www.liassidipalacehotel.com\/wp-content\/uploads\/2016\/10\/WIDGETS.jpg"},{"@type":"BreadcrumbList","@id":"https:\/\/www.liassidipalacehotel.com\/fr\/avis\/#breadcrumb","itemListElement":[{"@type":"ListItem","position":1,"name":"Home","item":"https:\/\/www.liassidipalacehotel.com\/fr\/"},{"@type":"ListItem","position":2,"name":"Avis"}]},{"@type":"WebSite","@id":"https:\/\/www.liassidipalacehotel.com\/en\/#website","url":"https:\/\/www.liassidipalacehotel.com\/en\/","name":"Liassidi Palace Hotel","description":"Un nuovo sito targato WordPress","publisher":{"@id":"https:\/\/www.liassidipalacehotel.com\/en\/#organization"},"potentialAction":[{"@type":"SearchAction","target":{"@type":"EntryPoint","urlTemplate":"https:\/\/www.liassidipalacehotel.com\/en\/?s={search_term_string}"},"query-input":{"@type":"PropertyValueSpecification","valueRequired":true,"valueName":"search_term_string"}}],"inLanguage":"fr-FR"},{"@type":"Organization","@id":"https:\/\/www.liassidipalacehotel.com\/en\/#organization","name":"Liassidi Palace Hotel","url":"https:\/\/www.liassidipalacehotel.com\/en\/","logo":{"@type":"ImageObject","inLanguage":"fr-FR","@id":"https:\/\/www.liassidipalacehotel.com\/en\/#\/schema\/logo\/image\/","url":"https:\/\/www.liassidipalacehotel.com\/wp-content\/uploads\/2016\/09\/logo-liassidipalace-1.png","contentUrl":"https:\/\/www.liassidipalacehotel.com\/wp-content\/uploads\/2016\/09\/logo-liassidipalace-1.png","width":200,"height":200,"caption":"Liassidi Palace Hotel"},"image":{"@id":"https:\/\/www.liassidipalacehotel.com\/en\/#\/schema\/logo\/image\/"},"sameAs":["https:\/\/www.facebook.com\/Liassidi\/?fref=ts"]}]}},"_links":{"self":[{"href":"https:\/\/www.liassidipalacehotel.com\/fr\/wp-json\/wp\/v2\/pages\/332","targetHints":{"allow":["GET"]}}],"collection":[{"href":"https:\/\/www.liassidipalacehotel.com\/fr\/wp-json\/wp\/v2\/pages"}],"about":[{"href":"https:\/\/www.liassidipalacehotel.com\/fr\/wp-json\/wp\/v2\/types\/page"}],"author":[{"embeddable":true,"href":"https:\/\/www.liassidipalacehotel.com\/fr\/wp-json\/wp\/v2\/users\/1"}],"replies":[{"embeddable":true,"href":"https:\/\/www.liassidipalacehotel.com\/fr\/wp-json\/wp\/v2\/comments?post=332"}],"version-history":[{"count":1,"href":"https:\/\/www.liassidipalacehotel.com\/fr\/wp-json\/wp\/v2\/pages\/332\/revisions"}],"predecessor-version":[{"id":711,"href":"https:\/\/www.liassidipalacehotel.com\/fr\/wp-json\/wp\/v2\/pages\/332\/revisions\/711"}],"wp:attachment":[{"href":"https:\/\/www.liassidipalacehotel.com\/fr\/wp-json\/wp\/v2\/media?parent=332"}],"curies":[{"name":"wp","href":"https:\/\/api.w.org\/{rel}","templated":true}]}}