{"id":337,"date":"2017-01-30T17:20:50","date_gmt":"2017-01-30T16:20:50","guid":{"rendered":"http:\/\/www.liassidipalacehotel.com\/hotel\/"},"modified":"2017-05-10T10:58:41","modified_gmt":"2017-05-10T08:58:41","slug":"hotel","status":"publish","type":"page","link":"https:\/\/www.liassidipalacehotel.com\/fr\/hotel\/","title":{"rendered":"H\u00f4tel"},"content":{"rendered":"<p style=\"text-align: center;\">Donnant sur le Rio di San Lorenzo dei Greci, un canal typiquement v\u00e9nitien, le Liassidi Palace Hotel 4 \u00e9toiles, ce palais du XV<sup>e<\/sup> s. et son personnel courtois vous attendent. Nous serons \u00e0 votre disposition pour r\u00e9pondre \u00e0 toutes vos demandes, 24 heures sur 24, gr\u00e2ce \u00e0 notre service de conciergerie \u00ab\u00a0Cl\u00e9 d\u2019Or\u00a0\u00bb.<\/p>\n<p style=\"text-align: center;\">L&rsquo;atmosph\u00e8re charmante du Palais Zorzi-Liassidi vous s\u00e9duira imm\u00e9diatement gr\u00e2ce \u00e0 la grande salle de bal et de concert \u00e0 l&rsquo;\u00e9tage principal du b\u00e2timent, \u00e0 la magnifique cour int\u00e9rieure et au mobilier magnifique, oscillant entre design contemporain et XVIII<sup>e<\/sup> s. v\u00e9nitien\u00a0: un m\u00e9lange fascinant qui se retrouve dans toutes les chambres de l&rsquo;h\u00f4tel.<\/p>\n<p style=\"text-align: center;\">Ses plafonds \u00e9lev\u00e9s, d\u00e9cor\u00e9s de poutres apparentes et orn\u00e9s des belles cr\u00e9ations des verriers de Murano ainsi que la splendide hexafore donnant sur le canal cr\u00e9ent un d\u00e9cor exclusif et tr\u00e8s \u00e9l\u00e9gant. Au rez-de-chauss\u00e9e, l&rsquo;h\u00f4tel poss\u00e8de son propre ponton sur le Canal San Lorenzo.<\/p>\n<p style=\"text-align: center;\">Le petit d\u00e9jeuner est servi au rez-de-chauss\u00e9e dans deux salles raffin\u00e9es donnant sur le canal San Lorenzo. Vous y trouverez un buffet copieux \u00e0 base de mets sucr\u00e9s et sal\u00e9s. Au bar du Liassidi, vous pourrez siroter l&rsquo;ap\u00e9ritif traditionnel de Venise, le spritz, pr\u00e9par\u00e9 dans les r\u00e8gles de l&rsquo;art par nos barmen qui savent \u00e9galement pr\u00e9parer des long drinks et des cocktails internationaux. L&rsquo;ambiance musicale faisant la part belle aux musiques relaxantes est souvent assur\u00e9e par des artistes locaux de renom.<\/p>\n<p style=\"text-align: center;\">L&rsquo;\u00e9tage principal abrite une salle magnifique avec des peintures reprenant des d\u00e9tails des grands tableaux de peinture de l&rsquo;\u00e9cole v\u00e9nitienne ainsi que deux salles tranquilles pour de petites r\u00e9unions d&rsquo;affaires et une grande salle de conf\u00e9rence.<\/p>\n<p style=\"text-align: center;\">L\u2019h\u00f4tel dispose d&rsquo;un ascenseur. Des am\u00e9nagements sp\u00e9cifiques permettent aux personnes \u00e0 mobilit\u00e9 r\u00e9duite de se d\u00e9placer librement dans l&rsquo;h\u00f4tel.<\/p>\n<p style=\"text-align: center;\"><strong>L&rsquo;ART VIVANT AU LIASSIDI PALACE HOTEL<\/strong><\/p>\n<p style=\"text-align: center;\">Au Liassidi Palace Hotel, l&rsquo;art se sent chez lui. La splendide cour et le salon gothique de notre s\u00e9duisant palais accueillent des concerts live, des expositions de peinture et de sculpture. C&rsquo;est une occasion de plus de succomber \u00e0 l&rsquo;atmosph\u00e8re s\u00e9duisante de Venise et \u00e0 son riche patrimoine culturel gr\u00e2ce \u00e0 d&rsquo;excellentes r\u00e9trospectives ou des expositions contemporaines, r\u00e9alis\u00e9es en partenariat avec des galeries d&rsquo;art v\u00e9nitiennes et internationales.<\/p>\n<p style=\"text-align: center;\"><img loading=\"lazy\" decoding=\"async\" class=\"aligncenter size-full wp-image-106\" src=\"https:\/\/www.liassidipalacehotel.com\/wp-content\/uploads\/2016\/10\/liassidi-palace-0135.jpg\" alt=\"liassidi-palace-0135\" width=\"1200\" height=\"800\" srcset=\"https:\/\/www.liassidipalacehotel.com\/wp-content\/uploads\/2016\/10\/liassidi-palace-0135.jpg 1200w, https:\/\/www.liassidipalacehotel.com\/wp-content\/uploads\/2016\/10\/liassidi-palace-0135-300x200.jpg 300w, https:\/\/www.liassidipalacehotel.com\/wp-content\/uploads\/2016\/10\/liassidi-palace-0135-768x512.jpg 768w, https:\/\/www.liassidipalacehotel.com\/wp-content\/uploads\/2016\/10\/liassidi-palace-0135-1024x683.jpg 1024w\" sizes=\"auto, (max-width: 1200px) 100vw, 1200px\" \/><\/p>\n<blockquote><p>\u00ab\u00a0\u2026 Venezia, la bella lusinghiera e ambigua, la citt\u00e0 met\u00e0 fiaba e met\u00e0 trappola, nella cui atmosfera corrotta l&rsquo;arte un tempo si svilupp\u00f2 rigogliosa, e che sugger\u00ec ai musicisti melodie che cullano in sonni voluttuosi\u201d<br \/>\n(Thomas Mann).<\/p><\/blockquote>\n","protected":false},"excerpt":{"rendered":"<p>Donnant sur le Rio di San Lorenzo dei Greci, un canal typiquement v\u00e9nitien, le Liassidi Palace Hotel 4 \u00e9toiles, ce palais du XVe s. et son personnel courtois vous attendent. Nous serons \u00e0 votre disposition pour r\u00e9pondre \u00e0 toutes vos demandes, 24 heures sur 24, gr\u00e2ce \u00e0 notre service de conciergerie \u00ab\u00a0Cl\u00e9 d\u2019Or\u00a0\u00bb. L&rsquo;atmosph\u00e8re charmante du Palais Zorzi-Liassidi vous s\u00e9duira imm\u00e9diatement gr\u00e2ce \u00e0 la grande&#8230;<\/p>\n<p><a class=\"more-link\" href=\"https:\/\/www.liassidipalacehotel.com\/fr\/hotel\/\">Read More<\/a><\/p>\n","protected":false},"author":1,"featured_media":0,"parent":0,"menu_order":0,"comment_status":"closed","ping_status":"closed","template":"","meta":{"footnotes":""},"class_list":["post-337","page","type-page","status-publish","hentry"],"yoast_head":"<!-- This site is optimized with the Yoast SEO plugin v25.3.1 - https:\/\/yoast.com\/wordpress\/plugins\/seo\/ -->\n<title>H\u00f4tel - Liassidi Palace Hotel<\/title>\n<meta name=\"robots\" content=\"index, follow, max-snippet:-1, max-image-preview:large, max-video-preview:-1\" \/>\n<link rel=\"canonical\" href=\"https:\/\/www.liassidipalacehotel.com\/fr\/hotel\/\" \/>\n<meta property=\"og:locale\" content=\"fr_FR\" \/>\n<meta property=\"og:type\" content=\"article\" \/>\n<meta property=\"og:title\" content=\"H\u00f4tel - Liassidi Palace Hotel\" \/>\n<meta property=\"og:description\" content=\"Donnant sur le Rio di San Lorenzo dei Greci, un canal typiquement v\u00e9nitien, le Liassidi Palace Hotel 4 \u00e9toiles, ce palais du XVe s. et son personnel courtois vous attendent. Nous serons \u00e0 votre disposition pour r\u00e9pondre \u00e0 toutes vos demandes, 24 heures sur 24, gr\u00e2ce \u00e0 notre service de conciergerie \u00ab\u00a0Cl\u00e9 d\u2019Or\u00a0\u00bb. L&rsquo;atmosph\u00e8re charmante du Palais Zorzi-Liassidi vous s\u00e9duira imm\u00e9diatement gr\u00e2ce \u00e0 la grande...Read More\" \/>\n<meta property=\"og:url\" content=\"https:\/\/www.liassidipalacehotel.com\/fr\/hotel\/\" \/>\n<meta property=\"og:site_name\" content=\"Liassidi Palace Hotel\" \/>\n<meta property=\"article:publisher\" content=\"https:\/\/www.facebook.com\/Liassidi\/?fref=ts\" \/>\n<meta property=\"article:modified_time\" content=\"2017-05-10T08:58:41+00:00\" \/>\n<meta property=\"og:image\" content=\"https:\/\/www.liassidipalacehotel.com\/wp-content\/uploads\/2016\/10\/liassidi-palace-0135.jpg\" \/>\n\t<meta property=\"og:image:width\" content=\"1200\" \/>\n\t<meta property=\"og:image:height\" content=\"800\" \/>\n\t<meta property=\"og:image:type\" content=\"image\/jpeg\" \/>\n<meta name=\"twitter:card\" content=\"summary_large_image\" \/>\n<meta name=\"twitter:label1\" content=\"Dur\u00e9e de lecture estim\u00e9e\" \/>\n\t<meta name=\"twitter:data1\" content=\"2 minutes\" \/>\n<script type=\"application\/ld+json\" class=\"yoast-schema-graph\">{\"@context\":\"https:\/\/schema.org\",\"@graph\":[{\"@type\":\"WebPage\",\"@id\":\"https:\/\/www.liassidipalacehotel.com\/fr\/hotel\/\",\"url\":\"https:\/\/www.liassidipalacehotel.com\/fr\/hotel\/\",\"name\":\"H\u00f4tel - Liassidi Palace Hotel\",\"isPartOf\":{\"@id\":\"https:\/\/www.liassidipalacehotel.com\/en\/#website\"},\"primaryImageOfPage\":{\"@id\":\"https:\/\/www.liassidipalacehotel.com\/fr\/hotel\/#primaryimage\"},\"image\":{\"@id\":\"https:\/\/www.liassidipalacehotel.com\/fr\/hotel\/#primaryimage\"},\"thumbnailUrl\":\"https:\/\/www.liassidipalacehotel.com\/wp-content\/uploads\/2016\/10\/liassidi-palace-0135.jpg\",\"datePublished\":\"2017-01-30T16:20:50+00:00\",\"dateModified\":\"2017-05-10T08:58:41+00:00\",\"breadcrumb\":{\"@id\":\"https:\/\/www.liassidipalacehotel.com\/fr\/hotel\/#breadcrumb\"},\"inLanguage\":\"fr-FR\",\"potentialAction\":[{\"@type\":\"ReadAction\",\"target\":[\"https:\/\/www.liassidipalacehotel.com\/fr\/hotel\/\"]}]},{\"@type\":\"ImageObject\",\"inLanguage\":\"fr-FR\",\"@id\":\"https:\/\/www.liassidipalacehotel.com\/fr\/hotel\/#primaryimage\",\"url\":\"https:\/\/www.liassidipalacehotel.com\/wp-content\/uploads\/2016\/10\/liassidi-palace-0135.jpg\",\"contentUrl\":\"https:\/\/www.liassidipalacehotel.com\/wp-content\/uploads\/2016\/10\/liassidi-palace-0135.jpg\"},{\"@type\":\"BreadcrumbList\",\"@id\":\"https:\/\/www.liassidipalacehotel.com\/fr\/hotel\/#breadcrumb\",\"itemListElement\":[{\"@type\":\"ListItem\",\"position\":1,\"name\":\"Home\",\"item\":\"https:\/\/www.liassidipalacehotel.com\/fr\/\"},{\"@type\":\"ListItem\",\"position\":2,\"name\":\"H\u00f4tel\"}]},{\"@type\":\"WebSite\",\"@id\":\"https:\/\/www.liassidipalacehotel.com\/en\/#website\",\"url\":\"https:\/\/www.liassidipalacehotel.com\/en\/\",\"name\":\"Liassidi Palace Hotel\",\"description\":\"Un nuovo sito targato WordPress\",\"publisher\":{\"@id\":\"https:\/\/www.liassidipalacehotel.com\/en\/#organization\"},\"potentialAction\":[{\"@type\":\"SearchAction\",\"target\":{\"@type\":\"EntryPoint\",\"urlTemplate\":\"https:\/\/www.liassidipalacehotel.com\/en\/?s={search_term_string}\"},\"query-input\":{\"@type\":\"PropertyValueSpecification\",\"valueRequired\":true,\"valueName\":\"search_term_string\"}}],\"inLanguage\":\"fr-FR\"},{\"@type\":\"Organization\",\"@id\":\"https:\/\/www.liassidipalacehotel.com\/en\/#organization\",\"name\":\"Liassidi Palace Hotel\",\"url\":\"https:\/\/www.liassidipalacehotel.com\/en\/\",\"logo\":{\"@type\":\"ImageObject\",\"inLanguage\":\"fr-FR\",\"@id\":\"https:\/\/www.liassidipalacehotel.com\/en\/#\/schema\/logo\/image\/\",\"url\":\"https:\/\/www.liassidipalacehotel.com\/wp-content\/uploads\/2016\/09\/logo-liassidipalace-1.png\",\"contentUrl\":\"https:\/\/www.liassidipalacehotel.com\/wp-content\/uploads\/2016\/09\/logo-liassidipalace-1.png\",\"width\":200,\"height\":200,\"caption\":\"Liassidi Palace Hotel\"},\"image\":{\"@id\":\"https:\/\/www.liassidipalacehotel.com\/en\/#\/schema\/logo\/image\/\"},\"sameAs\":[\"https:\/\/www.facebook.com\/Liassidi\/?fref=ts\"]}]}<\/script>\n<!-- \/ Yoast SEO plugin. -->","yoast_head_json":{"title":"H\u00f4tel - Liassidi Palace Hotel","robots":{"index":"index","follow":"follow","max-snippet":"max-snippet:-1","max-image-preview":"max-image-preview:large","max-video-preview":"max-video-preview:-1"},"canonical":"https:\/\/www.liassidipalacehotel.com\/fr\/hotel\/","og_locale":"fr_FR","og_type":"article","og_title":"H\u00f4tel - Liassidi Palace Hotel","og_description":"Donnant sur le Rio di San Lorenzo dei Greci, un canal typiquement v\u00e9nitien, le Liassidi Palace Hotel 4 \u00e9toiles, ce palais du XVe s. et son personnel courtois vous attendent. Nous serons \u00e0 votre disposition pour r\u00e9pondre \u00e0 toutes vos demandes, 24 heures sur 24, gr\u00e2ce \u00e0 notre service de conciergerie \u00ab\u00a0Cl\u00e9 d\u2019Or\u00a0\u00bb. L&rsquo;atmosph\u00e8re charmante du Palais Zorzi-Liassidi vous s\u00e9duira imm\u00e9diatement gr\u00e2ce \u00e0 la grande...Read More","og_url":"https:\/\/www.liassidipalacehotel.com\/fr\/hotel\/","og_site_name":"Liassidi Palace Hotel","article_publisher":"https:\/\/www.facebook.com\/Liassidi\/?fref=ts","article_modified_time":"2017-05-10T08:58:41+00:00","og_image":[{"width":1200,"height":800,"url":"https:\/\/www.liassidipalacehotel.com\/wp-content\/uploads\/2016\/10\/liassidi-palace-0135.jpg","type":"image\/jpeg"}],"twitter_card":"summary_large_image","twitter_misc":{"Dur\u00e9e de lecture estim\u00e9e":"2 minutes"},"schema":{"@context":"https:\/\/schema.org","@graph":[{"@type":"WebPage","@id":"https:\/\/www.liassidipalacehotel.com\/fr\/hotel\/","url":"https:\/\/www.liassidipalacehotel.com\/fr\/hotel\/","name":"H\u00f4tel - Liassidi Palace Hotel","isPartOf":{"@id":"https:\/\/www.liassidipalacehotel.com\/en\/#website"},"primaryImageOfPage":{"@id":"https:\/\/www.liassidipalacehotel.com\/fr\/hotel\/#primaryimage"},"image":{"@id":"https:\/\/www.liassidipalacehotel.com\/fr\/hotel\/#primaryimage"},"thumbnailUrl":"https:\/\/www.liassidipalacehotel.com\/wp-content\/uploads\/2016\/10\/liassidi-palace-0135.jpg","datePublished":"2017-01-30T16:20:50+00:00","dateModified":"2017-05-10T08:58:41+00:00","breadcrumb":{"@id":"https:\/\/www.liassidipalacehotel.com\/fr\/hotel\/#breadcrumb"},"inLanguage":"fr-FR","potentialAction":[{"@type":"ReadAction","target":["https:\/\/www.liassidipalacehotel.com\/fr\/hotel\/"]}]},{"@type":"ImageObject","inLanguage":"fr-FR","@id":"https:\/\/www.liassidipalacehotel.com\/fr\/hotel\/#primaryimage","url":"https:\/\/www.liassidipalacehotel.com\/wp-content\/uploads\/2016\/10\/liassidi-palace-0135.jpg","contentUrl":"https:\/\/www.liassidipalacehotel.com\/wp-content\/uploads\/2016\/10\/liassidi-palace-0135.jpg"},{"@type":"BreadcrumbList","@id":"https:\/\/www.liassidipalacehotel.com\/fr\/hotel\/#breadcrumb","itemListElement":[{"@type":"ListItem","position":1,"name":"Home","item":"https:\/\/www.liassidipalacehotel.com\/fr\/"},{"@type":"ListItem","position":2,"name":"H\u00f4tel"}]},{"@type":"WebSite","@id":"https:\/\/www.liassidipalacehotel.com\/en\/#website","url":"https:\/\/www.liassidipalacehotel.com\/en\/","name":"Liassidi Palace Hotel","description":"Un nuovo sito targato WordPress","publisher":{"@id":"https:\/\/www.liassidipalacehotel.com\/en\/#organization"},"potentialAction":[{"@type":"SearchAction","target":{"@type":"EntryPoint","urlTemplate":"https:\/\/www.liassidipalacehotel.com\/en\/?s={search_term_string}"},"query-input":{"@type":"PropertyValueSpecification","valueRequired":true,"valueName":"search_term_string"}}],"inLanguage":"fr-FR"},{"@type":"Organization","@id":"https:\/\/www.liassidipalacehotel.com\/en\/#organization","name":"Liassidi Palace Hotel","url":"https:\/\/www.liassidipalacehotel.com\/en\/","logo":{"@type":"ImageObject","inLanguage":"fr-FR","@id":"https:\/\/www.liassidipalacehotel.com\/en\/#\/schema\/logo\/image\/","url":"https:\/\/www.liassidipalacehotel.com\/wp-content\/uploads\/2016\/09\/logo-liassidipalace-1.png","contentUrl":"https:\/\/www.liassidipalacehotel.com\/wp-content\/uploads\/2016\/09\/logo-liassidipalace-1.png","width":200,"height":200,"caption":"Liassidi Palace Hotel"},"image":{"@id":"https:\/\/www.liassidipalacehotel.com\/en\/#\/schema\/logo\/image\/"},"sameAs":["https:\/\/www.facebook.com\/Liassidi\/?fref=ts"]}]}},"_links":{"self":[{"href":"https:\/\/www.liassidipalacehotel.com\/fr\/wp-json\/wp\/v2\/pages\/337","targetHints":{"allow":["GET"]}}],"collection":[{"href":"https:\/\/www.liassidipalacehotel.com\/fr\/wp-json\/wp\/v2\/pages"}],"about":[{"href":"https:\/\/www.liassidipalacehotel.com\/fr\/wp-json\/wp\/v2\/types\/page"}],"author":[{"embeddable":true,"href":"https:\/\/www.liassidipalacehotel.com\/fr\/wp-json\/wp\/v2\/users\/1"}],"replies":[{"embeddable":true,"href":"https:\/\/www.liassidipalacehotel.com\/fr\/wp-json\/wp\/v2\/comments?post=337"}],"version-history":[{"count":2,"href":"https:\/\/www.liassidipalacehotel.com\/fr\/wp-json\/wp\/v2\/pages\/337\/revisions"}],"predecessor-version":[{"id":677,"href":"https:\/\/www.liassidipalacehotel.com\/fr\/wp-json\/wp\/v2\/pages\/337\/revisions\/677"}],"wp:attachment":[{"href":"https:\/\/www.liassidipalacehotel.com\/fr\/wp-json\/wp\/v2\/media?parent=337"}],"curies":[{"name":"wp","href":"https:\/\/api.w.org\/{rel}","templated":true}]}}