{"id":841,"date":"2017-08-03T09:32:07","date_gmt":"2017-08-03T07:32:07","guid":{"rendered":"https:\/\/www.liassidipalacehotel.com\/chambres-2\/"},"modified":"2017-08-03T09:32:07","modified_gmt":"2017-08-03T07:32:07","slug":"chambres-2","status":"publish","type":"page","link":"https:\/\/www.liassidipalacehotel.com\/fr\/chambres-2\/","title":{"rendered":"Chambres"},"content":{"rendered":"<p style=\"text-align: center;\">R\u00e9parties sur cinq \u00e9tages, les extraordinaires chambres du Liassidi Palace Hotel 4 \u00e9toiles se distinguent par leurs dimensions g\u00e9n\u00e9reuses et par un mobilier vari\u00e9 et recherch\u00e9, alliant le design contemporain et le XVIII<sup>e<\/sup> s. v\u00e9nitien. Notre \u00e9tablissement est l\u2019un des h\u00f4tels-boutiques les plus conviviaux de Venise.<\/p>\n<p style=\"text-align: center;\">Les meubles en ch\u00eane clair et en noyer italien et les fen\u00eatres, savamment d\u00e9cor\u00e9es de tentures en tissus pr\u00e9cieux, cr\u00e9ent une atmosph\u00e8re chaleureuse et mettent v\u00e9ritablement en valeur des objets de design contemporain et du XX<sup>e<\/sup> s. ainsi que de splendides copies de tableaux de ma\u00eetres du XX<sup>e<\/sup> s. (Gustav Klimt, Tamara De Lempicka, Amedeo Modigliani, Paul Gauguin, Andy Warhol, Claude Monet, Pablo Picasso, etc.).<\/p>\n<p style=\"text-align: center;\">Les chambres donnent sur le canal, certaines offrent m\u00eame un panorama unique sur le Bassin de Saint-Marc et sur l\u2019\u00e9glise de l\u2019\u00eele San Giorgio, d\u2019autres sur la splendide \u00e9glise San Giorgio dei Greci, sur le jardin int\u00e9rieur et sur les rues typiquement v\u00e9nitiennes.<\/p>\n<p style=\"text-align: center;\">Vous vous d\u00e9lasserez dans un cadre confortable. Votre chambre en parquet ou dallage v\u00e9nitien avec ses hauts plafonds, ses fen\u00eatres de style gothique et ses armoires d\u00e9cor\u00e9es de petits miroirs, est un v\u00e9ritable bijou d\u2019ameublement.<\/p>\n<p style=\"text-align: center;\">Parmi nos atouts, il faut \u00e9voquer les salles de bains, spacieuses, tr\u00e8s confortables dont les murs sont orn\u00e9s de mosa\u00efques \u00ab\u00a0Bisazza\u00a0\u00bb\u00a0; elles sont toutes dot\u00e9es d\u2019une baignoire jacuzzi avec hydromassage int\u00e9gr\u00e9 ou de cabines de douche avec douche \u00e9cossaise.<\/p>\n","protected":false},"excerpt":{"rendered":"<p>R\u00e9parties sur cinq \u00e9tages, les extraordinaires chambres du Liassidi Palace Hotel 4 \u00e9toiles se distinguent par leurs dimensions g\u00e9n\u00e9reuses et par un mobilier vari\u00e9 et recherch\u00e9, alliant le design contemporain et le XVIIIe s. v\u00e9nitien. Notre \u00e9tablissement est l\u2019un des h\u00f4tels-boutiques les plus conviviaux de Venise. Les meubles en ch\u00eane clair et en noyer italien et les fen\u00eatres, savamment d\u00e9cor\u00e9es de tentures en tissus pr\u00e9cieux,&#8230;<\/p>\n<p><a class=\"more-link\" href=\"https:\/\/www.liassidipalacehotel.com\/fr\/chambres-2\/\">Read More<\/a><\/p>\n","protected":false},"author":1,"featured_media":0,"parent":0,"menu_order":0,"comment_status":"closed","ping_status":"closed","template":"rooms.php","meta":{"footnotes":""},"class_list":["post-841","page","type-page","status-publish","hentry"],"yoast_head":"<!-- This site is optimized with the Yoast SEO plugin v25.3.1 - https:\/\/yoast.com\/wordpress\/plugins\/seo\/ -->\n<title>Chambres - Liassidi Palace Hotel<\/title>\n<meta name=\"robots\" content=\"index, follow, max-snippet:-1, max-image-preview:large, max-video-preview:-1\" \/>\n<link rel=\"canonical\" href=\"https:\/\/www.liassidipalacehotel.com\/fr\/chambres-2\/\" \/>\n<meta property=\"og:locale\" content=\"fr_FR\" \/>\n<meta property=\"og:type\" content=\"article\" \/>\n<meta property=\"og:title\" content=\"Chambres - Liassidi Palace Hotel\" \/>\n<meta property=\"og:description\" content=\"R\u00e9parties sur cinq \u00e9tages, les extraordinaires chambres du Liassidi Palace Hotel 4 \u00e9toiles se distinguent par leurs dimensions g\u00e9n\u00e9reuses et par un mobilier vari\u00e9 et recherch\u00e9, alliant le design contemporain et le XVIIIe s. v\u00e9nitien. Notre \u00e9tablissement est l\u2019un des h\u00f4tels-boutiques les plus conviviaux de Venise. Les meubles en ch\u00eane clair et en noyer italien et les fen\u00eatres, savamment d\u00e9cor\u00e9es de tentures en tissus pr\u00e9cieux,...Read More\" \/>\n<meta property=\"og:url\" content=\"https:\/\/www.liassidipalacehotel.com\/fr\/chambres-2\/\" \/>\n<meta property=\"og:site_name\" content=\"Liassidi Palace Hotel\" \/>\n<meta property=\"article:publisher\" content=\"https:\/\/www.facebook.com\/Liassidi\/?fref=ts\" \/>\n<meta name=\"twitter:card\" content=\"summary_large_image\" \/>\n<meta name=\"twitter:label1\" content=\"Dur\u00e9e de lecture estim\u00e9e\" \/>\n\t<meta name=\"twitter:data1\" content=\"1 minute\" \/>\n<script type=\"application\/ld+json\" class=\"yoast-schema-graph\">{\"@context\":\"https:\/\/schema.org\",\"@graph\":[{\"@type\":\"WebPage\",\"@id\":\"https:\/\/www.liassidipalacehotel.com\/fr\/chambres-2\/\",\"url\":\"https:\/\/www.liassidipalacehotel.com\/fr\/chambres-2\/\",\"name\":\"Chambres - Liassidi Palace Hotel\",\"isPartOf\":{\"@id\":\"https:\/\/www.liassidipalacehotel.com\/en\/#website\"},\"datePublished\":\"2017-08-03T07:32:07+00:00\",\"breadcrumb\":{\"@id\":\"https:\/\/www.liassidipalacehotel.com\/fr\/chambres-2\/#breadcrumb\"},\"inLanguage\":\"fr-FR\",\"potentialAction\":[{\"@type\":\"ReadAction\",\"target\":[\"https:\/\/www.liassidipalacehotel.com\/fr\/chambres-2\/\"]}]},{\"@type\":\"BreadcrumbList\",\"@id\":\"https:\/\/www.liassidipalacehotel.com\/fr\/chambres-2\/#breadcrumb\",\"itemListElement\":[{\"@type\":\"ListItem\",\"position\":1,\"name\":\"Home\",\"item\":\"https:\/\/www.liassidipalacehotel.com\/fr\/\"},{\"@type\":\"ListItem\",\"position\":2,\"name\":\"Chambres\"}]},{\"@type\":\"WebSite\",\"@id\":\"https:\/\/www.liassidipalacehotel.com\/en\/#website\",\"url\":\"https:\/\/www.liassidipalacehotel.com\/en\/\",\"name\":\"Liassidi Palace Hotel\",\"description\":\"Un nuovo sito targato WordPress\",\"publisher\":{\"@id\":\"https:\/\/www.liassidipalacehotel.com\/en\/#organization\"},\"potentialAction\":[{\"@type\":\"SearchAction\",\"target\":{\"@type\":\"EntryPoint\",\"urlTemplate\":\"https:\/\/www.liassidipalacehotel.com\/en\/?s={search_term_string}\"},\"query-input\":{\"@type\":\"PropertyValueSpecification\",\"valueRequired\":true,\"valueName\":\"search_term_string\"}}],\"inLanguage\":\"fr-FR\"},{\"@type\":\"Organization\",\"@id\":\"https:\/\/www.liassidipalacehotel.com\/en\/#organization\",\"name\":\"Liassidi Palace Hotel\",\"url\":\"https:\/\/www.liassidipalacehotel.com\/en\/\",\"logo\":{\"@type\":\"ImageObject\",\"inLanguage\":\"fr-FR\",\"@id\":\"https:\/\/www.liassidipalacehotel.com\/en\/#\/schema\/logo\/image\/\",\"url\":\"https:\/\/www.liassidipalacehotel.com\/wp-content\/uploads\/2016\/09\/logo-liassidipalace-1.png\",\"contentUrl\":\"https:\/\/www.liassidipalacehotel.com\/wp-content\/uploads\/2016\/09\/logo-liassidipalace-1.png\",\"width\":200,\"height\":200,\"caption\":\"Liassidi Palace Hotel\"},\"image\":{\"@id\":\"https:\/\/www.liassidipalacehotel.com\/en\/#\/schema\/logo\/image\/\"},\"sameAs\":[\"https:\/\/www.facebook.com\/Liassidi\/?fref=ts\"]}]}<\/script>\n<!-- \/ Yoast SEO plugin. -->","yoast_head_json":{"title":"Chambres - Liassidi Palace Hotel","robots":{"index":"index","follow":"follow","max-snippet":"max-snippet:-1","max-image-preview":"max-image-preview:large","max-video-preview":"max-video-preview:-1"},"canonical":"https:\/\/www.liassidipalacehotel.com\/fr\/chambres-2\/","og_locale":"fr_FR","og_type":"article","og_title":"Chambres - Liassidi Palace Hotel","og_description":"R\u00e9parties sur cinq \u00e9tages, les extraordinaires chambres du Liassidi Palace Hotel 4 \u00e9toiles se distinguent par leurs dimensions g\u00e9n\u00e9reuses et par un mobilier vari\u00e9 et recherch\u00e9, alliant le design contemporain et le XVIIIe s. v\u00e9nitien. Notre \u00e9tablissement est l\u2019un des h\u00f4tels-boutiques les plus conviviaux de Venise. Les meubles en ch\u00eane clair et en noyer italien et les fen\u00eatres, savamment d\u00e9cor\u00e9es de tentures en tissus pr\u00e9cieux,...Read More","og_url":"https:\/\/www.liassidipalacehotel.com\/fr\/chambres-2\/","og_site_name":"Liassidi Palace Hotel","article_publisher":"https:\/\/www.facebook.com\/Liassidi\/?fref=ts","twitter_card":"summary_large_image","twitter_misc":{"Dur\u00e9e de lecture estim\u00e9e":"1 minute"},"schema":{"@context":"https:\/\/schema.org","@graph":[{"@type":"WebPage","@id":"https:\/\/www.liassidipalacehotel.com\/fr\/chambres-2\/","url":"https:\/\/www.liassidipalacehotel.com\/fr\/chambres-2\/","name":"Chambres - Liassidi Palace Hotel","isPartOf":{"@id":"https:\/\/www.liassidipalacehotel.com\/en\/#website"},"datePublished":"2017-08-03T07:32:07+00:00","breadcrumb":{"@id":"https:\/\/www.liassidipalacehotel.com\/fr\/chambres-2\/#breadcrumb"},"inLanguage":"fr-FR","potentialAction":[{"@type":"ReadAction","target":["https:\/\/www.liassidipalacehotel.com\/fr\/chambres-2\/"]}]},{"@type":"BreadcrumbList","@id":"https:\/\/www.liassidipalacehotel.com\/fr\/chambres-2\/#breadcrumb","itemListElement":[{"@type":"ListItem","position":1,"name":"Home","item":"https:\/\/www.liassidipalacehotel.com\/fr\/"},{"@type":"ListItem","position":2,"name":"Chambres"}]},{"@type":"WebSite","@id":"https:\/\/www.liassidipalacehotel.com\/en\/#website","url":"https:\/\/www.liassidipalacehotel.com\/en\/","name":"Liassidi Palace Hotel","description":"Un nuovo sito targato WordPress","publisher":{"@id":"https:\/\/www.liassidipalacehotel.com\/en\/#organization"},"potentialAction":[{"@type":"SearchAction","target":{"@type":"EntryPoint","urlTemplate":"https:\/\/www.liassidipalacehotel.com\/en\/?s={search_term_string}"},"query-input":{"@type":"PropertyValueSpecification","valueRequired":true,"valueName":"search_term_string"}}],"inLanguage":"fr-FR"},{"@type":"Organization","@id":"https:\/\/www.liassidipalacehotel.com\/en\/#organization","name":"Liassidi Palace Hotel","url":"https:\/\/www.liassidipalacehotel.com\/en\/","logo":{"@type":"ImageObject","inLanguage":"fr-FR","@id":"https:\/\/www.liassidipalacehotel.com\/en\/#\/schema\/logo\/image\/","url":"https:\/\/www.liassidipalacehotel.com\/wp-content\/uploads\/2016\/09\/logo-liassidipalace-1.png","contentUrl":"https:\/\/www.liassidipalacehotel.com\/wp-content\/uploads\/2016\/09\/logo-liassidipalace-1.png","width":200,"height":200,"caption":"Liassidi Palace Hotel"},"image":{"@id":"https:\/\/www.liassidipalacehotel.com\/en\/#\/schema\/logo\/image\/"},"sameAs":["https:\/\/www.facebook.com\/Liassidi\/?fref=ts"]}]}},"_links":{"self":[{"href":"https:\/\/www.liassidipalacehotel.com\/fr\/wp-json\/wp\/v2\/pages\/841","targetHints":{"allow":["GET"]}}],"collection":[{"href":"https:\/\/www.liassidipalacehotel.com\/fr\/wp-json\/wp\/v2\/pages"}],"about":[{"href":"https:\/\/www.liassidipalacehotel.com\/fr\/wp-json\/wp\/v2\/types\/page"}],"author":[{"embeddable":true,"href":"https:\/\/www.liassidipalacehotel.com\/fr\/wp-json\/wp\/v2\/users\/1"}],"replies":[{"embeddable":true,"href":"https:\/\/www.liassidipalacehotel.com\/fr\/wp-json\/wp\/v2\/comments?post=841"}],"version-history":[{"count":0,"href":"https:\/\/www.liassidipalacehotel.com\/fr\/wp-json\/wp\/v2\/pages\/841\/revisions"}],"wp:attachment":[{"href":"https:\/\/www.liassidipalacehotel.com\/fr\/wp-json\/wp\/v2\/media?parent=841"}],"curies":[{"name":"wp","href":"https:\/\/api.w.org\/{rel}","templated":true}]}}