{"id":717,"date":"2017-05-19T09:08:56","date_gmt":"2017-05-19T07:08:56","guid":{"rendered":"http:\/\/www.liassidipalacehotel.com\/%e9%85%92%e5%ba%97%e8%af%a6%e6%83%85\/"},"modified":"2017-05-19T09:08:56","modified_gmt":"2017-05-19T07:08:56","slug":"%e9%85%92%e5%ba%97%e8%af%a6%e6%83%85","status":"publish","type":"page","link":"https:\/\/www.liassidipalacehotel.com\/zh-hans\/%e9%85%92%e5%ba%97%e8%af%a6%e6%83%85\/","title":{"rendered":"\u9152\u5e97\u8be6\u60c5"},"content":{"rendered":"<p style=\"text-align: center;\">\u56db\u661f\u7ea7\u7684Liassidi Palace\u9152\u5e97\u4f4d\u4e8e\u4e00\u5ea7\u5efa\u4e8e\u516c\u5143\u5341\u4e94\u4e16\u7eaa\u7684\u5927\u697c\u5f53\u4e2d\uff0c\u6bd7\u90bbSan Lorenzo \u2018dei Greci\u2019\u8fd0\u6cb3\u3002\u60a8\u4ece\u62b5\u8fbe\u9152\u5e97\u7684\u95e8\u53e3\u8d77\uff0c\u5c31\u4f1a\u6536\u5230\u5de5\u4f5c\u4eba\u5458\u7684\u793c\u8c8c\u6b22\u8fce\u3002\u5f97\u76ca\u4e8e\u201cClef D&#8217;Or\u201d\u793c\u5bbe\u670d\u52a1\uff0c\u9152\u5e97\u7684\u5de5\u4f5c\u4eba\u5458\u80fd\u591f\u59cb\u7ec8\u76f8\u5e94\u60a8\u5168\u592924\u5c0f\u65f6\u7684\u6240\u6709\u9700\u6c42\u3002<\/p>\n<p style=\"text-align: center;\">Palazzo Zorzi-Liassidi\u5927\u697c\u5185\u62e5\u6709\u9b45\u529b\u6c14\u6c1b\uff0c\u8981\u5f97\u76ca\u4e8e\u4f4d\u4e8e\u4e8c\u5c42\u7684\u5b8f\u4f1f\u5927\u5802\u548c\u97f3\u4e50\u5385\uff0c\u4ee5\u53ca\u7f8e\u5999\u7684\u5185\u90e8\u5ead\u9662\u548c\u8f89\u714c\u7684\u9648\u8bbe\uff0c\u8ba9\u4eba\u4eff\u4f5b\u7f6e\u8eab\u4e8e\u73b0\u4ee3\u548c\u5341\u516b\u4e16\u7eaa\u5a01\u5c3c\u65af\u7684\u8bbe\u8ba1\u98ce\u683c\u5f53\u4e2d\uff1a\u8ff7\u4eba\u7684\u6df7\u5408\u5143\u7d20\u5f25\u6f2b\u5728\u9152\u5e97\u7684\u6bcf\u4e00\u95f4\u5ba2\u623f\u4e4b\u4e2d\u3002<\/p>\n<p style=\"text-align: center;\">\u9ad8\u8038\u7684\u5929\u82b1\u677f\uff0c\u53ef\u89c1\u7684\u6a2a\u6881\u88c5\u9970\u548c\u539f\u59cb\u7684\u7a46\u62c9\u8bfa\u540a\u706f\uff0c\u4f18\u96c5\u7684\u5bb6\u5177\u548c\u8ff7\u4eba\u7684\u8fd0\u6cb3\u666f\u8272\uff0c\u8ba9\u9152\u5e97\u7684\u73af\u5883\u5145\u6ee1\u4e86\u72ec\u7279\u4e14\u4f18\u96c5\u7684\u6c1b\u56f4\u3002 \u9152\u5e97\u7684\u4e00\u5c42\u8bbe\u7f6e\u6709\u5165\u6c34\u53e3\uff0c\u53ef\u4ee5\u76f4\u63a5\u4e58\u8239\u8fdb\u5165San Lorenzo\u8fd0\u6cb3\u3002<\/p>\n<p style=\"text-align: center;\">\u4e24\u95f4\u53ef\u4ee5\u9886\u7565San Lorenzo\u8fd0\u6cb3\u98ce\u666f\uff0c\u5185\u90e8\u88c5\u4fee\u7cbe\u81f4\u7684\u65e9\u9910\u5385\u95f4\u540c\u6837\u4f4d\u4e8e\u4e00\u5c42\u3002\u5165\u4f4f\u7684\u5bbe\u5ba2\u53ef\u5728\u8fd9\u91cc\u4eab\u7528\u4e30\u5bcc\u751c\u54c1\u548c\u814c\u6e0d\u98df\u7269\u6784\u6210\u7684\u81ea\u52a9\u9910\u3002 \u5728\u9152\u5e97\u7684Liassidi Bar\u9152\u5427\uff0c\u5bbe\u5ba2\u4eec\u53ef\u5728\u6b64\u5c3d\u60c5\u4eab\u53d7\u62e5\u6709\u5a01\u5c3c\u65af\u4f20\u7edf\uff0c\u7531\u9152\u5e97\u7684\u9152\u4fdd\u7cbe\u5fc3\u5236\u4f5c\u7684\u9e21\u5c3e\u9152\u201cSpritz\u201d\u3002\u6b64\u5916\uff0c\u4f34\u7740\u8212\u7f13\u7684\u97f3\u4e50\u58f0\uff0c\u6216\u662f\u672c\u5730\u827a\u672f\u5bb6\u7684\u4e0d\u5b9a\u671f\u73b0\u573a\u6f14\u7ece\uff0c\u9152\u4fdd\u4eec\u8fd8\u5c06\u4e3a\u60a8\u5949\u4e0a\u5927\u676f\u51b7\u996e\u548c\u56fd\u9645\u6d41\u884c\u7684\u9e21\u5c3e\u9152\u3002<\/p>\n<p style=\"text-align: center;\">\u5927\u697c\u7684\u4e8c\u5c42\u8bbe\u7f6e\u6709\u4e00\u95f4\u4f18\u96c5\u7684\u4f1a\u5ba2\u5385\uff0c\u5185\u90e8\u60ac\u6302\u7740\u8bf8\u591a\u5a01\u5c3c\u65af\u753b\u6d3e\u5927\u5e08\u7684\u7ed8\u753b\u6770\u4f5c\u3002\u6b64\u5916\uff0c\u4e8c\u697c\u8fd8\u8bbe\u6709\u4e24\u95f4\u5c0f\u578b\u7684\u5de5\u4f5c\u4f1a\u8bae\u5ba4\uff0c\u7a7f\u8fc7\u4f1a\u8bae\u5ba4\u5373\u53ef\u8fdb\u5165\u5bbd\u655e\u7684\u4f1a\u8bae\u5927\u5385\u3002<\/p>\n<p style=\"text-align: center;\">\u9152\u5e97\u914d\u5907\u6709\u7535\u68af\u548c\u6b8b\u75be\u4eba\u4fbf\u5229\u8bbe\u65bd\uff0c\u786e\u4fdd\u8ba9\u6240\u6709\u5165\u4f4f\u7684\u5bbe\u5ba2\u80fd\u591f\u4fbf\u6377\u7684\u51fa\u5165\u9152\u5e97\u3002<\/p>\n<p style=\"text-align: center;\">\u6d3b\u8dc3\u5728LIASSIDI PALACE\u9152\u5e97\u4e2d\u7684\u827a\u672f<\/p>\n<p style=\"text-align: center;\">\u201c\u5728Liassidi Palace\u9152\u5e97\uff0c\u4eab\u53d7\u7f6e\u8eab\u4e8e\u827a\u672f\u4e8e\u5bb6\u7684\u611f\u89c9\uff01 \u6b22\u8fce\u5165\u4f4f\u62e5\u6709\u7f8e\u4e3d\u5ead\u9662\u548c\u54e5\u7279\u5f0f\u5927\u5802\u7684Liassidi Palace\u9152\u5e97\u3002\u9152\u5e97\u7684\u5927\u5802\u4e2d\u4f1a\u4e0d\u65f6\u4e3e\u529e\u73b0\u573a\u97f3\u4e50\u4f1a\u3001\u7ed8\u753b\u548c\u96d5\u5851\u827a\u672f\u5c55\u3002 \u5165\u4f4f\u4e8e\u6b64\uff0c\u5c06\u662f\u60a8\u6c89\u6d78\u5728\u5a01\u5c3c\u65af\u8ff7\u4eba\u6c14\u6c1b\uff0c\u6b23\u8d4f\u5a01\u5c3c\u65af\u548c\u56fd\u9645\u827a\u672f\u535a\u7269\u9986\u5408\u4f5c\u4e3e\u529e\u7684\u6709\u5173\u5176\u8f89\u714c\u5386\u53f2\u53ca\u5f53\u4ee3\u4e8b\u4ef6\u7684\u5c55\u89c8\uff0c\u9886\u7565\u5a01\u5c3c\u65af\u4e30\u5bcc\u6587\u5316\u5e95\u8574\u7684\u5951\u673a\u3002<\/p>\n<p style=\"text-align: center;\"><img loading=\"lazy\" decoding=\"async\" class=\"aligncenter size-full wp-image-106\" src=\"https:\/\/www.liassidipalacehotel.com\/wp-content\/uploads\/2016\/10\/liassidi-palace-0135.jpg\" alt=\"liassidi-palace-0135\" width=\"1200\" height=\"800\" srcset=\"https:\/\/www.liassidipalacehotel.com\/wp-content\/uploads\/2016\/10\/liassidi-palace-0135.jpg 1200w, https:\/\/www.liassidipalacehotel.com\/wp-content\/uploads\/2016\/10\/liassidi-palace-0135-300x200.jpg 300w, https:\/\/www.liassidipalacehotel.com\/wp-content\/uploads\/2016\/10\/liassidi-palace-0135-768x512.jpg 768w, https:\/\/www.liassidipalacehotel.com\/wp-content\/uploads\/2016\/10\/liassidi-palace-0135-1024x683.jpg 1024w\" sizes=\"auto, (max-width: 1200px) 100vw, 1200px\" \/><\/p>\n<blockquote><p>&#8220;\u2026 Venezia, la bella lusinghiera e ambigua, la citt\u00e0 met\u00e0 fiaba e met\u00e0 trappola, nella cui atmosfera corrotta l&#8217;arte un tempo si svilupp\u00f2 rigogliosa, e che sugger\u00ec ai musicisti melodie che cullano in sonni voluttuosi\u201d<br \/>\n(Thomas Mann).<\/p><\/blockquote>\n","protected":false},"excerpt":{"rendered":"<p>\u56db\u661f\u7ea7\u7684Liassidi Palace\u9152\u5e97\u4f4d\u4e8e\u4e00\u5ea7\u5efa\u4e8e\u516c\u5143\u5341\u4e94\u4e16\u7eaa\u7684\u5927\u697c\u5f53\u4e2d\uff0c\u6bd7\u90bbSan Lorenzo \u2018dei Greci\u2019\u8fd0&#8230;<\/p>\n<p><a class=\"more-link\" href=\"https:\/\/www.liassidipalacehotel.com\/zh-hans\/%e9%85%92%e5%ba%97%e8%af%a6%e6%83%85\/\">Read More<\/a><\/p>\n","protected":false},"author":1,"featured_media":0,"parent":0,"menu_order":0,"comment_status":"closed","ping_status":"closed","template":"","meta":{"footnotes":""},"class_list":["post-717","page","type-page","status-publish","hentry"],"yoast_head":"<!-- This site is optimized with the Yoast SEO plugin v25.3.1 - https:\/\/yoast.com\/wordpress\/plugins\/seo\/ -->\n<title>\u9152\u5e97\u8be6\u60c5 - Liassidi Palace Hotel<\/title>\n<meta name=\"robots\" content=\"index, follow, max-snippet:-1, max-image-preview:large, max-video-preview:-1\" \/>\n<link rel=\"canonical\" href=\"https:\/\/www.liassidipalacehotel.com\/zh-hans\/\u9152\u5e97\u8be6\u60c5\/\" \/>\n<meta property=\"og:locale\" content=\"zh_CN\" \/>\n<meta property=\"og:type\" content=\"article\" \/>\n<meta property=\"og:title\" content=\"\u9152\u5e97\u8be6\u60c5 - Liassidi Palace Hotel\" \/>\n<meta property=\"og:description\" content=\"\u56db\u661f\u7ea7\u7684Liassidi Palace\u9152\u5e97\u4f4d\u4e8e\u4e00\u5ea7\u5efa\u4e8e\u516c\u5143\u5341\u4e94\u4e16\u7eaa\u7684\u5927\u697c\u5f53\u4e2d\uff0c\u6bd7\u90bbSan Lorenzo \u2018dei Greci\u2019\u8fd0...Read More\" \/>\n<meta property=\"og:url\" content=\"https:\/\/www.liassidipalacehotel.com\/zh-hans\/\u9152\u5e97\u8be6\u60c5\/\" \/>\n<meta property=\"og:site_name\" content=\"Liassidi Palace Hotel\" \/>\n<meta property=\"article:publisher\" content=\"https:\/\/www.facebook.com\/Liassidi\/?fref=ts\" \/>\n<meta property=\"og:image\" content=\"https:\/\/www.liassidipalacehotel.com\/wp-content\/uploads\/2016\/10\/liassidi-palace-0135.jpg\" \/>\n\t<meta property=\"og:image:width\" content=\"1200\" \/>\n\t<meta property=\"og:image:height\" content=\"800\" \/>\n\t<meta property=\"og:image:type\" content=\"image\/jpeg\" \/>\n<meta name=\"twitter:card\" content=\"summary_large_image\" \/>\n<script type=\"application\/ld+json\" class=\"yoast-schema-graph\">{\"@context\":\"https:\/\/schema.org\",\"@graph\":[{\"@type\":\"WebPage\",\"@id\":\"https:\/\/www.liassidipalacehotel.com\/zh-hans\/%e9%85%92%e5%ba%97%e8%af%a6%e6%83%85\/\",\"url\":\"https:\/\/www.liassidipalacehotel.com\/zh-hans\/%e9%85%92%e5%ba%97%e8%af%a6%e6%83%85\/\",\"name\":\"\u9152\u5e97\u8be6\u60c5 - Liassidi Palace Hotel\",\"isPartOf\":{\"@id\":\"https:\/\/www.liassidipalacehotel.com\/en\/#website\"},\"primaryImageOfPage\":{\"@id\":\"https:\/\/www.liassidipalacehotel.com\/zh-hans\/%e9%85%92%e5%ba%97%e8%af%a6%e6%83%85\/#primaryimage\"},\"image\":{\"@id\":\"https:\/\/www.liassidipalacehotel.com\/zh-hans\/%e9%85%92%e5%ba%97%e8%af%a6%e6%83%85\/#primaryimage\"},\"thumbnailUrl\":\"https:\/\/www.liassidipalacehotel.com\/wp-content\/uploads\/2016\/10\/liassidi-palace-0135.jpg\",\"datePublished\":\"2017-05-19T07:08:56+00:00\",\"breadcrumb\":{\"@id\":\"https:\/\/www.liassidipalacehotel.com\/zh-hans\/%e9%85%92%e5%ba%97%e8%af%a6%e6%83%85\/#breadcrumb\"},\"inLanguage\":\"zh-Hans\",\"potentialAction\":[{\"@type\":\"ReadAction\",\"target\":[\"https:\/\/www.liassidipalacehotel.com\/zh-hans\/%e9%85%92%e5%ba%97%e8%af%a6%e6%83%85\/\"]}]},{\"@type\":\"ImageObject\",\"inLanguage\":\"zh-Hans\",\"@id\":\"https:\/\/www.liassidipalacehotel.com\/zh-hans\/%e9%85%92%e5%ba%97%e8%af%a6%e6%83%85\/#primaryimage\",\"url\":\"https:\/\/www.liassidipalacehotel.com\/wp-content\/uploads\/2016\/10\/liassidi-palace-0135.jpg\",\"contentUrl\":\"https:\/\/www.liassidipalacehotel.com\/wp-content\/uploads\/2016\/10\/liassidi-palace-0135.jpg\"},{\"@type\":\"BreadcrumbList\",\"@id\":\"https:\/\/www.liassidipalacehotel.com\/zh-hans\/%e9%85%92%e5%ba%97%e8%af%a6%e6%83%85\/#breadcrumb\",\"itemListElement\":[{\"@type\":\"ListItem\",\"position\":1,\"name\":\"Home\",\"item\":\"https:\/\/www.liassidipalacehotel.com\/zh-hans\/\"},{\"@type\":\"ListItem\",\"position\":2,\"name\":\"\u9152\u5e97\u8be6\u60c5\"}]},{\"@type\":\"WebSite\",\"@id\":\"https:\/\/www.liassidipalacehotel.com\/en\/#website\",\"url\":\"https:\/\/www.liassidipalacehotel.com\/en\/\",\"name\":\"Liassidi Palace Hotel\",\"description\":\"Un nuovo sito targato WordPress\",\"publisher\":{\"@id\":\"https:\/\/www.liassidipalacehotel.com\/en\/#organization\"},\"potentialAction\":[{\"@type\":\"SearchAction\",\"target\":{\"@type\":\"EntryPoint\",\"urlTemplate\":\"https:\/\/www.liassidipalacehotel.com\/en\/?s={search_term_string}\"},\"query-input\":{\"@type\":\"PropertyValueSpecification\",\"valueRequired\":true,\"valueName\":\"search_term_string\"}}],\"inLanguage\":\"zh-Hans\"},{\"@type\":\"Organization\",\"@id\":\"https:\/\/www.liassidipalacehotel.com\/en\/#organization\",\"name\":\"Liassidi Palace Hotel\",\"url\":\"https:\/\/www.liassidipalacehotel.com\/en\/\",\"logo\":{\"@type\":\"ImageObject\",\"inLanguage\":\"zh-Hans\",\"@id\":\"https:\/\/www.liassidipalacehotel.com\/en\/#\/schema\/logo\/image\/\",\"url\":\"https:\/\/www.liassidipalacehotel.com\/wp-content\/uploads\/2016\/09\/logo-liassidipalace-1.png\",\"contentUrl\":\"https:\/\/www.liassidipalacehotel.com\/wp-content\/uploads\/2016\/09\/logo-liassidipalace-1.png\",\"width\":200,\"height\":200,\"caption\":\"Liassidi Palace Hotel\"},\"image\":{\"@id\":\"https:\/\/www.liassidipalacehotel.com\/en\/#\/schema\/logo\/image\/\"},\"sameAs\":[\"https:\/\/www.facebook.com\/Liassidi\/?fref=ts\"]}]}<\/script>\n<!-- \/ Yoast SEO plugin. -->","yoast_head_json":{"title":"\u9152\u5e97\u8be6\u60c5 - Liassidi Palace Hotel","robots":{"index":"index","follow":"follow","max-snippet":"max-snippet:-1","max-image-preview":"max-image-preview:large","max-video-preview":"max-video-preview:-1"},"canonical":"https:\/\/www.liassidipalacehotel.com\/zh-hans\/\u9152\u5e97\u8be6\u60c5\/","og_locale":"zh_CN","og_type":"article","og_title":"\u9152\u5e97\u8be6\u60c5 - Liassidi Palace Hotel","og_description":"\u56db\u661f\u7ea7\u7684Liassidi Palace\u9152\u5e97\u4f4d\u4e8e\u4e00\u5ea7\u5efa\u4e8e\u516c\u5143\u5341\u4e94\u4e16\u7eaa\u7684\u5927\u697c\u5f53\u4e2d\uff0c\u6bd7\u90bbSan Lorenzo \u2018dei Greci\u2019\u8fd0...Read More","og_url":"https:\/\/www.liassidipalacehotel.com\/zh-hans\/\u9152\u5e97\u8be6\u60c5\/","og_site_name":"Liassidi Palace Hotel","article_publisher":"https:\/\/www.facebook.com\/Liassidi\/?fref=ts","og_image":[{"width":1200,"height":800,"url":"https:\/\/www.liassidipalacehotel.com\/wp-content\/uploads\/2016\/10\/liassidi-palace-0135.jpg","type":"image\/jpeg"}],"twitter_card":"summary_large_image","schema":{"@context":"https:\/\/schema.org","@graph":[{"@type":"WebPage","@id":"https:\/\/www.liassidipalacehotel.com\/zh-hans\/%e9%85%92%e5%ba%97%e8%af%a6%e6%83%85\/","url":"https:\/\/www.liassidipalacehotel.com\/zh-hans\/%e9%85%92%e5%ba%97%e8%af%a6%e6%83%85\/","name":"\u9152\u5e97\u8be6\u60c5 - Liassidi Palace Hotel","isPartOf":{"@id":"https:\/\/www.liassidipalacehotel.com\/en\/#website"},"primaryImageOfPage":{"@id":"https:\/\/www.liassidipalacehotel.com\/zh-hans\/%e9%85%92%e5%ba%97%e8%af%a6%e6%83%85\/#primaryimage"},"image":{"@id":"https:\/\/www.liassidipalacehotel.com\/zh-hans\/%e9%85%92%e5%ba%97%e8%af%a6%e6%83%85\/#primaryimage"},"thumbnailUrl":"https:\/\/www.liassidipalacehotel.com\/wp-content\/uploads\/2016\/10\/liassidi-palace-0135.jpg","datePublished":"2017-05-19T07:08:56+00:00","breadcrumb":{"@id":"https:\/\/www.liassidipalacehotel.com\/zh-hans\/%e9%85%92%e5%ba%97%e8%af%a6%e6%83%85\/#breadcrumb"},"inLanguage":"zh-Hans","potentialAction":[{"@type":"ReadAction","target":["https:\/\/www.liassidipalacehotel.com\/zh-hans\/%e9%85%92%e5%ba%97%e8%af%a6%e6%83%85\/"]}]},{"@type":"ImageObject","inLanguage":"zh-Hans","@id":"https:\/\/www.liassidipalacehotel.com\/zh-hans\/%e9%85%92%e5%ba%97%e8%af%a6%e6%83%85\/#primaryimage","url":"https:\/\/www.liassidipalacehotel.com\/wp-content\/uploads\/2016\/10\/liassidi-palace-0135.jpg","contentUrl":"https:\/\/www.liassidipalacehotel.com\/wp-content\/uploads\/2016\/10\/liassidi-palace-0135.jpg"},{"@type":"BreadcrumbList","@id":"https:\/\/www.liassidipalacehotel.com\/zh-hans\/%e9%85%92%e5%ba%97%e8%af%a6%e6%83%85\/#breadcrumb","itemListElement":[{"@type":"ListItem","position":1,"name":"Home","item":"https:\/\/www.liassidipalacehotel.com\/zh-hans\/"},{"@type":"ListItem","position":2,"name":"\u9152\u5e97\u8be6\u60c5"}]},{"@type":"WebSite","@id":"https:\/\/www.liassidipalacehotel.com\/en\/#website","url":"https:\/\/www.liassidipalacehotel.com\/en\/","name":"Liassidi Palace Hotel","description":"Un nuovo sito targato WordPress","publisher":{"@id":"https:\/\/www.liassidipalacehotel.com\/en\/#organization"},"potentialAction":[{"@type":"SearchAction","target":{"@type":"EntryPoint","urlTemplate":"https:\/\/www.liassidipalacehotel.com\/en\/?s={search_term_string}"},"query-input":{"@type":"PropertyValueSpecification","valueRequired":true,"valueName":"search_term_string"}}],"inLanguage":"zh-Hans"},{"@type":"Organization","@id":"https:\/\/www.liassidipalacehotel.com\/en\/#organization","name":"Liassidi Palace Hotel","url":"https:\/\/www.liassidipalacehotel.com\/en\/","logo":{"@type":"ImageObject","inLanguage":"zh-Hans","@id":"https:\/\/www.liassidipalacehotel.com\/en\/#\/schema\/logo\/image\/","url":"https:\/\/www.liassidipalacehotel.com\/wp-content\/uploads\/2016\/09\/logo-liassidipalace-1.png","contentUrl":"https:\/\/www.liassidipalacehotel.com\/wp-content\/uploads\/2016\/09\/logo-liassidipalace-1.png","width":200,"height":200,"caption":"Liassidi Palace Hotel"},"image":{"@id":"https:\/\/www.liassidipalacehotel.com\/en\/#\/schema\/logo\/image\/"},"sameAs":["https:\/\/www.facebook.com\/Liassidi\/?fref=ts"]}]}},"_links":{"self":[{"href":"https:\/\/www.liassidipalacehotel.com\/zh-hans\/wp-json\/wp\/v2\/pages\/717","targetHints":{"allow":["GET"]}}],"collection":[{"href":"https:\/\/www.liassidipalacehotel.com\/zh-hans\/wp-json\/wp\/v2\/pages"}],"about":[{"href":"https:\/\/www.liassidipalacehotel.com\/zh-hans\/wp-json\/wp\/v2\/types\/page"}],"author":[{"embeddable":true,"href":"https:\/\/www.liassidipalacehotel.com\/zh-hans\/wp-json\/wp\/v2\/users\/1"}],"replies":[{"embeddable":true,"href":"https:\/\/www.liassidipalacehotel.com\/zh-hans\/wp-json\/wp\/v2\/comments?post=717"}],"version-history":[{"count":0,"href":"https:\/\/www.liassidipalacehotel.com\/zh-hans\/wp-json\/wp\/v2\/pages\/717\/revisions"}],"wp:attachment":[{"href":"https:\/\/www.liassidipalacehotel.com\/zh-hans\/wp-json\/wp\/v2\/media?parent=717"}],"curies":[{"name":"wp","href":"https:\/\/api.w.org\/{rel}","templated":true}]}}